{"id":1184,"date":"2016-08-09T10:58:45","date_gmt":"2016-08-09T08:58:45","guid":{"rendered":"http:\/\/gay-tantra-shop.eu\/?page_id=1184"},"modified":"2023-08-01T15:15:42","modified_gmt":"2023-08-01T13:15:42","slug":"news","status":"publish","type":"page","link":"https:\/\/gay-tantra-shop.com\/de\/news\/","title":{"rendered":"Newsletter"},"content":{"rendered":"<div class=\"wp-block-columns is-layout-flex wp-container-core-columns-is-layout-9d6595d7 wp-block-columns-is-layout-flex\">\n<div class=\"wp-block-column is-layout-flow wp-block-column-is-layout-flow\">\n<h2 class=\"wp-block-heading\">Beginne Deine Reise mit GAY-TANTRA<sup>\u00ae<\/sup>&nbsp;und bestelle unseren spannenden Newsletter.<\/h2>\n\n\n\n<p>Sichere Dir damit Informationen aus erster Hand:<\/p>\n\n\n\n<ul class=\"wp-block-list\">\n<li>\u00fcber die kommenden Workshops, Seminare, Trainings und Ausbildungen<\/li>\n\n\n\n<li>\u00fcber neue GAY-TANTRA<sup>\u00ae<\/sup>&nbsp;Filme und Angebote<\/li>\n\n\n\n<li>\u00fcber Special Events und Informationsabende<\/li>\n\n\n\n<li>zu Erm\u00e4\u00dfigungen f\u00fcr Fr\u00fchbucher und anderen m\u00f6glichen Rabatten<\/li>\n<\/ul>\n\n\n\n<p>Wir freuen uns darauf, mit Dir in Kontakt zu sein.<\/p>\n<\/div>\n\n\n\n<div class=\"wp-block-column is-layout-flow wp-block-column-is-layout-flow\">\n<\/div>\n<\/div>\n\n\n\n<div class=\"wp-block-columns is-layout-flex wp-container-core-columns-is-layout-9d6595d7 wp-block-columns-is-layout-flex\"><\/div>","protected":false},"excerpt":{"rendered":"<p>Beginne Deine Reise mit GAY-TANTRA\u00ae&nbsp;und bestelle unseren spannenden Newsletter. Sichere Dir damit Informationen aus erster Hand: Wir freuen uns darauf, mit Dir in Kontakt zu sein.<\/p>\n","protected":false},"author":1,"featured_media":0,"parent":0,"menu_order":0,"comment_status":"closed","ping_status":"closed","template":"page-templates\/tpl-news.php","meta":{"footnotes":""},"class_list":["post-1184","page","type-page","status-publish","hentry"],"aioseo_notices":[],"_links":{"self":[{"href":"https:\/\/gay-tantra-shop.com\/de\/wp-json\/wp\/v2\/pages\/1184","targetHints":{"allow":["GET"]}}],"collection":[{"href":"https:\/\/gay-tantra-shop.com\/de\/wp-json\/wp\/v2\/pages"}],"about":[{"href":"https:\/\/gay-tantra-shop.com\/de\/wp-json\/wp\/v2\/types\/page"}],"author":[{"embeddable":true,"href":"https:\/\/gay-tantra-shop.com\/de\/wp-json\/wp\/v2\/users\/1"}],"replies":[{"embeddable":true,"href":"https:\/\/gay-tantra-shop.com\/de\/wp-json\/wp\/v2\/comments?post=1184"}],"version-history":[{"count":30,"href":"https:\/\/gay-tantra-shop.com\/de\/wp-json\/wp\/v2\/pages\/1184\/revisions"}],"predecessor-version":[{"id":6300,"href":"https:\/\/gay-tantra-shop.com\/de\/wp-json\/wp\/v2\/pages\/1184\/revisions\/6300"}],"wp:attachment":[{"href":"https:\/\/gay-tantra-shop.com\/de\/wp-json\/wp\/v2\/media?parent=1184"}],"curies":[{"name":"wp","href":"https:\/\/api.w.org\/{rel}","templated":true}]}}