{"id":154,"date":"2016-05-19T16:54:08","date_gmt":"2016-05-19T14:54:08","guid":{"rendered":"http:\/\/gay-tantra-shop.eu\/?page_id=154"},"modified":"2016-11-07T13:25:00","modified_gmt":"2016-11-07T12:25:00","slug":"kalender","status":"publish","type":"page","link":"https:\/\/gay-tantra-shop.com\/de\/kalender\/","title":{"rendered":"KALENDER"},"content":{"rendered":"<p><\/p>\n<h2>GAY-TANTRA Seminarkalender International<\/h2>\n<p>Armin Heining, Leiter der GAY-TANTRA Ausbildungen, ist Masseur und Inhaber der GAY-TANTRA Oase Berlin und auch als Coach und Trainer national und international t\u00e4tig. Seine Termine findest Du im Kalender:<\/p>\n<div class=\"gt_kalender_legende\">\n<p><span class=\"symbol1\">Feuer<\/span><span class=\"rot\">rot<\/span>markiert weisen sie auf hochenergetische Seminare zur sexuellen Befreiung,<br \/>\n<span class=\"symbol2\">Erde<\/span><span class=\"lila\">lila<\/span>markiert auf Retreats zur Auffindung innerer Ruhe,<br \/>\n<span class=\"symbol3\">Wasser<\/span><span class=\"blau\">blau<\/span>auf Veranstaltungen, um Wohlbefinden, N\u00e4he und Ber\u00fchrung zu f\u00f6rdern,<br \/>\n<span class=\"symbol4\">Luft<\/span><span class=\"tuerkis\">t\u00fcrkis<\/span>auf die Verbindung tantrischer Lebensweise mit Freizeit.<\/p>\n<\/div>\n<p>Um mehr zu erfahren, klicke auf den markierten Event.<\/p>\n<p><\/p>","protected":false},"excerpt":{"rendered":"<p>GAY-TANTRA Seminarkalender International Armin Heining, Leiter der GAY-TANTRA Ausbildungen, ist Masseur und Inhaber der GAY-TANTRA Oase Berlin und auch als Coach und Trainer national und international t\u00e4tig. Seine Termine findest Du im Kalender: Feuerrotmarkiert weisen sie auf hochenergetische Seminare zur sexuellen Befreiung, Erdelilamarkiert auf Retreats zur Auffindung innerer Ruhe, Wasserblauauf Veranstaltungen, um Wohlbefinden, N\u00e4he und [&hellip;]<\/p>\n","protected":false},"author":1,"featured_media":0,"parent":0,"menu_order":0,"comment_status":"closed","ping_status":"closed","template":"page-templates\/tpl-kalender.php","meta":{"footnotes":""},"class_list":["post-154","page","type-page","status-publish","hentry"],"aioseo_notices":[],"_links":{"self":[{"href":"https:\/\/gay-tantra-shop.com\/de\/wp-json\/wp\/v2\/pages\/154","targetHints":{"allow":["GET"]}}],"collection":[{"href":"https:\/\/gay-tantra-shop.com\/de\/wp-json\/wp\/v2\/pages"}],"about":[{"href":"https:\/\/gay-tantra-shop.com\/de\/wp-json\/wp\/v2\/types\/page"}],"author":[{"embeddable":true,"href":"https:\/\/gay-tantra-shop.com\/de\/wp-json\/wp\/v2\/users\/1"}],"replies":[{"embeddable":true,"href":"https:\/\/gay-tantra-shop.com\/de\/wp-json\/wp\/v2\/comments?post=154"}],"version-history":[{"count":15,"href":"https:\/\/gay-tantra-shop.com\/de\/wp-json\/wp\/v2\/pages\/154\/revisions"}],"predecessor-version":[{"id":1292,"href":"https:\/\/gay-tantra-shop.com\/de\/wp-json\/wp\/v2\/pages\/154\/revisions\/1292"}],"wp:attachment":[{"href":"https:\/\/gay-tantra-shop.com\/de\/wp-json\/wp\/v2\/media?parent=154"}],"curies":[{"name":"wp","href":"https:\/\/api.w.org\/{rel}","templated":true}]}}