{"id":333,"date":"2016-05-30T09:45:05","date_gmt":"2016-05-30T07:45:05","guid":{"rendered":"http:\/\/gay-tantra-shop.eu\/agb\/"},"modified":"2026-03-07T12:55:57","modified_gmt":"2026-03-07T11:55:57","slug":"agb","status":"publish","type":"page","link":"https:\/\/gay-tantra-shop.com\/de\/agb\/","title":{"rendered":"AGB"},"content":{"rendered":"<p><\/p>\n<div class=\"wrapper\">\n<h3>\u00a71 Vertragsparteien, Zustandekommen des Vertrages, Einbeziehung der AGB<\/h3>\n<p>1. Der Vertrag kommt zwischen dir und Armin Heining, GAY-TANTRA<sup>\u00ae<\/sup> International, Mehringdamm 32-34, 10961 Berlin, USt-IdNr: DE256243196 zustande. Der Versand der Waren erfolgt von obiger Adresse. 2. Der Vertrag kommt durch ein Angebot deinerseits (&#8222;Jetzt Kaufen&#8220;) und durch Annahme seitens GAY-TANTRA<sup>\u00ae<\/sup> zustande. 3. Angebot: Durch Dr\u00fccken des Buttons &#8222;Jetzt Kaufen&#8220; auf der Seite &#8222;Warenkorb&#8220; wird dein Angebot, so wie es von dir auf der Bestellseite eingesehen werden kann, zum Bezahlen weitergeleitet. 4. Annahme: Die Annahme seitens GAY-TANTRA<sup>\u00ae<\/sup> erfolgt entweder durch Zusenden der Ware bzw. der Bereitstellung des Download-Produktes oder durch eine Best\u00e4tigung per Email, falls die Ware nicht sofort lieferbar ist. Eine Best\u00e4tigung per Email kann nur erfolgen, wenn du deine g\u00fcltige Email auf der Bestellung angegeben hast. 5. Sofern die Ware bzw. der Download nicht verf\u00fcgbar ist, kommt diesbez\u00fcglich kein Vertrag zustande. Wir werden dich dann unverz\u00fcglich informieren und ggf. bereits geleistete Zahlungen zur\u00fcckerstatten. 6. Besonders gekennzeichnete Ware* bzw. Download erfordert einen Altersnachweis durch ein Amtliches Dokument. Du sendest dies als Scan per E-Mail an info@gay-tantra.de. 7. Diese Allgemeinen Gesch\u00e4ftsbedingungen werden Bestandteil jedes Vertrages, soweit nichts anderes vereinbart wurde. <\/div>  <article class=\"content-grau\"><div class=\"wrapper\"><\/p>\n<h3>\u00a72 Preise<\/h3>\n<p>1. Unsere Preise sind Endpreise und enthalten die gesetzliche Mehrwertsteuer (ausgenommen Bestellungen aus einem Drittland). 2. Der Gesamtpreis setzt sich aus den Preisen der von dir gew\u00e4hlten Produkte und den Versandkosten zusammen. Beachte dabei \u00a76 dieser AGB bez\u00fcglich der Versandkosten und \u00a74 (5) bez\u00fcglich R\u00fccklastschrift. <\/div><\/article> <div class=\"wrapper\"><\/p>\n<h3>\u00a73 Widerrufs- und R\u00fccktrittsrecht<\/h3>\n<p>1. Als Verbraucher bist du innerhalb von 14 Tagen nach Vertragsabschluss berechtigt ohne Angabe von Gr\u00fcnden den Vertrag zu widerrufen. F\u00fcr die Wahrung der Frist gen\u00fcgt die rechtzeitige Absendung des Widerrufs. Der Widerruf bedarf keiner bestimmten Form und kann auch durch die R\u00fccksendung der Ware zusammen mit der Rechnung erfolgen. Die Ware muss sich in einwandfreiem Zustand befinden und ordentlich verpackt, vollst\u00e4ndig und ungebraucht sein. 2. Das Widerrufsrecht besteht nicht bei Lieferung von Audio- oder Videoaufzeichnungen (CDs, DVDs, Blu-ray) falls diese von dir entsiegelt wurden. 3. Der Widerruf ist an Armin Heining, GAY-TANTRA<sup>\u00ae<\/sup> International, Mehringdamm 32-34, 10961 Berlin zu richten, kann aber, wenn Sie dies w\u00fcnschen, auch telefonisch unter +49 170 4975241 erfolgen. 4. Im Falle Widerrufs bitten wir Sie, die Waren frei an Armin Heining, GAY-TANTRA<sup>\u00ae<\/sup> International, Mehringdamm 32-34, 10961 Berlin, zur\u00fcckzusenden. Bitte gib deine Bankverbindung f\u00fcr eine z\u00fcgige R\u00fcckzahlung an. 5. Bis zu einem Bestellbetrag von EUR 40 sind die R\u00fccksendekosten von dir zu tragen, es sei denn, dass die von uns gelieferte Ware nicht dieser von dir bestellten entspricht. Bei einem Bestellbetrag von \u00fcber EUR 40 erstattet GAY-TANTRA<sup>\u00ae<\/sup> die R\u00fccksendekosten. Die R\u00fccksendung erfolgt auf Gefahr von GAY-TANTRA<sup>\u00ae<\/sup>. Bitte schicke uns keine unfreien Sendungen, denn diese haben h\u00f6here Portokosten zur Folge und werden von uns nicht angenommen. 6. Mit Bestellung eines Download-Produktes stimmst du, der Verbraucher zu, dieses Produkt innerhalb von 14 Tagen, vor Ablauf der Widerrufsfrist, heruntergeladen zu haben. Mit Beginn der Ausf\u00fchrung erlischt das Widerrufsrecht. 7.Gerichtsstand ist Berlin \/ Deutschland <\/div>  <article class=\"content-grau\"><div class=\"wrapper\"><\/p>\n<h3>\u00a74 Zusendung der Ware, Vertragsabwicklung, Zahlung<\/h3>\n<p>1. Download-Produkte stehen dir nach erfolgter Zahlung sofort zum Download zur Verf\u00fcgung. 2. Die Zusendung physischer Waren erfolgt bei Lieferbarkeit innerhalb von 2-14 Werktagen. Solltest du die Ware zu einem bestimmten Zeitpunkt ben\u00f6tigen, so gib dies bitte bei der Bestellung an. 3. Sollten einzelne Waren nicht lieferbar sein, so erh\u00e4ltst du zun\u00e4chst die lieferbaren Waren. Die Nachlieferung(en) erh\u00e4ltst du bei Verf\u00fcgbarkeit, wobei wir die Versandkosten f\u00fcr die Nachlieferungen \u00fcbernehmen. 4. Bez\u00fcglich der Zahlung werden dir mehrere M\u00f6glichkeiten in Abh\u00e4ngigkeit Ihres Landes angeboten. 5. Eventuell entstehende Geb\u00fchren bei fehlerhafter Angabe von Zahlungsverbindungen beim Lastschriftverfahren sind vom Verbraucher zu tragen. <\/div><\/article> <div class=\"wrapper\"><\/p>\n<h3>\u00a75 Datenschutz<\/h3>\n<p>1. Die von dir eingegebenen Daten werden von uns nicht an Dritte weitergegeben, es sei denn, dies ist zur Bestellungsverarbeitung zwingend erforderlich. 2. Zwingend erforderlich ist z.B. die Weitergabe deiner Anschrift zum Zwecke des Paketversands an Transportunternehmen oder die Weitergabe deiner Kontodaten an unsere Bank. 3. Deine pers\u00f6nlichen Daten werden von uns ausschlie\u00dflich zur Abwicklung der Bestellung und zu keinen anderen Zwecken eingesetzt. <\/div>  <article class=\"content-grau\"><div class=\"wrapper\"><\/p>\n<h3>\u00a76 Versandkosten<\/h3>\n<p>1. F\u00fcr digitale Produkte (E-Books, MP3-, .zip-Downloads, &#8230;) entfallen keine Versandkosten. 2. F\u00fcr physische Waren betragen die Versandkosten f\u00fcr Deutschland bis zu einem Bestellwert von EUR 100 pauschal EUR 4,50. Bei einem h\u00f6heren Bestellwert liefern wir versandkostenfrei. 3. Die Versandkosten ins europ\u00e4ische Ausland betragen bis zu einem Bestellwert von EUR 100 pauschal EUR 10,00, bei einem h\u00f6heren Bestellwert EUR 12,50. 4. Die Versandkosten Welt\/International betragen bis zu einem Bestellwert von EUR 100 pauschal EUR 15,00, bei einem h\u00f6heren Bestellwert EUR 28,00. <\/div><\/article> <div class=\"wrapper\"><\/p>\n<h3>\u00a77 Lizenzen f\u00fcr Downloads<\/h3>\n<p>Der Kunde kann Lizenzen f\u00fcr Downloads entgeltlich oder unentgeltlich erwerben und diese auf Endger\u00e4te seiner Wahl, z.B. eReader, Smartphone, downloaden. F\u00fcr die Nutzung ben\u00f6tigt der Kunde bestimmte Systemvoraussetzungen und Wiedergabe-Software, z.B. den eReader. Ggf. anfallende Verbindungskosten sind vom Kunden an seinen Diensteanbieter gesondert zu verg\u00fcten. <\/div>  <article class=\"content-grau\"><div class=\"wrapper\"><\/p>\n<h3>\u00a78 Urheberrecht bei Downloads<\/h3>\n<p>1. Die Downloads sind urheberrechtlich gesch\u00fctzt. GAY-TANTRA<sup>\u00ae<\/sup> verschafft dir, dem Kunden, an Downloads kein Eigentum. Du erh\u00e4ltst das einfache, nicht \u00fcbertragbare Recht, die angebotenen Titel zum ausschlie\u00dflich pers\u00f6nlichen Gebrauch gem\u00e4\u00df Urheberrechtsgesetz in der jeweils angebotenen Art und Weise zu nutzen. 2. Dir wird gestattet, Downloads einmalig herunterzuladen und ausschlie\u00dflich f\u00fcr den pers\u00f6nlichen Gebrauch auf eigene Endger\u00e4te deiner Wahl zu kopieren. Dar\u00fcber hinaus ist es nicht gestattet, Downloads in irgendeiner Weise inhaltlich oder redaktionell zu \u00e4ndern oder ge\u00e4nderte Versionen zu benutzen, sie f\u00fcr Dritte zu kopieren, \u00f6ffentlich zug\u00e4nglich zu machen bzw. weiterzuleiten, im Internet oder in andere Netzwerke entgeltlich oder unentgeltlich einzustellen, sie nachzuahmen, auszudrucken, weiterzuverkaufen oder f\u00fcr kommerzielle Zwecke zu nutzen. 3. Soweit m\u00f6glich wird GAY-TANTRA<sup>\u00ae<\/sup>, Armin Heining, dem Kunden weitere Downloads nach dem ersten vollst\u00e4ndig erfolgten Download (Re-Downloads) erm\u00f6glichen; ein Anspruch hierauf besteht jedoch nicht. GAY-TANTRA<sup>\u00ae<\/sup>, Armin Heining, ist berechtigt, die M\u00f6glichkeit zum Download jederzeit vor\u00fcbergehend oder auf Dauer zu \u00e4ndern, zu unterbrechen oder einzustellen. 4. Downloads k\u00f6nnen mit digitalen Wasserzeichen individuell markiert sein, so dass die Ermittlung und Verfolgung des urspr\u00fcnglichen K\u00e4ufers im Fall einer missbr\u00e4uchlichen Nutzung m\u00f6glich ist. Downloads k\u00f6nnen auch \u00fcber einen DRM-Schutz (Adobe Digital Rights Management) gegen illegale Vervielf\u00e4ltigung gesch\u00fctzt sein. Die Nutzung dieser Downloads \u00fcber Endger\u00e4te des Kunden ist nur \u00fcber die jeweilige auf dem bzw. den Endger\u00e4te\/n des Kunden hinterlegte Adobe-ID des Kunden m\u00f6glich <\/div><\/article> <div class=\"wrapper\"><\/p>\n<h3>\u00a79 Eigentumsvorbehalt<\/h3>\n<p>1. Die Ware bleibt bis zur vollst\u00e4ndigen Bezahlung unser Eigentum. <\/div>  <article class=\"content-grau\"><div class=\"wrapper\"><\/p>\n<h3>\u00a710 Gew\u00e4hrleistung<\/h3>\n<p>1. Es gilt die gesetzliche Gew\u00e4hrleistung von zwei Jahren. Der Zeitraum der gesetzlichen Gew\u00e4hrleistung beginnt mit dem Kaufdatum (Rechnungsdatum = Auslieferung der Ware). <\/div><\/article> <div class=\"wrapper\"><\/p>\n<h3>\u00a711 Sonstiges<\/h3>\n<p>1. Der Vertrag unterliegt deutschem Recht. Sollte eine Bestimmung des Vertrages unwirksam sein oder werden oder sollte der Vertrag eine ausf\u00fcllungsbedingte L\u00fccke enthalten, so ber\u00fchrt dies die Wirksamkeit der \u00fcbrigen Bestimmungen nicht. Solltest du Fragen haben oder Sonderw\u00fcnsche haben bitte z\u00f6ger nicht uns anzurufen. Im pers\u00f6nlichen Kontakt l\u00e4sst sich das meiste nach wie vor sehr einfach kl\u00e4ren. <\/div>  <div class=\"woocommerce woocommerce-gzd woocommerce-gzd-complaints-shortcode\">\n\t\t\t<h3>Alternative Streitbeilegung gem\u00e4\u00df Art. 14 Abs. 1 ODR-VO und \u00a7 36 VSBG:<\/h3>\n\t\nZur Teilnahme an einem Streitbeilegungsverfahren vor einer Verbraucherschlichtungsstelle sind wir nicht verpflichtet und nicht bereit.<\/div><\/p>\n<p><\/p>","protected":false},"excerpt":{"rendered":"","protected":false},"author":1,"featured_media":0,"parent":0,"menu_order":0,"comment_status":"closed","ping_status":"closed","template":"","meta":{"footnotes":""},"class_list":["post-333","page","type-page","status-publish","hentry"],"aioseo_notices":[],"_links":{"self":[{"href":"https:\/\/gay-tantra-shop.com\/de\/wp-json\/wp\/v2\/pages\/333","targetHints":{"allow":["GET"]}}],"collection":[{"href":"https:\/\/gay-tantra-shop.com\/de\/wp-json\/wp\/v2\/pages"}],"about":[{"href":"https:\/\/gay-tantra-shop.com\/de\/wp-json\/wp\/v2\/types\/page"}],"author":[{"embeddable":true,"href":"https:\/\/gay-tantra-shop.com\/de\/wp-json\/wp\/v2\/users\/1"}],"replies":[{"embeddable":true,"href":"https:\/\/gay-tantra-shop.com\/de\/wp-json\/wp\/v2\/comments?post=333"}],"version-history":[{"count":23,"href":"https:\/\/gay-tantra-shop.com\/de\/wp-json\/wp\/v2\/pages\/333\/revisions"}],"predecessor-version":[{"id":7096,"href":"https:\/\/gay-tantra-shop.com\/de\/wp-json\/wp\/v2\/pages\/333\/revisions\/7096"}],"wp:attachment":[{"href":"https:\/\/gay-tantra-shop.com\/de\/wp-json\/wp\/v2\/media?parent=333"}],"curies":[{"name":"wp","href":"https:\/\/api.w.org\/{rel}","templated":true}]}}