{"id":1110,"date":"2016-07-19T11:23:32","date_gmt":"2016-07-19T09:23:32","guid":{"rendered":"http:\/\/gay-tantra-shop.eu\/shop\/downloads\/telecharger-puissance-strong-man-armin-heining\/"},"modified":"2022-02-23T16:18:29","modified_gmt":"2022-02-23T15:18:29","slug":"telecharger-puissance-strong-man-armin-heining","status":"publish","type":"product","link":"https:\/\/gay-tantra-shop.com\/de\/produkt\/telecharger-puissance-strong-man-armin-heining\/","title":{"rendered":"T\u00e9l\u00e9charger: Puissance (Strong Man) [Armin Heining]"},"content":{"rendered":"<p><\/p>\n<p>Pour des \u00c9rections longues et bien dures!<\/p>\n<p>Stimuler votre libido et d\u00e9cupler vos orgasmes !<\/p>\n<p><\/p>","protected":false},"excerpt":{"rendered":"<p>Armin Heining<br \/>\nRestriction d\u2019\u00e2ge: 16 ans<br \/>\nPubli\u00e9: 2014<br \/>\nLangue: Fran\u00e7ais (Dolby Digital 2.0)<br \/>\nDur\u00e9e: 63 minutes<br \/>\nFormat de fichier: .mp4<br \/>\nTaille du fichier: 4 go<\/p>\n<p><\/p>\n<hr \/>\n<p><\/p>\n<p>A travers des techniques simples et accessibles, apprenez \u00e0 d\u00e9cupler votre puissance, \u00e0 ma\u00eetriser votre \u00e9rection, \u00e0 retenir votre \u00e9jaculation\u2026<\/p>\n<p>Dans la partie bonus, approfondissez vos connaissances sur la philosophie du Gay Tantra, port\u00e9e par Armin Heining.<\/p>\n<p>&nbsp;<\/p>\n","protected":false},"featured_media":5647,"comment_status":"open","ping_status":"closed","template":"","meta":[],"product_brand":[],"product_cat":[19,20,35],"product_tag":[],"class_list":{"0":"post-1110","1":"product","2":"type-product","3":"status-publish","4":"has-post-thumbnail","6":"product_cat-downloads","7":"product_cat-gay-tantra-filme-downloads","8":"product_cat-ratgeber-videos-gay-tantra-filme-downloads","10":"first","11":"instock","12":"downloadable","13":"virtual","14":"taxable","15":"purchasable","16":"product-type-simple"},"bundle_layout":"","bundled_by":[],"bundled_items":[],"aioseo_notices":[],"_links":{"self":[{"href":"https:\/\/gay-tantra-shop.com\/de\/wp-json\/wp\/v2\/product\/1110","targetHints":{"allow":["GET"]}}],"collection":[{"href":"https:\/\/gay-tantra-shop.com\/de\/wp-json\/wp\/v2\/product"}],"about":[{"href":"https:\/\/gay-tantra-shop.com\/de\/wp-json\/wp\/v2\/types\/product"}],"replies":[{"embeddable":true,"href":"https:\/\/gay-tantra-shop.com\/de\/wp-json\/wp\/v2\/comments?post=1110"}],"wp:featuredmedia":[{"embeddable":true,"href":"https:\/\/gay-tantra-shop.com\/de\/wp-json\/wp\/v2\/media\/5647"}],"wp:attachment":[{"href":"https:\/\/gay-tantra-shop.com\/de\/wp-json\/wp\/v2\/media?parent=1110"}],"wp:term":[{"taxonomy":"product_brand","embeddable":true,"href":"https:\/\/gay-tantra-shop.com\/de\/wp-json\/wp\/v2\/product_brand?post=1110"},{"taxonomy":"product_cat","embeddable":true,"href":"https:\/\/gay-tantra-shop.com\/de\/wp-json\/wp\/v2\/product_cat?post=1110"},{"taxonomy":"product_tag","embeddable":true,"href":"https:\/\/gay-tantra-shop.com\/de\/wp-json\/wp\/v2\/product_tag?post=1110"}],"curies":[{"name":"wp","href":"https:\/\/api.w.org\/{rel}","templated":true}]}}