{"id":1111,"date":"2016-07-19T11:31:04","date_gmt":"2016-07-19T09:31:04","guid":{"rendered":"http:\/\/gay-tantra-shop.eu\/shop\/downloads\/telecharger-extase-lart-de-la-masturbation-armin-heining\/"},"modified":"2022-02-23T12:32:13","modified_gmt":"2022-02-23T11:32:13","slug":"telecharger-extase-lart-de-la-masturbation-armin-heining","status":"publish","type":"product","link":"https:\/\/gay-tantra-shop.com\/de\/produkt\/telecharger-extase-lart-de-la-masturbation-armin-heining\/","title":{"rendered":"T\u00e9l\u00e9charger: Extase &#8211; L&#8217;Art de la Masturbation [Armin Heining]"},"content":{"rendered":"<p>Les orgasmes multiples \u00e0 travers la masturbation.<\/p>\n","protected":false},"excerpt":{"rendered":"<p><strong>Armin Heining<\/strong><br \/>\n <strong>Restrictions d\u2019\u00e2ge:<\/strong> 16<br \/>\n Tout le monde le fait mais personne n\u2019en parle\u2026<br \/>\n Pourtant la masturbation est un art !<\/p>\n<p>Les diff\u00e9rentes techniques pr\u00e9sent\u00e9es dans ce film vous permettront de faire de nouvelles exp\u00e9riences sexuelles et de d\u00e9couvrir des niveaux de jouissance insoup\u00e7onn\u00e9s !<\/p>\n<p>Langues: Fran\u00e7ais<br \/>\n Audio: Fran\u00e7ais (Dolby Digital 2.0)<br \/>\n Format d\u2019image: PAL<br \/>\n Genre: Erotique<br \/>\n Dur\u00e9e : 67 minutes de plaisirs<\/p>\n","protected":false},"featured_media":5650,"comment_status":"open","ping_status":"closed","template":"","meta":[],"product_brand":[],"product_cat":[19,20,24],"product_tag":[],"class_list":{"0":"post-1111","1":"product","2":"type-product","3":"status-publish","4":"has-post-thumbnail","6":"product_cat-downloads","7":"product_cat-gay-tantra-filme-downloads","8":"product_cat-ekstase-videos-gay-tantra-filme-downloads","10":"first","11":"instock","12":"downloadable","13":"virtual","14":"taxable","15":"purchasable","16":"product-type-simple"},"bundle_layout":"","bundled_by":[],"bundled_items":[],"aioseo_notices":[],"_links":{"self":[{"href":"https:\/\/gay-tantra-shop.com\/de\/wp-json\/wp\/v2\/product\/1111","targetHints":{"allow":["GET"]}}],"collection":[{"href":"https:\/\/gay-tantra-shop.com\/de\/wp-json\/wp\/v2\/product"}],"about":[{"href":"https:\/\/gay-tantra-shop.com\/de\/wp-json\/wp\/v2\/types\/product"}],"replies":[{"embeddable":true,"href":"https:\/\/gay-tantra-shop.com\/de\/wp-json\/wp\/v2\/comments?post=1111"}],"wp:featuredmedia":[{"embeddable":true,"href":"https:\/\/gay-tantra-shop.com\/de\/wp-json\/wp\/v2\/media\/5650"}],"wp:attachment":[{"href":"https:\/\/gay-tantra-shop.com\/de\/wp-json\/wp\/v2\/media?parent=1111"}],"wp:term":[{"taxonomy":"product_brand","embeddable":true,"href":"https:\/\/gay-tantra-shop.com\/de\/wp-json\/wp\/v2\/product_brand?post=1111"},{"taxonomy":"product_cat","embeddable":true,"href":"https:\/\/gay-tantra-shop.com\/de\/wp-json\/wp\/v2\/product_cat?post=1111"},{"taxonomy":"product_tag","embeddable":true,"href":"https:\/\/gay-tantra-shop.com\/de\/wp-json\/wp\/v2\/product_tag?post=1111"}],"curies":[{"name":"wp","href":"https:\/\/api.w.org\/{rel}","templated":true}]}}