{"id":1138,"date":"2016-07-30T12:08:00","date_gmt":"2016-07-30T10:08:00","guid":{"rendered":"http:\/\/gay-tantra-shop.eu\/?post_type=product&#038;p=1138"},"modified":"2017-04-11T13:46:39","modified_gmt":"2017-04-11T11:46:39","slug":"armin-heining-a-propos-du-massage-erotique-gay-tantra","status":"publish","type":"product","link":"https:\/\/gay-tantra-shop.com\/de\/produkt\/armin-heining-a-propos-du-massage-erotique-gay-tantra\/","title":{"rendered":"Armin Heining \u00e1 propos du Massage \u00c9rotique"},"content":{"rendered":"<p>Le massage \u00e9rotique GAY-TANTRA donne un sentiment de bien-\u00eatre, d\u00e9lices et conduit dans une profonde, une exp\u00e9rience sensuelle. Quelle est la diff\u00e9rence d&#8217;autres massages?<\/p>\n","protected":false},"excerpt":{"rendered":"<p>Ce qui distingue le massage \u00e9rotique GAY-TANTRA d&#8217;autres massages? Armin est la preuve, on le verra dans quel contexte ce massage et donne des conseils pour la r\u00e9alisation de ce massage.<\/p>\n<p>Film de Bonus du GAY-TANTRA DVD &#8222;Massages \u00c9rotiques Pour Lui&#8220; (Juin 2010)&#8220;<\/p>\n<p>Dur\u00e9e: 8:01 minutes<br \/>\n Langue: Fran\u00e7ais<\/p>\n","protected":false},"featured_media":1139,"comment_status":"open","ping_status":"closed","template":"","meta":[],"product_brand":[],"product_cat":[19,20,56],"product_tag":[],"class_list":{"0":"post-1138","1":"product","2":"type-product","3":"status-publish","4":"has-post-thumbnail","6":"product_cat-downloads","7":"product_cat-gay-tantra-filme-downloads","8":"product_cat-bonusfilme","10":"first","11":"instock","12":"downloadable","13":"virtual","14":"taxable","15":"purchasable","16":"product-type-simple"},"bundle_layout":"","bundled_by":[],"bundled_items":[],"aioseo_notices":[],"_links":{"self":[{"href":"https:\/\/gay-tantra-shop.com\/de\/wp-json\/wp\/v2\/product\/1138","targetHints":{"allow":["GET"]}}],"collection":[{"href":"https:\/\/gay-tantra-shop.com\/de\/wp-json\/wp\/v2\/product"}],"about":[{"href":"https:\/\/gay-tantra-shop.com\/de\/wp-json\/wp\/v2\/types\/product"}],"replies":[{"embeddable":true,"href":"https:\/\/gay-tantra-shop.com\/de\/wp-json\/wp\/v2\/comments?post=1138"}],"wp:featuredmedia":[{"embeddable":true,"href":"https:\/\/gay-tantra-shop.com\/de\/wp-json\/wp\/v2\/media\/1139"}],"wp:attachment":[{"href":"https:\/\/gay-tantra-shop.com\/de\/wp-json\/wp\/v2\/media?parent=1138"}],"wp:term":[{"taxonomy":"product_brand","embeddable":true,"href":"https:\/\/gay-tantra-shop.com\/de\/wp-json\/wp\/v2\/product_brand?post=1138"},{"taxonomy":"product_cat","embeddable":true,"href":"https:\/\/gay-tantra-shop.com\/de\/wp-json\/wp\/v2\/product_cat?post=1138"},{"taxonomy":"product_tag","embeddable":true,"href":"https:\/\/gay-tantra-shop.com\/de\/wp-json\/wp\/v2\/product_tag?post=1138"}],"curies":[{"name":"wp","href":"https:\/\/api.w.org\/{rel}","templated":true}]}}