{"id":1263,"date":"2016-08-18T15:22:36","date_gmt":"2016-08-18T13:22:36","guid":{"rendered":"https:\/\/gay-tantra-shop.eu\/produkt\/francais-2-dvds-sexualite-tantrique-un-prix-armin-heining\/"},"modified":"2017-04-06T16:02:32","modified_gmt":"2017-04-06T14:02:32","slug":"ensemble-2-dvds-sexualite-tantrique-un-prix-armin-heining","status":"publish","type":"product","link":"https:\/\/gay-tantra-shop.com\/de\/produkt\/ensemble-2-dvds-sexualite-tantrique-un-prix-armin-heining\/","title":{"rendered":"2 DVDs &#8218;Sexualit\u00e9 Tantrique&#8216; &#8211; Un Prix [Armin Heining]"},"content":{"rendered":"<p>Les deux GAY-TANTRA DVDs &#8218;Sexualit\u00e9 Tantrique&#8216; dans un ensemble.<\/p>\n","protected":false},"excerpt":{"rendered":"<div class=\"gProdDescription\"><strong>Armin Heining<\/strong><\/div>\n<div class=\"gCod\"><strong>Age rating<\/strong>: 18<\/div>\n<div class=\"gProdDescription\">\n<div id=\"gt-res-content\">\n<div dir=\"ltr\">\u00a0<\/div>\n<div dir=\"ltr\"><span id=\"result_box\" class=\"\" lang=\"fr\"><span class=\"\">Les deux<\/span> GAY-TANTRA DVDs &#8218;Sexualit\u00e9 Tantrique&#8216; vous aider \u00e0 d\u00e9velopper <span class=\"\">votre sexualit\u00e9<\/span> <span class=\"\">dans les<\/span> <span class=\"\">\u00e9tapes les plus \u00e9lev\u00e9es<\/span>!<\/p>\n<p> GAY-TANTRA <span class=\"\">&#8211; Ultimate<\/span> Gay <span class=\"\">Sex<\/span><br \/>\n GAY-TANTRA &#8211; Atteindre L&#8217;Extase Sexuelle<\/span><\/div>\n<\/div>\n<p><\/p>\n<p>Auteur: Armin Heining<br \/>\n \u00c2ge: 18 Jahren<br \/>\n Publi\u00e9: Juin 2010, Novembre 2014<br \/>\n Langues: Fran\u00e7ais<br \/>\n Temps \u00e0 jouer: 62 Minutes | 96 Minutes<br \/>\n Compris divers films de bonus<\/p>\n<\/div>\n","protected":false},"featured_media":1265,"comment_status":"open","ping_status":"closed","template":"","meta":[],"product_brand":[],"product_cat":[16,8,11],"product_tag":[],"class_list":{"0":"post-1263","1":"product","2":"type-product","3":"status-publish","4":"has-post-thumbnail","6":"product_cat-webshop","7":"product_cat-gay-tantra-filme","8":"product_cat-special-angebote","10":"first","11":"instock","12":"taxable","13":"shipping-taxable","14":"purchasable","15":"product-type-simple"},"bundle_layout":"","bundled_by":[],"bundled_items":[],"aioseo_notices":[],"_links":{"self":[{"href":"https:\/\/gay-tantra-shop.com\/de\/wp-json\/wp\/v2\/product\/1263","targetHints":{"allow":["GET"]}}],"collection":[{"href":"https:\/\/gay-tantra-shop.com\/de\/wp-json\/wp\/v2\/product"}],"about":[{"href":"https:\/\/gay-tantra-shop.com\/de\/wp-json\/wp\/v2\/types\/product"}],"replies":[{"embeddable":true,"href":"https:\/\/gay-tantra-shop.com\/de\/wp-json\/wp\/v2\/comments?post=1263"}],"wp:featuredmedia":[{"embeddable":true,"href":"https:\/\/gay-tantra-shop.com\/de\/wp-json\/wp\/v2\/media\/1265"}],"wp:attachment":[{"href":"https:\/\/gay-tantra-shop.com\/de\/wp-json\/wp\/v2\/media?parent=1263"}],"wp:term":[{"taxonomy":"product_brand","embeddable":true,"href":"https:\/\/gay-tantra-shop.com\/de\/wp-json\/wp\/v2\/product_brand?post=1263"},{"taxonomy":"product_cat","embeddable":true,"href":"https:\/\/gay-tantra-shop.com\/de\/wp-json\/wp\/v2\/product_cat?post=1263"},{"taxonomy":"product_tag","embeddable":true,"href":"https:\/\/gay-tantra-shop.com\/de\/wp-json\/wp\/v2\/product_tag?post=1263"}],"curies":[{"name":"wp","href":"https:\/\/api.w.org\/{rel}","templated":true}]}}