{"id":1307,"date":"2016-09-06T13:05:58","date_gmt":"2016-09-06T11:05:58","guid":{"rendered":"https:\/\/gay-tantra-shop.eu\/produkt\/cd-osho-chakra-breathing-meditation-kamal-3\/"},"modified":"2023-12-19T10:47:40","modified_gmt":"2023-12-19T09:47:40","slug":"cd-osho-chakra-breathing-meditation-kamal-3","status":"publish","type":"product","link":"https:\/\/gay-tantra-shop.com\/de\/produkt\/cd-osho-chakra-breathing-meditation-kamal-3\/","title":{"rendered":"CD: Osho Chakra Breathing Meditation [Kamal]"},"content":{"rendered":"<p>&#8222;Chakra Breathing Meditation&#8220; peut vous aider \u00e0 prendre conscience de l&#8217;exp\u00e9rience et de chacun des sept chakras. La musique prend en charge l&#8217;\u00e9nergie et de l&#8217;activit\u00e9 d\u00e9crite dans chaque \u00e9tape de la m\u00e9ditation, et aussi signale le moment de chaque \u00e9tape.<\/p>\n","protected":false},"excerpt":{"rendered":"<div class=\"gProdDescription\"><strong>Osho<\/strong><\/div>\n<div class=\"gCod\"><strong>ISBN\/EAN<\/strong>: 9783931254056<\/div>\n<p>&nbsp;<\/p>\n<div class=\"gProdDescription\">\n<p>&#8222;Chakra Breathing Meditation&#8220; peut vous aider \u00e0 prendre conscience de l&#8217;exp\u00e9rience et de chacun des sept chakras. La musique prend en charge l&#8217;\u00e9nergie et de l&#8217;activit\u00e9 d\u00e9crite dans chaque \u00e9tape de la m\u00e9ditation, et aussi signale le moment de chaque \u00e9tape.<\/p>\n<\/div>\n","protected":false},"featured_media":194,"comment_status":"open","ping_status":"closed","template":"","meta":[],"product_brand":[],"product_cat":[16,6,14],"product_tag":[],"class_list":{"0":"post-1307","1":"product","2":"type-product","3":"status-publish","4":"has-post-thumbnail","6":"product_cat-webshop","7":"product_cat-music","8":"product_cat-meditation-dynamisch","10":"first","11":"outofstock","12":"taxable","13":"shipping-taxable","14":"purchasable","15":"product-type-simple"},"bundle_layout":"","bundled_by":[],"bundled_items":[],"aioseo_notices":[],"_links":{"self":[{"href":"https:\/\/gay-tantra-shop.com\/de\/wp-json\/wp\/v2\/product\/1307","targetHints":{"allow":["GET"]}}],"collection":[{"href":"https:\/\/gay-tantra-shop.com\/de\/wp-json\/wp\/v2\/product"}],"about":[{"href":"https:\/\/gay-tantra-shop.com\/de\/wp-json\/wp\/v2\/types\/product"}],"replies":[{"embeddable":true,"href":"https:\/\/gay-tantra-shop.com\/de\/wp-json\/wp\/v2\/comments?post=1307"}],"wp:featuredmedia":[{"embeddable":true,"href":"https:\/\/gay-tantra-shop.com\/de\/wp-json\/wp\/v2\/media\/194"}],"wp:attachment":[{"href":"https:\/\/gay-tantra-shop.com\/de\/wp-json\/wp\/v2\/media?parent=1307"}],"wp:term":[{"taxonomy":"product_brand","embeddable":true,"href":"https:\/\/gay-tantra-shop.com\/de\/wp-json\/wp\/v2\/product_brand?post=1307"},{"taxonomy":"product_cat","embeddable":true,"href":"https:\/\/gay-tantra-shop.com\/de\/wp-json\/wp\/v2\/product_cat?post=1307"},{"taxonomy":"product_tag","embeddable":true,"href":"https:\/\/gay-tantra-shop.com\/de\/wp-json\/wp\/v2\/product_tag?post=1307"}],"curies":[{"name":"wp","href":"https:\/\/api.w.org\/{rel}","templated":true}]}}