{"id":1347,"date":"2016-09-15T12:28:23","date_gmt":"2016-09-15T10:28:23","guid":{"rendered":"https:\/\/gay-tantra-shop.eu\/produkt\/cd-osho-no-dimensions-sirus-shastro-2\/"},"modified":"2023-12-19T10:43:52","modified_gmt":"2023-12-19T09:43:52","slug":"cd-osho-no-dimensions-sirus-shastro-2","status":"publish","type":"product","link":"https:\/\/gay-tantra-shop.com\/de\/produkt\/cd-osho-no-dimensions-sirus-shastro-2\/","title":{"rendered":"CD: Osho No Dimensions [Sirus &#038; Shastro]"},"content":{"rendered":"<p><\/p>\n<p>Ceci est une m\u00e9thode puissante pour centrer son \u00e9nergie dans la Hara &#8211; la zone situ\u00e9e juste au-dessous du nombril. Il est bas\u00e9 sur une technique soufie des mouvements pour la sensibilisation et l&#8217;int\u00e9gration du corps. Parce qu&#8217;il est une m\u00e9ditation soufie, il est libre et non-s\u00e9rieux.<\/p>\n<p><\/p>","protected":false},"excerpt":{"rendered":"<div class=\"gProdDescription\"><strong>Osho<\/strong><\/div>\n<div class=\"gCod\"><strong>ISBN\/EAN<\/strong>: 0714266941020<\/div>\n<p>Ceci est une m\u00e9thode puissante pour centrer son \u00e9nergie dans la Hara &#8211; la zone situ\u00e9e juste au-dessous du nombril. Il est bas\u00e9 sur une technique soufie des mouvements pour la sensibilisation et l&#8217;int\u00e9gration du corps. Parce qu&#8217;il est une m\u00e9ditation soufie, il est libre et non-s\u00e9rieux.<\/p>\n","protected":false},"featured_media":55,"comment_status":"open","ping_status":"closed","template":"","meta":[],"product_brand":[],"product_cat":[16,6,14],"product_tag":[],"class_list":{"0":"post-1347","1":"product","2":"type-product","3":"status-publish","4":"has-post-thumbnail","6":"product_cat-webshop","7":"product_cat-music","8":"product_cat-meditation-dynamisch","10":"first","11":"outofstock","12":"taxable","13":"shipping-taxable","14":"purchasable","15":"product-type-simple"},"bundle_layout":"","bundled_by":[],"bundled_items":[],"aioseo_notices":[],"_links":{"self":[{"href":"https:\/\/gay-tantra-shop.com\/de\/wp-json\/wp\/v2\/product\/1347","targetHints":{"allow":["GET"]}}],"collection":[{"href":"https:\/\/gay-tantra-shop.com\/de\/wp-json\/wp\/v2\/product"}],"about":[{"href":"https:\/\/gay-tantra-shop.com\/de\/wp-json\/wp\/v2\/types\/product"}],"replies":[{"embeddable":true,"href":"https:\/\/gay-tantra-shop.com\/de\/wp-json\/wp\/v2\/comments?post=1347"}],"wp:featuredmedia":[{"embeddable":true,"href":"https:\/\/gay-tantra-shop.com\/de\/wp-json\/wp\/v2\/media\/55"}],"wp:attachment":[{"href":"https:\/\/gay-tantra-shop.com\/de\/wp-json\/wp\/v2\/media?parent=1347"}],"wp:term":[{"taxonomy":"product_brand","embeddable":true,"href":"https:\/\/gay-tantra-shop.com\/de\/wp-json\/wp\/v2\/product_brand?post=1347"},{"taxonomy":"product_cat","embeddable":true,"href":"https:\/\/gay-tantra-shop.com\/de\/wp-json\/wp\/v2\/product_cat?post=1347"},{"taxonomy":"product_tag","embeddable":true,"href":"https:\/\/gay-tantra-shop.com\/de\/wp-json\/wp\/v2\/product_tag?post=1347"}],"curies":[{"name":"wp","href":"https:\/\/api.w.org\/{rel}","templated":true}]}}