{"id":1348,"date":"2016-09-15T12:38:24","date_gmt":"2016-09-15T10:38:24","guid":{"rendered":"https:\/\/gay-tantra-shop.eu\/produkt\/cd-meditation-des-directions-jabrane-sebnat\/"},"modified":"2023-12-19T10:43:19","modified_gmt":"2023-12-19T09:43:19","slug":"cd-meditation-des-directions-jabrane-sebnat","status":"publish","type":"product","link":"https:\/\/gay-tantra-shop.com\/de\/produkt\/cd-meditation-des-directions-jabrane-sebnat\/","title":{"rendered":"CD: M\u00e9ditation des Directions [Jabrane Sebnat]"},"content":{"rendered":"<p><\/p>\n<p>M\u00e9ditation en mouvement populaire qui combine des \u00e9l\u00e9ments de Tai Chi, Sufi danse et peut \u00eatre \u00e9tendue \u00e0 la discr\u00e8te, agr\u00e9able \u00e9coulement musique piano tambour pour ex\u00e9cuter facilement.<\/p>\n<p><\/p>","protected":false},"excerpt":{"rendered":"<div class=\"gProdDescription\"><strong>Jabrane Sebnat<\/strong><\/div>\n<div class=\"gCod\"><strong>ISBN\/EAN<\/strong>: 7394381009411<\/div>\n<p>M\u00e9ditation en mouvement populaire qui combine des \u00e9l\u00e9ments de Tai Chi, Sufi danse et peut \u00eatre \u00e9tendue \u00e0 la discr\u00e8te, agr\u00e9able \u00e9coulement musique piano tambour pour ex\u00e9cuter facilement.<\/p>\n","protected":false},"featured_media":52,"comment_status":"open","ping_status":"closed","template":"","meta":[],"product_brand":[],"product_cat":[16,6,14],"product_tag":[],"class_list":{"0":"post-1348","1":"product","2":"type-product","3":"status-publish","4":"has-post-thumbnail","6":"product_cat-webshop","7":"product_cat-music","8":"product_cat-meditation-dynamisch","10":"first","11":"outofstock","12":"taxable","13":"shipping-taxable","14":"purchasable","15":"product-type-simple"},"bundle_layout":"","bundled_by":[],"bundled_items":[],"aioseo_notices":[],"_links":{"self":[{"href":"https:\/\/gay-tantra-shop.com\/de\/wp-json\/wp\/v2\/product\/1348","targetHints":{"allow":["GET"]}}],"collection":[{"href":"https:\/\/gay-tantra-shop.com\/de\/wp-json\/wp\/v2\/product"}],"about":[{"href":"https:\/\/gay-tantra-shop.com\/de\/wp-json\/wp\/v2\/types\/product"}],"replies":[{"embeddable":true,"href":"https:\/\/gay-tantra-shop.com\/de\/wp-json\/wp\/v2\/comments?post=1348"}],"wp:featuredmedia":[{"embeddable":true,"href":"https:\/\/gay-tantra-shop.com\/de\/wp-json\/wp\/v2\/media\/52"}],"wp:attachment":[{"href":"https:\/\/gay-tantra-shop.com\/de\/wp-json\/wp\/v2\/media?parent=1348"}],"wp:term":[{"taxonomy":"product_brand","embeddable":true,"href":"https:\/\/gay-tantra-shop.com\/de\/wp-json\/wp\/v2\/product_brand?post=1348"},{"taxonomy":"product_cat","embeddable":true,"href":"https:\/\/gay-tantra-shop.com\/de\/wp-json\/wp\/v2\/product_cat?post=1348"},{"taxonomy":"product_tag","embeddable":true,"href":"https:\/\/gay-tantra-shop.com\/de\/wp-json\/wp\/v2\/product_tag?post=1348"}],"curies":[{"name":"wp","href":"https:\/\/api.w.org\/{rel}","templated":true}]}}