{"id":1351,"date":"2016-09-15T14:19:41","date_gmt":"2016-09-15T12:19:41","guid":{"rendered":"https:\/\/gay-tantra-shop.eu\/produkt\/cd-osho-whirling-meditation-deuter-3\/"},"modified":"2023-12-19T10:42:49","modified_gmt":"2023-12-19T09:42:49","slug":"cd-osho-whirling-meditation-deuter-3","status":"publish","type":"product","link":"https:\/\/gay-tantra-shop.com\/de\/produkt\/cd-osho-whirling-meditation-deuter-3\/","title":{"rendered":"CD: Osho Whirling Meditation [Deuter]"},"content":{"rendered":"<p><\/p>\n<p>Tournoiement Soufi est l&#8217;une des techniques les plus anciennes, l&#8217;un des plus \u00e9nergiques. Il est si profond que m\u00eame une seule exp\u00e9rience peut vous rendre totalement diff\u00e9rent. Whirl avec les yeux ouverts, tout comme les petits enfants vont sur virevoltant.<\/p>\n<p><\/p>","protected":false},"excerpt":{"rendered":"<div class=\"gProdDescription\"><strong>Osho<\/strong><\/div>\n<div class=\"gCod\"><strong>ISBN\/EAN<\/strong>: 0714266991728<\/div>\n<p>Tournoiement Soufi est l&#8217;une des techniques les plus anciennes, l&#8217;un des plus \u00e9nergiques. Il est si profond que m\u00eame une seule exp\u00e9rience peut vous rendre totalement diff\u00e9rent. Whirl avec les yeux ouverts, tout comme les petits enfants vont sur virevoltant.<\/p>\n","protected":false},"featured_media":53,"comment_status":"open","ping_status":"closed","template":"","meta":[],"product_brand":[],"product_cat":[16,6,14],"product_tag":[],"class_list":{"0":"post-1351","1":"product","2":"type-product","3":"status-publish","4":"has-post-thumbnail","6":"product_cat-webshop","7":"product_cat-music","8":"product_cat-meditation-dynamisch","10":"first","11":"outofstock","12":"taxable","13":"shipping-taxable","14":"purchasable","15":"product-type-simple"},"bundle_layout":"","bundled_by":[],"bundled_items":[],"aioseo_notices":[],"_links":{"self":[{"href":"https:\/\/gay-tantra-shop.com\/de\/wp-json\/wp\/v2\/product\/1351","targetHints":{"allow":["GET"]}}],"collection":[{"href":"https:\/\/gay-tantra-shop.com\/de\/wp-json\/wp\/v2\/product"}],"about":[{"href":"https:\/\/gay-tantra-shop.com\/de\/wp-json\/wp\/v2\/types\/product"}],"replies":[{"embeddable":true,"href":"https:\/\/gay-tantra-shop.com\/de\/wp-json\/wp\/v2\/comments?post=1351"}],"wp:featuredmedia":[{"embeddable":true,"href":"https:\/\/gay-tantra-shop.com\/de\/wp-json\/wp\/v2\/media\/53"}],"wp:attachment":[{"href":"https:\/\/gay-tantra-shop.com\/de\/wp-json\/wp\/v2\/media?parent=1351"}],"wp:term":[{"taxonomy":"product_brand","embeddable":true,"href":"https:\/\/gay-tantra-shop.com\/de\/wp-json\/wp\/v2\/product_brand?post=1351"},{"taxonomy":"product_cat","embeddable":true,"href":"https:\/\/gay-tantra-shop.com\/de\/wp-json\/wp\/v2\/product_cat?post=1351"},{"taxonomy":"product_tag","embeddable":true,"href":"https:\/\/gay-tantra-shop.com\/de\/wp-json\/wp\/v2\/product_tag?post=1351"}],"curies":[{"name":"wp","href":"https:\/\/api.w.org\/{rel}","templated":true}]}}