{"id":180,"date":"2016-05-24T10:02:43","date_gmt":"2016-05-24T08:02:43","guid":{"rendered":"http:\/\/gay-tantra-shop.eu\/?post_type=product&#038;p=180"},"modified":"2023-12-19T11:13:19","modified_gmt":"2023-12-19T10:13:19","slug":"cd-qlb-3-quantum-light-breath-3-jeru-kabbal-mittelstark","status":"publish","type":"product","link":"https:\/\/gay-tantra-shop.com\/de\/produkt\/cd-qlb-3-quantum-light-breath-3-jeru-kabbal-mittelstark\/","title":{"rendered":"CD: QLB 3 &#8211; Quantum Light Breath 3  \u201emittelstark\u201c [Jeru Kabbal]"},"content":{"rendered":"<p><\/p>\n<p>Jeru Kabbal leitet pers\u00f6nlich in deutscher Sprache durch den Prozess. Zun\u00e4chst gibt er eine ausf\u00fchrliche Einf\u00fchrung zu dieser Meditation.<\/p>\n<p><\/p>","protected":false},"excerpt":{"rendered":"<p>Jeru Kabbal Jeru Kabbal leitet pers\u00f6nlich in deutscher Sprache durch den Prozess. Zun\u00e4chst gibt er eine ausf\u00fchrliche Einf\u00fchrung zu dieser Meditation.<\/p>\n","protected":false},"featured_media":181,"comment_status":"open","ping_status":"closed","template":"","meta":[],"product_brand":[],"product_cat":[16,6,15],"product_tag":[],"class_list":{"0":"post-180","1":"product","2":"type-product","3":"status-publish","4":"has-post-thumbnail","6":"product_cat-webshop","7":"product_cat-music","8":"product_cat-meditation-gefuhrt","10":"first","11":"outofstock","12":"taxable","13":"shipping-taxable","14":"purchasable","15":"product-type-simple"},"bundle_layout":"","bundled_by":[],"bundled_items":[],"aioseo_notices":[],"_links":{"self":[{"href":"https:\/\/gay-tantra-shop.com\/de\/wp-json\/wp\/v2\/product\/180","targetHints":{"allow":["GET"]}}],"collection":[{"href":"https:\/\/gay-tantra-shop.com\/de\/wp-json\/wp\/v2\/product"}],"about":[{"href":"https:\/\/gay-tantra-shop.com\/de\/wp-json\/wp\/v2\/types\/product"}],"replies":[{"embeddable":true,"href":"https:\/\/gay-tantra-shop.com\/de\/wp-json\/wp\/v2\/comments?post=180"}],"wp:featuredmedia":[{"embeddable":true,"href":"https:\/\/gay-tantra-shop.com\/de\/wp-json\/wp\/v2\/media\/181"}],"wp:attachment":[{"href":"https:\/\/gay-tantra-shop.com\/de\/wp-json\/wp\/v2\/media?parent=180"}],"wp:term":[{"taxonomy":"product_brand","embeddable":true,"href":"https:\/\/gay-tantra-shop.com\/de\/wp-json\/wp\/v2\/product_brand?post=180"},{"taxonomy":"product_cat","embeddable":true,"href":"https:\/\/gay-tantra-shop.com\/de\/wp-json\/wp\/v2\/product_cat?post=180"},{"taxonomy":"product_tag","embeddable":true,"href":"https:\/\/gay-tantra-shop.com\/de\/wp-json\/wp\/v2\/product_tag?post=180"}],"curies":[{"name":"wp","href":"https:\/\/api.w.org\/{rel}","templated":true}]}}