{"id":2127,"date":"2017-08-02T11:35:09","date_gmt":"2017-08-02T09:35:09","guid":{"rendered":"https:\/\/gay-tantra-shop.eu\/?post_type=product&#038;p=2127"},"modified":"2022-04-26T11:15:08","modified_gmt":"2022-04-26T09:15:08","slug":"francais-broche-a-la-rencontre-de-lorgasme-divin-amour-sexe-eveil-margot-anand","status":"publish","type":"product","link":"https:\/\/gay-tantra-shop.com\/de\/produkt\/francais-broche-a-la-rencontre-de-lorgasme-divin-amour-sexe-eveil-margot-anand\/","title":{"rendered":"Broch\u00e9: A la rencontre de l&#8217;orgasme divin : Amour, sexe, \u00e9veil [Margot Anand]"},"content":{"rendered":"<p><\/p>\n<p>Margot Anand a men\u00e9 une vie d&#8217;extase sexuelle et de bonheur spirituel.<\/p>\n<p><\/p>","protected":false},"excerpt":{"rendered":"<p>Comment avoir une vie amoureuse authentique ? Quel est le lien entre le sexe et l\u2019extase ? Qu\u2019est-ce que l\u2019\u00e9veil ? Qu\u2019est-ce que le Tantra ? Comment devenir un amant merveilleux ? A travers le parcours autobiographique de Margot Anand, qui fut la premi\u00e8re \u00e0 apporter le Tantra en Occident apr\u00e8s avoir enseign\u00e9 en Inde, sous la supervision directe d\u2019un grand mystique, ce livre rare r\u00e9pond aux questions d\u2019aujourd\u2019hui.<\/p>\n<p>II combine des histoires \u00e9rotiques et croustillantes, des le\u00e7ons de sagesse et d\u2019enseignement spirituel (l\u2019auteure pose la question \u201cQu\u2019ai-je appris ?\u201d \u00e0 la fin de chaque chapitre), ainsi que des exercices faciles et agr\u00e9ables \u00e0 pratiquer au quotidien.<\/p>\n<p>Gr\u00e2ce \u00e0 cet ouvrage exceptionnel, vous d\u00e9couvrirez le potentiel extatique de la sexualit\u00e9 et comprendrez le c\u00f4t\u00e9 sexuel du Tantra pour am\u00e9liorer votre relation amoureuse et votre bien-\u00eatre physique et spirituel.<\/p>\n","protected":false},"featured_media":5753,"comment_status":"open","ping_status":"closed","template":"","meta":[],"product_brand":[],"product_cat":[16,12,13],"product_tag":[],"class_list":{"0":"post-2127","1":"product","2":"type-product","3":"status-publish","4":"has-post-thumbnail","6":"product_cat-webshop","7":"product_cat-livres","8":"product_cat-margot-anand","10":"first","11":"instock","12":"taxable","13":"shipping-taxable","14":"purchasable","15":"product-type-simple"},"bundle_layout":"","bundled_by":[],"bundled_items":[],"aioseo_notices":[],"_links":{"self":[{"href":"https:\/\/gay-tantra-shop.com\/de\/wp-json\/wp\/v2\/product\/2127","targetHints":{"allow":["GET"]}}],"collection":[{"href":"https:\/\/gay-tantra-shop.com\/de\/wp-json\/wp\/v2\/product"}],"about":[{"href":"https:\/\/gay-tantra-shop.com\/de\/wp-json\/wp\/v2\/types\/product"}],"replies":[{"embeddable":true,"href":"https:\/\/gay-tantra-shop.com\/de\/wp-json\/wp\/v2\/comments?post=2127"}],"wp:featuredmedia":[{"embeddable":true,"href":"https:\/\/gay-tantra-shop.com\/de\/wp-json\/wp\/v2\/media\/5753"}],"wp:attachment":[{"href":"https:\/\/gay-tantra-shop.com\/de\/wp-json\/wp\/v2\/media?parent=2127"}],"wp:term":[{"taxonomy":"product_brand","embeddable":true,"href":"https:\/\/gay-tantra-shop.com\/de\/wp-json\/wp\/v2\/product_brand?post=2127"},{"taxonomy":"product_cat","embeddable":true,"href":"https:\/\/gay-tantra-shop.com\/de\/wp-json\/wp\/v2\/product_cat?post=2127"},{"taxonomy":"product_tag","embeddable":true,"href":"https:\/\/gay-tantra-shop.com\/de\/wp-json\/wp\/v2\/product_tag?post=2127"}],"curies":[{"name":"wp","href":"https:\/\/api.w.org\/{rel}","templated":true}]}}