{"id":2353,"date":"2017-09-29T12:51:54","date_gmt":"2017-09-29T10:51:54","guid":{"rendered":"https:\/\/gay-tantra-shop.eu\/produkt\/buch-ekstase-fuer-jeden-tag-margot-anand\/"},"modified":"2022-04-26T11:05:13","modified_gmt":"2022-04-26T09:05:13","slug":"buch-ekstase-fuer-jeden-tag-margot-anand","status":"publish","type":"product","link":"https:\/\/gay-tantra-shop.com\/de\/produkt\/buch-ekstase-fuer-jeden-tag-margot-anand\/","title":{"rendered":"Buch: Ekstase f\u00fcr jeden Tag [Margot Anand]"},"content":{"rendered":"<p><\/p>\n<p>&#8230;Der Weg zum tantrischen Lebensgef\u00fchl.<\/p>\n<p><\/p>","protected":false},"excerpt":{"rendered":"<div class=\"gProdDescription\">Taschenbuch, gebraucht<\/div>\n<div class=\"gProdDescription\">\u00a0<\/div>\n<div class=\"gProdDescription\"><strong>Margot Anand<\/strong><\/div>\n<div class=\"gCod\"><strong>ISBN\/EAN<\/strong>: 3-453-18057-7<\/div>\n<div class=\"gProdDescription\">Wohl jede\/r von uns hat schon einmal einen ekstatischen Zustand erlebt und dieses Gef\u00fchl von Erf\u00fcllung und Zufriedenheit gesp\u00fcrt, sei es durch Musik, Meditation, beim Sex oder durch andere tiefgreifende Erlebnisse. Aber wie ist es m\u00f6glich, solche Gl\u00fccksmomente bewu\u00dft herbeizuf\u00fchren und das Leben somit reicher und intensiver zu empfinden?<\/div>\n","protected":false},"featured_media":5748,"comment_status":"open","ping_status":"closed","template":"","meta":[],"product_brand":[],"product_cat":[16,12,13],"product_tag":[],"class_list":{"0":"post-2353","1":"product","2":"type-product","3":"status-publish","4":"has-post-thumbnail","6":"product_cat-webshop","7":"product_cat-livres","8":"product_cat-margot-anand","10":"first","11":"instock","12":"taxable","13":"shipping-taxable","14":"purchasable","15":"product-type-simple"},"bundle_layout":"","bundled_by":[],"bundled_items":[],"aioseo_notices":[],"_links":{"self":[{"href":"https:\/\/gay-tantra-shop.com\/de\/wp-json\/wp\/v2\/product\/2353","targetHints":{"allow":["GET"]}}],"collection":[{"href":"https:\/\/gay-tantra-shop.com\/de\/wp-json\/wp\/v2\/product"}],"about":[{"href":"https:\/\/gay-tantra-shop.com\/de\/wp-json\/wp\/v2\/types\/product"}],"replies":[{"embeddable":true,"href":"https:\/\/gay-tantra-shop.com\/de\/wp-json\/wp\/v2\/comments?post=2353"}],"wp:featuredmedia":[{"embeddable":true,"href":"https:\/\/gay-tantra-shop.com\/de\/wp-json\/wp\/v2\/media\/5748"}],"wp:attachment":[{"href":"https:\/\/gay-tantra-shop.com\/de\/wp-json\/wp\/v2\/media?parent=2353"}],"wp:term":[{"taxonomy":"product_brand","embeddable":true,"href":"https:\/\/gay-tantra-shop.com\/de\/wp-json\/wp\/v2\/product_brand?post=2353"},{"taxonomy":"product_cat","embeddable":true,"href":"https:\/\/gay-tantra-shop.com\/de\/wp-json\/wp\/v2\/product_cat?post=2353"},{"taxonomy":"product_tag","embeddable":true,"href":"https:\/\/gay-tantra-shop.com\/de\/wp-json\/wp\/v2\/product_tag?post=2353"}],"curies":[{"name":"wp","href":"https:\/\/api.w.org\/{rel}","templated":true}]}}