{"id":2359,"date":"2017-09-29T13:18:36","date_gmt":"2017-09-29T11:18:36","guid":{"rendered":"https:\/\/gay-tantra-shop.eu\/produkt\/buch-tantra-weg-der-ekstase-margot-anand\/"},"modified":"2022-04-26T11:01:24","modified_gmt":"2022-04-26T09:01:24","slug":"buch-tantra-weg-der-ekstase-margot-anand","status":"publish","type":"product","link":"https:\/\/gay-tantra-shop.com\/de\/produkt\/buch-tantra-weg-der-ekstase-margot-anand\/","title":{"rendered":"Buch: Tantra &#8211; Weg der Ekstase [Margot Anand]"},"content":{"rendered":"<p><\/p>\n<p>Die Sexualit\u00e4t des Neuen Menschen<\/p>\n<p><\/p>","protected":false},"excerpt":{"rendered":"<div class=\"gProdDescription\">Taschenbuch, gebraucht<\/div>\n<div class=\"gProdDescription\">\u00a0<\/div>\n<div class=\"gProdDescription\"><strong>Margot Anand<\/strong><\/div>\n<div class=\"gCod\"><strong>ISBN\/EAN<\/strong>: 3-922389-76-7<\/div>\n<div class=\"gProdDescription\">Margo Anand &#8211; die wohl bedeutendste Vertreterin des modernen Tantra &#8211; hat die uralte indische Geheimlehre in ein Konzept f\u00fcr den modernen Menschen umgewandelt. Ihrer Auffassung nach bedeutet Tantra heute, sich auf ein spirituelles Abenteuer einzulassen. Es geh\u00f6rt Mut und Abenteuergeist dazu, dieses Buch zu lesen &#8211; und auch in die Praxis umzusetzen. s f\u00fchrt heraus aus den eingefahrenen Gleisen des Routine-Sex. Es fordert auf, die versch\u00fctteten Quellen der Freude in sich wieder zu entdecken und aus ihrer F\u00fclle zu leben. &#8218;Nachdem Freud, Jung und die moderne Psychologie unsere Sexualit\u00e4t enttabuisiert haben, bleibt noch dieser letzte Schritt zu tun: von der Sexualit\u00e4t zur bewu\u00dften Liebe. Tantra beschreibt genau diesen K\u00f6nigsweg der R\u00fcckkehr zur Liebe.&#8216; Ein sympathisches, reich illustriertes Buch &#8211; ein Standardwerk der Esoterik.<\/div>\n","protected":false},"featured_media":5745,"comment_status":"open","ping_status":"closed","template":"","meta":[],"product_brand":[],"product_cat":[16,12,13],"product_tag":[],"class_list":{"0":"post-2359","1":"product","2":"type-product","3":"status-publish","4":"has-post-thumbnail","6":"product_cat-webshop","7":"product_cat-livres","8":"product_cat-margot-anand","10":"first","11":"instock","12":"taxable","13":"shipping-taxable","14":"purchasable","15":"product-type-simple"},"bundle_layout":"","bundled_by":[],"bundled_items":[],"aioseo_notices":[],"_links":{"self":[{"href":"https:\/\/gay-tantra-shop.com\/de\/wp-json\/wp\/v2\/product\/2359","targetHints":{"allow":["GET"]}}],"collection":[{"href":"https:\/\/gay-tantra-shop.com\/de\/wp-json\/wp\/v2\/product"}],"about":[{"href":"https:\/\/gay-tantra-shop.com\/de\/wp-json\/wp\/v2\/types\/product"}],"replies":[{"embeddable":true,"href":"https:\/\/gay-tantra-shop.com\/de\/wp-json\/wp\/v2\/comments?post=2359"}],"wp:featuredmedia":[{"embeddable":true,"href":"https:\/\/gay-tantra-shop.com\/de\/wp-json\/wp\/v2\/media\/5745"}],"wp:attachment":[{"href":"https:\/\/gay-tantra-shop.com\/de\/wp-json\/wp\/v2\/media?parent=2359"}],"wp:term":[{"taxonomy":"product_brand","embeddable":true,"href":"https:\/\/gay-tantra-shop.com\/de\/wp-json\/wp\/v2\/product_brand?post=2359"},{"taxonomy":"product_cat","embeddable":true,"href":"https:\/\/gay-tantra-shop.com\/de\/wp-json\/wp\/v2\/product_cat?post=2359"},{"taxonomy":"product_tag","embeddable":true,"href":"https:\/\/gay-tantra-shop.com\/de\/wp-json\/wp\/v2\/product_tag?post=2359"}],"curies":[{"name":"wp","href":"https:\/\/api.w.org\/{rel}","templated":true}]}}