{"id":2422,"date":"2017-10-18T16:16:30","date_gmt":"2017-10-18T14:16:30","guid":{"rendered":"https:\/\/gay-tantra-shop.eu\/produkt\/5-buecher-ein-preis-margot-anand\/"},"modified":"2022-08-25T09:27:24","modified_gmt":"2022-08-25T07:27:24","slug":"5-buecher-ein-preis-margot-anand","status":"publish","type":"product","link":"https:\/\/gay-tantra-shop.com\/de\/produkt\/5-buecher-ein-preis-margot-anand\/","title":{"rendered":"5 B\u00fccher &#8211; ein Preis [Margot Anand]"},"content":{"rendered":"<p><\/p>\n<p>Margot Anand wird auch &#8218;Die Stimme des Ursprungs&#8216; genannt. Finde hier ihre 5 B\u00fccher in einem Paket vereint.<\/p>\n<p><\/p>","protected":false},"excerpt":{"rendered":"<p><strong>Margot Anand<\/strong><\/p>\n<p>Margot Anand wird auch &#8218;Die Stimme des Ursprungs&#8216; genannt. Sie brachte Tantra in den sp\u00e4ter 1970er Jahren in den Westen. Ihre 5 B\u00fccher vermitteln leicht verst\u00e4ndlich und spannend erz\u00e4hlt die Philosophie des Tantra und zeigen praktische \u00dcbungen, die leicht umgesetzt werden k\u00f6nnen. Auch wenn die \u00dcbungen und zahlreichen Illustrationen Mann mit Frau beschreiben, so sind doch gleichgeschlechtlich Liebende genauso gemeint, was die Autorin auch immer wieder betont. Die Werke sind einzigartig in ihrer Tiefe und sind DIE Standardlekt\u00fcre f\u00fcr jeden an Tantra Interessierten.<\/p>\n<p>Tantra &#8211; Weg der Ekstase (1985, TB, gebr., gut erh., 235 S.)<br \/>\nTantra oder die Kunst der sexuellen Ekstase (1990, gebunden, gebr., gut erh., 381 S.)<br \/>\nMagie des Tantra \u2013 Skydancing: Die hohe Schule der Erotik (1995, gebunden, gebr., gut erh., 475 S.)<br \/>\nEkstase f\u00fcr jeden Tag (1999, gebunden, gebr., gut erh., 379 S.)<br \/>\nLove, Sex &amp; Awakening [Englisch] (2017, TB, neu, 336 S.)<\/p>\n","protected":false},"featured_media":5743,"comment_status":"open","ping_status":"closed","template":"","meta":[],"product_brand":[],"product_cat":[16,12,13],"product_tag":[],"class_list":{"0":"post-2422","1":"product","2":"type-product","3":"status-publish","4":"has-post-thumbnail","6":"product_cat-webshop","7":"product_cat-livres","8":"product_cat-margot-anand","10":"first","11":"instock","12":"taxable","13":"shipping-taxable","14":"purchasable","15":"product-type-simple"},"bundle_layout":"","bundled_by":[],"bundled_items":[],"aioseo_notices":[],"_links":{"self":[{"href":"https:\/\/gay-tantra-shop.com\/de\/wp-json\/wp\/v2\/product\/2422","targetHints":{"allow":["GET"]}}],"collection":[{"href":"https:\/\/gay-tantra-shop.com\/de\/wp-json\/wp\/v2\/product"}],"about":[{"href":"https:\/\/gay-tantra-shop.com\/de\/wp-json\/wp\/v2\/types\/product"}],"replies":[{"embeddable":true,"href":"https:\/\/gay-tantra-shop.com\/de\/wp-json\/wp\/v2\/comments?post=2422"}],"wp:featuredmedia":[{"embeddable":true,"href":"https:\/\/gay-tantra-shop.com\/de\/wp-json\/wp\/v2\/media\/5743"}],"wp:attachment":[{"href":"https:\/\/gay-tantra-shop.com\/de\/wp-json\/wp\/v2\/media?parent=2422"}],"wp:term":[{"taxonomy":"product_brand","embeddable":true,"href":"https:\/\/gay-tantra-shop.com\/de\/wp-json\/wp\/v2\/product_brand?post=2422"},{"taxonomy":"product_cat","embeddable":true,"href":"https:\/\/gay-tantra-shop.com\/de\/wp-json\/wp\/v2\/product_cat?post=2422"},{"taxonomy":"product_tag","embeddable":true,"href":"https:\/\/gay-tantra-shop.com\/de\/wp-json\/wp\/v2\/product_tag?post=2422"}],"curies":[{"name":"wp","href":"https:\/\/api.w.org\/{rel}","templated":true}]}}