{"id":291,"date":"2016-05-27T09:38:05","date_gmt":"2016-05-27T07:38:05","guid":{"rendered":"http:\/\/gay-tantra-shop.eu\/?post_type=product&#038;p=291"},"modified":"2024-04-11T16:23:33","modified_gmt":"2024-04-11T14:23:33","slug":"film-download-ritual-und-sexuelle-ekstase-armin-heining","status":"publish","type":"product","link":"https:\/\/gay-tantra-shop.com\/de\/produkt\/film-download-ritual-und-sexuelle-ekstase-armin-heining\/","title":{"rendered":"Download: Ritual und sexuelle Ekstase [Armin Heining]"},"content":{"rendered":"<p>Vom &#8217;normalen&#8216; Sex zur Ekstase!<\/p>\n","protected":false},"excerpt":{"rendered":"<p>Autor: Armin Heining <br \/>\nAltersfreigabe: Freigegeben ab 18 Jahren <br \/>\nVer\u00f6ffentlicht: Oktober 2011<br \/>\nSprache: Deutsch<br \/>\nSpieldauer: ca. 47 Minuten <br \/>\nDateiformat: .mov <br \/>\nDateigr\u00f6\u00dfe: 3 GB <\/p>\n<p>&nbsp;<\/p>\n<hr \/>\n<p>&nbsp;<\/p>\n<p>&#8222;Lerne St\u00fcck f\u00fcr St\u00fcck die GAY-TANTRA Ekstase-Techniken:<br \/>\nVertieftes Atmen,<br \/>\nAusdruck und Bewegung,<br \/>\nintime Ber\u00fchrung und Massage,<br \/>\nVisualisation und Meditation.<br \/>\nBette diese ein im Sich\u00f6ffnen zu einer h\u00f6heren Macht und der bedingungslosen Hingabe an (D)einen Partner.&#8217;GAY-TANTRA Ritual und Sexuelle Ekstase&#8216; richtet sich in gleicher Weise an Singles als auch an Paare.<\/p>\n","protected":false},"featured_media":5580,"comment_status":"open","ping_status":"closed","template":"","meta":[],"product_brand":[],"product_cat":[19,20,24],"product_tag":[],"class_list":{"0":"post-291","1":"product","2":"type-product","3":"status-publish","4":"has-post-thumbnail","6":"product_cat-downloads","7":"product_cat-gay-tantra-filme-downloads","8":"product_cat-ekstase-videos-gay-tantra-filme-downloads","10":"first","11":"instock","12":"downloadable","13":"virtual","14":"taxable","15":"purchasable","16":"product-type-simple"},"bundle_layout":"","bundled_by":[],"bundled_items":[],"aioseo_notices":[],"_links":{"self":[{"href":"https:\/\/gay-tantra-shop.com\/de\/wp-json\/wp\/v2\/product\/291","targetHints":{"allow":["GET"]}}],"collection":[{"href":"https:\/\/gay-tantra-shop.com\/de\/wp-json\/wp\/v2\/product"}],"about":[{"href":"https:\/\/gay-tantra-shop.com\/de\/wp-json\/wp\/v2\/types\/product"}],"replies":[{"embeddable":true,"href":"https:\/\/gay-tantra-shop.com\/de\/wp-json\/wp\/v2\/comments?post=291"}],"wp:featuredmedia":[{"embeddable":true,"href":"https:\/\/gay-tantra-shop.com\/de\/wp-json\/wp\/v2\/media\/5580"}],"wp:attachment":[{"href":"https:\/\/gay-tantra-shop.com\/de\/wp-json\/wp\/v2\/media?parent=291"}],"wp:term":[{"taxonomy":"product_brand","embeddable":true,"href":"https:\/\/gay-tantra-shop.com\/de\/wp-json\/wp\/v2\/product_brand?post=291"},{"taxonomy":"product_cat","embeddable":true,"href":"https:\/\/gay-tantra-shop.com\/de\/wp-json\/wp\/v2\/product_cat?post=291"},{"taxonomy":"product_tag","embeddable":true,"href":"https:\/\/gay-tantra-shop.com\/de\/wp-json\/wp\/v2\/product_tag?post=291"}],"curies":[{"name":"wp","href":"https:\/\/api.w.org\/{rel}","templated":true}]}}