{"id":293,"date":"2016-05-27T10:16:03","date_gmt":"2016-05-27T08:16:03","guid":{"rendered":"http:\/\/gay-tantra-shop.eu\/?post_type=product&#038;p=293"},"modified":"2024-04-11T16:21:36","modified_gmt":"2024-04-11T14:21:36","slug":"film-download-ultimate-gay-sex-armin-heining-2","status":"publish","type":"product","link":"https:\/\/gay-tantra-shop.com\/de\/produkt\/film-download-ultimate-gay-sex-armin-heining-2\/","title":{"rendered":"Download: Ultimate Gay Sex [Armin Heining]"},"content":{"rendered":"<p>Entwickle Deine Sexualit\u00e4t in h\u00f6chste Stadien!<\/p>\n","protected":false},"excerpt":{"rendered":"<p>Autor: Armin Heining<br \/>\nAltersfreigabe: Freigegeben ab 16 Jahren <br \/>\nVer\u00f6ffentlicht: November 2014 <br \/>\nSprache: Deutsch<br \/>\nSpieldauer: ca. 65 Minuten <br \/>\nDateiformat: .mp4 <br \/>\nDateigr\u00f6\u00dfe: 4 GB <\/p>\n<hr \/>\n<div class=\"gProdDescription\">Entwickle Deine Sexualit\u00e4t in h\u00f6chste Stadien!<br \/>\nLasse Dein ganzes Mann- und Menschsein daran teilhaben!GAY-TANTRA \u2013 Ultimate Gay Sex zeigt Dir auf eindr\u00fcckliche Weise, wie Du Deine sexuelle Spontanit\u00e4t und Kreativit\u00e4t steigern und dadurch Dich selbst entwickeln kannst.<\/p>\n<p>Lerne durch Atem und Visualisation verschiedene Ausdrucksformen Deiner Sexualit\u00e4t zu aktivieren. Dr\u00fccke diese in lustvollen Ber\u00fchrungen und Stimulationen aus. Erfahre, wie Du auf ganzheitliche Weise Deinen Partner lieben kannst, so dass K\u00f6rpergrenzen schmelzen und Ihr EINS werdet.<\/p>\n<\/div>\n","protected":false},"featured_media":5668,"comment_status":"open","ping_status":"closed","template":"","meta":[],"product_brand":[],"product_cat":[19,20,24],"product_tag":[],"class_list":{"0":"post-293","1":"product","2":"type-product","3":"status-publish","4":"has-post-thumbnail","6":"product_cat-downloads","7":"product_cat-gay-tantra-filme-downloads","8":"product_cat-ekstase-videos-gay-tantra-filme-downloads","10":"first","11":"instock","12":"downloadable","13":"virtual","14":"taxable","15":"purchasable","16":"product-type-simple"},"bundle_layout":"","bundled_by":[],"bundled_items":[],"aioseo_notices":[],"_links":{"self":[{"href":"https:\/\/gay-tantra-shop.com\/de\/wp-json\/wp\/v2\/product\/293","targetHints":{"allow":["GET"]}}],"collection":[{"href":"https:\/\/gay-tantra-shop.com\/de\/wp-json\/wp\/v2\/product"}],"about":[{"href":"https:\/\/gay-tantra-shop.com\/de\/wp-json\/wp\/v2\/types\/product"}],"replies":[{"embeddable":true,"href":"https:\/\/gay-tantra-shop.com\/de\/wp-json\/wp\/v2\/comments?post=293"}],"wp:featuredmedia":[{"embeddable":true,"href":"https:\/\/gay-tantra-shop.com\/de\/wp-json\/wp\/v2\/media\/5668"}],"wp:attachment":[{"href":"https:\/\/gay-tantra-shop.com\/de\/wp-json\/wp\/v2\/media?parent=293"}],"wp:term":[{"taxonomy":"product_brand","embeddable":true,"href":"https:\/\/gay-tantra-shop.com\/de\/wp-json\/wp\/v2\/product_brand?post=293"},{"taxonomy":"product_cat","embeddable":true,"href":"https:\/\/gay-tantra-shop.com\/de\/wp-json\/wp\/v2\/product_cat?post=293"},{"taxonomy":"product_tag","embeddable":true,"href":"https:\/\/gay-tantra-shop.com\/de\/wp-json\/wp\/v2\/product_tag?post=293"}],"curies":[{"name":"wp","href":"https:\/\/api.w.org\/{rel}","templated":true}]}}