{"id":304,"date":"2016-05-27T10:19:59","date_gmt":"2016-05-27T08:19:59","guid":{"rendered":"http:\/\/gay-tantra-shop.eu\/?post_type=product&#038;p=304"},"modified":"2024-04-11T16:19:13","modified_gmt":"2024-04-11T14:19:13","slug":"film-download-die-multiple-orgasmische-anal-und-prostata-massage-armin-heining","status":"publish","type":"product","link":"https:\/\/gay-tantra-shop.com\/de\/produkt\/film-download-die-multiple-orgasmische-anal-und-prostata-massage-armin-heining\/","title":{"rendered":"Download: Die multiple, orgasmische Anal- und Prostata-Massage [Armin Heining]"},"content":{"rendered":"<p>Prickelnde Lebendigkeit \u00fcberall im Becken sp\u00fcren!<\/p>\n","protected":false},"excerpt":{"rendered":"<p>Autor: Armin Heining<br \/>\nAltersfreigabe: Freigegeben ab 18 Jahren<br \/>\nVer\u00f6ffentlicht: November 2014<br \/>\nSprache: Deutsch<br \/>\nSpieldauer: ca. 46 Minuten<br \/>\nDateiformat: .mov<br \/>\nDateigr\u00f6\u00dfe: 3 GB<\/p>\n<hr \/>\n<p>&nbsp;<\/p>\n<p>Intime Ber\u00fchrungen der Anal- und Prostata-Massage werden einf\u00fchlsam dargestellt als Schl\u00fcssel zu multiplen, orgasmischen, analen Reaktionen. Auch der Einsteiger bekommt einen leichten Zugang dazu. Die begleitende Technik des &#8218;Anusatmens&#8216; l\u00e4dt sofort zum Mitmachen ein.<\/p>\n","protected":false},"featured_media":5634,"comment_status":"open","ping_status":"closed","template":"","meta":[],"product_brand":[],"product_cat":[19,20,24],"product_tag":[],"class_list":{"0":"post-304","1":"product","2":"type-product","3":"status-publish","4":"has-post-thumbnail","6":"product_cat-downloads","7":"product_cat-gay-tantra-filme-downloads","8":"product_cat-ekstase-videos-gay-tantra-filme-downloads","10":"first","11":"instock","12":"downloadable","13":"virtual","14":"taxable","15":"purchasable","16":"product-type-simple"},"bundle_layout":"","bundled_by":["1449"],"bundled_items":[],"aioseo_notices":[],"_links":{"self":[{"href":"https:\/\/gay-tantra-shop.com\/de\/wp-json\/wp\/v2\/product\/304","targetHints":{"allow":["GET"]}}],"collection":[{"href":"https:\/\/gay-tantra-shop.com\/de\/wp-json\/wp\/v2\/product"}],"about":[{"href":"https:\/\/gay-tantra-shop.com\/de\/wp-json\/wp\/v2\/types\/product"}],"replies":[{"embeddable":true,"href":"https:\/\/gay-tantra-shop.com\/de\/wp-json\/wp\/v2\/comments?post=304"}],"wp:featuredmedia":[{"embeddable":true,"href":"https:\/\/gay-tantra-shop.com\/de\/wp-json\/wp\/v2\/media\/5634"}],"wp:attachment":[{"href":"https:\/\/gay-tantra-shop.com\/de\/wp-json\/wp\/v2\/media?parent=304"}],"wp:term":[{"taxonomy":"product_brand","embeddable":true,"href":"https:\/\/gay-tantra-shop.com\/de\/wp-json\/wp\/v2\/product_brand?post=304"},{"taxonomy":"product_cat","embeddable":true,"href":"https:\/\/gay-tantra-shop.com\/de\/wp-json\/wp\/v2\/product_cat?post=304"},{"taxonomy":"product_tag","embeddable":true,"href":"https:\/\/gay-tantra-shop.com\/de\/wp-json\/wp\/v2\/product_tag?post=304"}],"curies":[{"name":"wp","href":"https:\/\/api.w.org\/{rel}","templated":true}]}}