{"id":32,"date":"2016-05-24T10:47:37","date_gmt":"2016-05-24T08:47:37","guid":{"rendered":"http:\/\/gay-tantra-shop.eu\/?post_type=product&#038;p=32"},"modified":"2023-12-27T16:09:47","modified_gmt":"2023-12-27T15:09:47","slug":"dvd-der-schwule-superorgasmus","status":"publish","type":"product","link":"https:\/\/gay-tantra-shop.com\/de\/produkt\/dvd-der-schwule-superorgasmus\/","title":{"rendered":"DVD: Der schwule Superorgasmus [Armin Heining]"},"content":{"rendered":"<p>Erwecke Dein ganzes sexuelles Potential!<\/p>\n","protected":false},"excerpt":{"rendered":"<p>Autor: Armin Heining<br \/>\nAltersfreigabe: Freigegeben ab 16 Jahren<br \/>\nVer\u00f6ffentlicht: November 2014<br \/>\nSprache: Deutsch<br \/>\nFormat: PAL<br \/>\nSpieldauer: ca. 64 Minuten Hauptfilm<br \/>\nExtras: ca. 7 Minuten von Armin Heining zu &#8218;Der Feueratemorgasmus&#8216;<br \/>\nca. 16 Minuten &#8218;Armin Heining: Was ist GAY-TANTRA?&#8216;, Monolog <\/p>\n<hr \/>\n<p>Erwecke Dein ganzes sexuelles Potential!<br \/>\nVerbinde es mit Leidenschaft &#8211; Fluss &#8211; Power &#8211; Liebe &#8211; Wahrheit &#8211; Klarheit und Einsicht.<\/p>\n<p>Durch GAY-TANTRA wirst Du Deinen K\u00f6rper, Deine Sexualit\u00e4t und Dein orgastisches Empfinden voll entfalten. Mehr Lebensenergie, Lebendigkeit, Leidenschaft und Zufriedenheit durchstr\u00f6men Dich. Praktiziere \u201aDie multiple, orgasmische Genital-Massage\u2019 in Verbindung mit der Stimulation von \u201aDie multiplen, orgasmischen Anal- und Prostata-Massage\u2019 (DVDs 2011). Leite die Erregung durch den ganzen K\u00f6rper \u2013 auf dass Gedanken und Willensimpulse sich aufl\u00f6sen in Elektrizit\u00e4t, W\u00e4rme, Str\u00f6men und in den gegenw\u00e4rtigen Moment.<\/p>\n<p>Lerne, wie sich die einzelnen Massagetechniken zusammensetzen und wie Du durch den sogenannten Feueratemorgasmus tiefste orgasmische Erlebnisse erzielen kannst.<\/p>\n","protected":false},"featured_media":5595,"comment_status":"open","ping_status":"closed","template":"","meta":[],"product_brand":[],"product_cat":[16,8,9],"product_tag":[],"class_list":{"0":"post-32","1":"product","2":"type-product","3":"status-publish","4":"has-post-thumbnail","6":"product_cat-webshop","7":"product_cat-gay-tantra-filme","8":"product_cat-ekstase-videos","10":"first","11":"outofstock","12":"taxable","13":"shipping-taxable","14":"purchasable","15":"product-type-simple"},"bundle_layout":"","bundled_by":[],"bundled_items":[],"aioseo_notices":[],"_links":{"self":[{"href":"https:\/\/gay-tantra-shop.com\/de\/wp-json\/wp\/v2\/product\/32","targetHints":{"allow":["GET"]}}],"collection":[{"href":"https:\/\/gay-tantra-shop.com\/de\/wp-json\/wp\/v2\/product"}],"about":[{"href":"https:\/\/gay-tantra-shop.com\/de\/wp-json\/wp\/v2\/types\/product"}],"replies":[{"embeddable":true,"href":"https:\/\/gay-tantra-shop.com\/de\/wp-json\/wp\/v2\/comments?post=32"}],"wp:featuredmedia":[{"embeddable":true,"href":"https:\/\/gay-tantra-shop.com\/de\/wp-json\/wp\/v2\/media\/5595"}],"wp:attachment":[{"href":"https:\/\/gay-tantra-shop.com\/de\/wp-json\/wp\/v2\/media?parent=32"}],"wp:term":[{"taxonomy":"product_brand","embeddable":true,"href":"https:\/\/gay-tantra-shop.com\/de\/wp-json\/wp\/v2\/product_brand?post=32"},{"taxonomy":"product_cat","embeddable":true,"href":"https:\/\/gay-tantra-shop.com\/de\/wp-json\/wp\/v2\/product_cat?post=32"},{"taxonomy":"product_tag","embeddable":true,"href":"https:\/\/gay-tantra-shop.com\/de\/wp-json\/wp\/v2\/product_tag?post=32"}],"curies":[{"name":"wp","href":"https:\/\/api.w.org\/{rel}","templated":true}]}}