{"id":38,"date":"2016-05-24T10:41:16","date_gmt":"2016-05-24T08:41:16","guid":{"rendered":"http:\/\/gay-tantra-shop.eu\/?post_type=product&#038;p=38"},"modified":"2022-02-12T13:41:12","modified_gmt":"2022-02-12T12:41:12","slug":"dvd-strong-man-armin-heining","status":"publish","type":"product","link":"https:\/\/gay-tantra-shop.com\/de\/produkt\/dvd-strong-man-armin-heining\/","title":{"rendered":"DVD: Strong Man [Armin Heining]"},"content":{"rendered":"<p>L\u00e4ngere und h\u00e4rtere Erektionen, kein vorzeitiger Samenerguss.<\/p>\n","protected":false},"excerpt":{"rendered":"<p>Autor: Armin Heining<br \/>\nVer\u00f6ffentlicht: Mai 2015<br \/>\nFSK: Freigegeben ab 16 Jahren<br \/>\nSprache: Deutsch<br \/>\nFormat: PAL<br \/>\nSpieldauer: ca. 63 Minuten Hauptfilm<br \/>\nExtras: ca 8 Minuten von Armin Heining \u00fcber &#039;Strong Man&#039;<br \/>\nca 16 Minunten &#8218;Armin Heining: Was ist GAY-TANTRA&#8216;, Monolog<\/p>\n<hr \/>\n<p>\nAusdauernder, h\u00e4rter, l\u00e4nger \u2013 mehr Potenz f\u00fcr den Mann!<\/p>\n<p>Eindr\u00fccklich lernst Du, wie Du sowohl durch tiefere Entspannung, als auch durch aktive Stimulation Deine Potenz steigern und vorzeitige Ejakulation verhindern kannst.<\/p>\n<p>Genie\u00dfe Dein gr\u00f6\u00dferes sexuelles Verm\u00f6gen und Deine Leistungsf\u00e4higkeit!<br \/>\nIm Bonusteil erf\u00e4hrst Du mehr zu den hintergr\u00fcndigen Problemen von Erektions- und Ejakulationsst\u00f6rungen. Du bekommst Einblicke in die GAY-TANTRA\u00ae Lehrg\u00e4nge und lernst den Begr\u00fcnder von GAY-TANTRA\u00ae, Armin Heining (seit 1992) n\u00e4her kennen.<\/p>\n","protected":false},"featured_media":5640,"comment_status":"open","ping_status":"closed","template":"","meta":[],"product_brand":[],"product_cat":[16,8,10],"product_tag":[],"class_list":{"0":"post-38","1":"product","2":"type-product","3":"status-publish","4":"has-post-thumbnail","6":"product_cat-webshop","7":"product_cat-gay-tantra-filme","8":"product_cat-ratgeber-videos","10":"first","11":"instock","12":"taxable","13":"shipping-taxable","14":"purchasable","15":"product-type-simple"},"bundle_layout":"","bundled_by":[],"bundled_items":[],"aioseo_notices":[],"_links":{"self":[{"href":"https:\/\/gay-tantra-shop.com\/de\/wp-json\/wp\/v2\/product\/38","targetHints":{"allow":["GET"]}}],"collection":[{"href":"https:\/\/gay-tantra-shop.com\/de\/wp-json\/wp\/v2\/product"}],"about":[{"href":"https:\/\/gay-tantra-shop.com\/de\/wp-json\/wp\/v2\/types\/product"}],"replies":[{"embeddable":true,"href":"https:\/\/gay-tantra-shop.com\/de\/wp-json\/wp\/v2\/comments?post=38"}],"wp:featuredmedia":[{"embeddable":true,"href":"https:\/\/gay-tantra-shop.com\/de\/wp-json\/wp\/v2\/media\/5640"}],"wp:attachment":[{"href":"https:\/\/gay-tantra-shop.com\/de\/wp-json\/wp\/v2\/media?parent=38"}],"wp:term":[{"taxonomy":"product_brand","embeddable":true,"href":"https:\/\/gay-tantra-shop.com\/de\/wp-json\/wp\/v2\/product_brand?post=38"},{"taxonomy":"product_cat","embeddable":true,"href":"https:\/\/gay-tantra-shop.com\/de\/wp-json\/wp\/v2\/product_cat?post=38"},{"taxonomy":"product_tag","embeddable":true,"href":"https:\/\/gay-tantra-shop.com\/de\/wp-json\/wp\/v2\/product_tag?post=38"}],"curies":[{"name":"wp","href":"https:\/\/api.w.org\/{rel}","templated":true}]}}