{"id":4444,"date":"2020-04-24T15:03:33","date_gmt":"2020-04-24T13:03:33","guid":{"rendered":"https:\/\/gay-tantra-shop.com\/?post_type=product&#038;p=4444"},"modified":"2025-02-12T12:14:36","modified_gmt":"2025-02-12T11:14:36","slug":"stille-ekstase-glueck-softcover","status":"publish","type":"product","link":"https:\/\/gay-tantra-shop.com\/de\/produkt\/stille-ekstase-glueck-softcover\/","title":{"rendered":"Stille, Ekstase, Gl\u00fcck &#8211; Wie ich als M\u00f6nch meditieren lernte und spirituelles Tantra entdeckte  [Armin Heining]"},"content":{"rendered":"<p><\/p>\n<p>Armin erz\u00e4hlt in seiner ungesch\u00f6nten Autobiographie packend von seinen pr\u00e4genden Jugendjahren <b>Softcover<\/b><\/p>\n<p><\/p>","protected":false},"excerpt":{"rendered":"<p>Armin Heining ISBN: 978-3-347-05031-0 Verlag Tredition 1. Auflage: Mai 2020 Softcover, 264 Seiten, 1 Farbseite 21,0 x 14,8 x 2,27 cm 498,6 Gramm<\/p>\n<h3><a href=\"https:\/\/gay-tantra-shop.com\/wp-content\/uploads\/2020\/05\/leseprobe-armin-heining.pdf\" target=\"_blank\" rel=\"noopener\"><u>Leseprobe<\/u><\/a><\/h3>\n<p>&nbsp;<\/p>\n<h3>Zum Buch<\/h3>\n<p>Ein Jugendlicher in der Provinz Altbayerns: hin- und hergerissen zwischen religi\u00f6ser Schicksalsergebenheit und der Entdeckung seiner Sexualit\u00e4t. Als der Einberufungsbescheid naht, scheint es nur eine M\u00f6glichkeit zu geben.<br \/>\nAber hat Armin die richtige Entscheidung getroffen mit dem Eintritt ins Kloster? Kann der Z\u00f6libat wirklich seine Leidenschaft im Zaum halten?<br \/>\nAls er w\u00e4hrend des Theologiestudiums T\u00fcr an T\u00fcr mit einem umschw\u00e4rmten Mitbruder wohnt, wird seine Gewissenhaftigkeit auf eine ungeahnte Bew\u00e4hrungsprobe gestellt. Die Geschehnisse eines hei\u00dfen Sommertages setzen eine Folge dramatischer Ereignisse in Gang, die Armins Leben auf unvorhergesehene Art und Weise ver\u00e4ndern werden. Wer steht dem jungen M\u00f6nch in den finsteren Momenten innerer Zerrissenheit bei? Wer versteht Armin aus tiefstem Herzen und kann ihm einen neuen Weg weisen? Wird die katholische Kirche seinen tiefen Fall aufhalten k\u00f6nnen?<\/p>\n<p>Heiliger oder Gosse, Orden oder Orgasmus, Kloster oder sexuelle Ekstase \u2013 Armin Heining erz\u00e4hlt in seiner ungesch\u00f6nten Autobiographie packend von seinen pr\u00e4genden Jugendjahren: Dem verzweifelten Ringen um ein authentisches Leben zwischen Sexualit\u00e4t und Spiritualit\u00e4t, der Hoffnung auf Heilung seelischer Verwirrungen sowie der erleuchtenden und begl\u00fcckenden Erkenntnis, dass auch der verschlungenste Weg einem Plan folgt.<\/p>\n<p>&nbsp;<\/p>\n<hr \/>\n<p>&nbsp;<\/p>\n<h3>Zum Autor<\/h3>\n<p>Armin Heining, geboren 1960, wuchs in Cham\/Oberpfalz auf. Nach dem Abitur trat er in das Benediktinerkloster von Metten\/Niederbayern ein und studierte Katholische Theologie in W\u00fcrzburg.<br \/>\nNach Jahren tiefer innerer Auseinandersetzung und therapeutischen Prozessen verlie\u00df er 1990 im Einvernehmen die Abtei.<br \/>\nSeinem Herzen folgend gr\u00fcndete er 1992 in N\u00fcrnberg GAY-TANTRA und lebt heute als Gro\u00dfstadtm\u00f6nch in Berlin. Von dort bereist der Autor und Regisseur zahlreicher wegweisender Lehr- und Ratgeberfilme die Welt. Als internationaler Coach lehrt er auf zwei Kontinenten seine Philosophie der Gl\u00fcckseligkeit:<br \/>\n<strong>\u00bbMeditation ist die intimste Weise, mit sich \u2013 die tantrische Vereinigung die intimste Weise, mit einem Menschen zu sein. Und die Weisheitslehre von \u203aEin Kurs in Wundern\u2039 zeigt den Weg zu einem offenen Herzen \u2013 frei von Ego, voller Liebe.<\/strong><\/p>\n","protected":false},"featured_media":5601,"comment_status":"open","ping_status":"closed","template":"","meta":[],"product_brand":[],"product_cat":[82,16,12],"product_tag":[88,87,93,84,99,94,92,95,85,97,90,91,83,86,96],"class_list":{"0":"post-4444","1":"product","2":"type-product","3":"status-publish","4":"has-post-thumbnail","6":"product_cat-armin-heining","7":"product_cat-webshop","8":"product_cat-livres","9":"product_tag-armin","10":"product_tag-armin-heining","11":"product_tag-benediktiner","12":"product_tag-ekstase","13":"product_tag-glueck","14":"product_tag-herzensgebet","15":"product_tag-kloster","16":"product_tag-kontemplation","17":"product_tag-meditation","18":"product_tag-mystik","19":"product_tag-sexualitaet","20":"product_tag-spiritualitaet","21":"product_tag-stille","22":"product_tag-tantra","23":"product_tag-zen","24":"product_shipping_class-delivery","26":"first","27":"instock","28":"sold-individually","29":"taxable","30":"shipping-taxable","31":"purchasable","32":"product-type-simple"},"bundle_layout":"","bundled_by":[],"bundled_items":[],"aioseo_notices":[],"_links":{"self":[{"href":"https:\/\/gay-tantra-shop.com\/de\/wp-json\/wp\/v2\/product\/4444","targetHints":{"allow":["GET"]}}],"collection":[{"href":"https:\/\/gay-tantra-shop.com\/de\/wp-json\/wp\/v2\/product"}],"about":[{"href":"https:\/\/gay-tantra-shop.com\/de\/wp-json\/wp\/v2\/types\/product"}],"replies":[{"embeddable":true,"href":"https:\/\/gay-tantra-shop.com\/de\/wp-json\/wp\/v2\/comments?post=4444"}],"wp:featuredmedia":[{"embeddable":true,"href":"https:\/\/gay-tantra-shop.com\/de\/wp-json\/wp\/v2\/media\/5601"}],"wp:attachment":[{"href":"https:\/\/gay-tantra-shop.com\/de\/wp-json\/wp\/v2\/media?parent=4444"}],"wp:term":[{"taxonomy":"product_brand","embeddable":true,"href":"https:\/\/gay-tantra-shop.com\/de\/wp-json\/wp\/v2\/product_brand?post=4444"},{"taxonomy":"product_cat","embeddable":true,"href":"https:\/\/gay-tantra-shop.com\/de\/wp-json\/wp\/v2\/product_cat?post=4444"},{"taxonomy":"product_tag","embeddable":true,"href":"https:\/\/gay-tantra-shop.com\/de\/wp-json\/wp\/v2\/product_tag?post=4444"}],"curies":[{"name":"wp","href":"https:\/\/api.w.org\/{rel}","templated":true}]}}