{"id":5470,"date":"2021-12-16T15:18:12","date_gmt":"2021-12-16T14:18:12","guid":{"rendered":"https:\/\/gay-tantra-shop.com\/?post_type=product&#038;p=5470"},"modified":"2022-04-13T21:11:06","modified_gmt":"2022-04-13T19:11:06","slug":"interview-heterosexuelle-maenner-im-homosexuellen-tantra","status":"publish","type":"product","link":"https:\/\/gay-tantra-shop.com\/de\/produkt\/interview-heterosexuelle-maenner-im-homosexuellen-tantra\/","title":{"rendered":"Interview: Heterosexuelle M\u00e4nner im homosexuellen Tantra"},"content":{"rendered":"<p>Wie heterosexuelle M\u00e4nner vom homosexuellen Tantra profitieren k\u00f6nnnen.<\/p>","protected":false},"excerpt":{"rendered":"<p>F\u00fcr den heterosexuellen Mann f\u00e4llt der Anker seiner eigenen sexuellen Orientierung im Gruppenleiter weg: Pl\u00f6tzlich leitet ein Schwuler gleiche oder \u00e4hnliche Rituale an. Das er\u00f6ffnet einen Raum, noch tiefer bei sich selbst, in seiner eigenen Kraft und sexuellen Identit\u00e4t anzukommen.<br \/>\nInterview mit Armin Heining, GAY-TANTRA Begr\u00fcnder (1992)<\/p>\n<p>Ver\u00f6ffentlicht: Oktober 2021<br \/>\nDauer: 5:27 Minuten<br \/>\nSprache: Deutsch<br \/>\nDateiformat: MP4<br \/>\nDateigr\u00f6\u00dfe: 205 MB<br \/>\nKopierschutz: Keiner &#8211; das Produkt ist nur f\u00fcr den K\u00e4ufer bestimmt.<\/p>\n","protected":false},"featured_media":5727,"comment_status":"open","ping_status":"closed","template":"","meta":[],"product_brand":[],"product_cat":[19,20,56],"product_tag":[],"class_list":{"0":"post-5470","1":"product","2":"type-product","3":"status-publish","4":"has-post-thumbnail","6":"product_cat-downloads","7":"product_cat-gay-tantra-filme-downloads","8":"product_cat-bonusfilme","10":"first","11":"instock","12":"downloadable","13":"virtual","14":"taxable","15":"purchasable","16":"product-type-simple"},"bundle_layout":"","bundled_by":[],"bundled_items":[],"aioseo_notices":[],"_links":{"self":[{"href":"https:\/\/gay-tantra-shop.com\/de\/wp-json\/wp\/v2\/product\/5470","targetHints":{"allow":["GET"]}}],"collection":[{"href":"https:\/\/gay-tantra-shop.com\/de\/wp-json\/wp\/v2\/product"}],"about":[{"href":"https:\/\/gay-tantra-shop.com\/de\/wp-json\/wp\/v2\/types\/product"}],"replies":[{"embeddable":true,"href":"https:\/\/gay-tantra-shop.com\/de\/wp-json\/wp\/v2\/comments?post=5470"}],"wp:featuredmedia":[{"embeddable":true,"href":"https:\/\/gay-tantra-shop.com\/de\/wp-json\/wp\/v2\/media\/5727"}],"wp:attachment":[{"href":"https:\/\/gay-tantra-shop.com\/de\/wp-json\/wp\/v2\/media?parent=5470"}],"wp:term":[{"taxonomy":"product_brand","embeddable":true,"href":"https:\/\/gay-tantra-shop.com\/de\/wp-json\/wp\/v2\/product_brand?post=5470"},{"taxonomy":"product_cat","embeddable":true,"href":"https:\/\/gay-tantra-shop.com\/de\/wp-json\/wp\/v2\/product_cat?post=5470"},{"taxonomy":"product_tag","embeddable":true,"href":"https:\/\/gay-tantra-shop.com\/de\/wp-json\/wp\/v2\/product_tag?post=5470"}],"curies":[{"name":"wp","href":"https:\/\/api.w.org\/{rel}","templated":true}]}}