{"id":6780,"date":"2024-12-09T17:16:45","date_gmt":"2024-12-09T16:16:45","guid":{"rendered":"https:\/\/gay-tantra-shop.com\/?post_type=product&#038;p=6780"},"modified":"2025-02-12T12:53:09","modified_gmt":"2025-02-12T11:53:09","slug":"ich-habe-die-welt-erschaffen-softcover","status":"publish","type":"product","link":"https:\/\/gay-tantra-shop.com\/de\/produkt\/ich-habe-die-welt-erschaffen-softcover\/","title":{"rendered":"Ich habe die Welt erschaffen &#8211; Wie ich als Tantra-Lehrer ein Junkie wurde und die Liebe wiederentdeckte"},"content":{"rendered":"<p>Armin erz\u00e4hlt schonungslos ehrlich und mitrei\u00dfend von den Anf\u00e4ngen und seinem Wirken als Tantra-Lehrer.<br \/>\n<b>Softcover<\/b><\/p>\n<p><\/p>","protected":false},"excerpt":{"rendered":"<p>Armin Heining <br \/>\nISBN: 978-3-384-377302<br \/>\nVerlag Tredition 1. Auflage: Januar 2025<br \/>\nSoftcover, 352 Seiten, davon 8 Farbseiten<br \/>\n21,0 x 14,8 x 2,27 cm <br \/>\n531,6 Gramm<\/p>\n<p><a href=\"https:\/\/armin-heining.com\/wp-content\/uploads\/Leseprobe-Band2.pdf\" target=\"_blank\" rel=\"noopener\"><\/p>\n<p><strong>Leseprobe<\/strong><\/a><\/p>\n<p>&nbsp;<\/p>\n<h3>Zum Buch<\/h3>\n<p>Eine geheimnisvolle Pflanzengottheit, eine angriffslustige Tante und eine Mentaltrainerin am Abgrund. Wer wird zu Armins Absturz beitragen? Wer kann ihn vor dem tiefen Fall bewahren?<\/p>\n<p>Nachdem wir den gel\u00e4uterten M\u00f6nch Frater Christoph im ersten Band seiner Autobiographie auf dem Gipfelpunkt zur\u00fcckgelassen haben, finden wir nun einen desillusionierten jungen Mann Armin Heining vor.\u00a0<\/p>\n<p>Zu seiner \u00dcberraschung hat sich der Wind gedreht und ihn in die Niederungen des Alltags hinabgeweht. Hier hat niemand auf den frisch gebackenen Tantra-Lehrer gewartet. Eine Zufallsbekanntschaft gibt sich jedoch als Helfer in der Not zu erkennen.<\/p>\n<p>Aber ist dieser Mann wirklich vertrauensw\u00fcrdig? Oder ist er der Gestalt gewordene Nachtmahr?<\/p>\n<p>Armin tut sich immer schwerer Freund von Feind zu unterscheiden, als er daran zweifelt, ob er f\u00fcr diese Erde \u00fcberhaupt geschaffen ist. Die Menschen, auf die er z\u00e4hlt, lotsen ihn in eine Welt, die am Abgrund m\u00fcnden wird. Die Vertreibung der b\u00f6sen Geister stellt sich als Pr\u00fcfung seines wahren Charakters heraus. Hat er genug gelernt, um auch diese Herausforderung zu meistern?<\/p>\n<p>Drogen oder Liebe, Wahn oder Wirklichkeit, Verrat oder Vertrauen \u2013 in schonungsloser Ehrlichkeit erz\u00e4hlt Armin Heining auch in seinem zweiten Band mitrei\u00dfend von seinem Leben: Den Anf\u00e4ngen und seinem Wirken als Tantra-Lehrer, dem verzweifelten Ringen um ein authentisches Leben in Privat, Familie und Beruf, Sexualit\u00e4t und Spiritualit\u00e4t, der Hoffnung auf Heilung seelischer Verwirrungen sowie der erneuten Erkenntnis, dass auch der verschlungenste Weg einem Plan folgt.<\/p>\n","protected":false},"featured_media":6761,"comment_status":"open","ping_status":"closed","template":"","meta":[],"product_brand":[],"product_cat":[82,16,12],"product_tag":[88,87,93,120,119,118,124,123,84,116,117,114,97,121,86,115,122],"class_list":{"0":"post-6780","1":"product","2":"type-product","3":"status-publish","4":"has-post-thumbnail","6":"product_cat-armin-heining","7":"product_cat-webshop","8":"product_cat-livres","9":"product_tag-armin","10":"product_tag-armin-heining","11":"product_tag-benediktiner","12":"product_tag-chem-sex","13":"product_tag-chems","14":"product_tag-crystal-meth","15":"product_tag-ein-kurs-in-wundern","16":"product_tag-ekiw","17":"product_tag-ekstase","18":"product_tag-gay-tantra","19":"product_tag-junkie","20":"product_tag-moench","21":"product_tag-mystik","22":"product_tag-sex-on-chems","23":"product_tag-tantra","24":"product_tag-tantra-lehrer","25":"product_tag-versenkung","27":"first","28":"instock","29":"taxable","30":"shipping-taxable","31":"purchasable","32":"product-type-simple"},"bundle_layout":"","bundled_by":[],"bundled_items":[],"aioseo_notices":[],"_links":{"self":[{"href":"https:\/\/gay-tantra-shop.com\/de\/wp-json\/wp\/v2\/product\/6780","targetHints":{"allow":["GET"]}}],"collection":[{"href":"https:\/\/gay-tantra-shop.com\/de\/wp-json\/wp\/v2\/product"}],"about":[{"href":"https:\/\/gay-tantra-shop.com\/de\/wp-json\/wp\/v2\/types\/product"}],"replies":[{"embeddable":true,"href":"https:\/\/gay-tantra-shop.com\/de\/wp-json\/wp\/v2\/comments?post=6780"}],"wp:featuredmedia":[{"embeddable":true,"href":"https:\/\/gay-tantra-shop.com\/de\/wp-json\/wp\/v2\/media\/6761"}],"wp:attachment":[{"href":"https:\/\/gay-tantra-shop.com\/de\/wp-json\/wp\/v2\/media?parent=6780"}],"wp:term":[{"taxonomy":"product_brand","embeddable":true,"href":"https:\/\/gay-tantra-shop.com\/de\/wp-json\/wp\/v2\/product_brand?post=6780"},{"taxonomy":"product_cat","embeddable":true,"href":"https:\/\/gay-tantra-shop.com\/de\/wp-json\/wp\/v2\/product_cat?post=6780"},{"taxonomy":"product_tag","embeddable":true,"href":"https:\/\/gay-tantra-shop.com\/de\/wp-json\/wp\/v2\/product_tag?post=6780"}],"curies":[{"name":"wp","href":"https:\/\/api.w.org\/{rel}","templated":true}]}}