{"id":6877,"date":"2025-02-12T08:55:31","date_gmt":"2025-02-12T07:55:31","guid":{"rendered":"https:\/\/gay-tantra-shop.com\/?post_type=product&#038;p=6877"},"modified":"2025-02-12T12:51:51","modified_gmt":"2025-02-12T11:51:51","slug":"armin-heining-autobiographie-band-2","status":"publish","type":"product","link":"https:\/\/gay-tantra-shop.com\/de\/produkt\/armin-heining-autobiographie-band-2\/","title":{"rendered":"Ich habe die Welt erschaffen \u2013 Wie ich als Tantra-Lehrer ein Junkie wurde und die Liebe wiederentdeckte  [Armin Heining]"},"content":{"rendered":"<p><\/p>\n<p>Armin erz\u00e4hlt schonungslos ehrlich und mitrei\u00dfend von den Anf\u00e4ngen und seinem Wirken als Tantra-Lehrer.<br \/><b>E-Book<\/b><\/p>\n<p><\/p>","protected":false},"excerpt":{"rendered":"<p>Armin Heining<br \/>\nISBN<\/strong>: 978-3-384-377xxx<br \/>\nVerlag Tredition<br \/>\n<br \/>\n<\/strong><\/div>\n<h3><a href=\"https:\/\/armin-heining.com\/wp-content\/uploads\/Leseprobe-Band2.pdf\" target=\"_blank\" rel=\"noopener\"><u>Leseprobe<\/u><\/a><\/h3>\n<p>&nbsp;<\/p>\n<h3>Zum Buch<\/h3>\n<p>Eine geheimnisvolle Pflanzengottheit, eine angriffslustige Tante und eine Mentaltrainerin am Abgrund. Wer wird zu Armins Absturz beitragen? Wer kann ihn vor dem tiefen Fall bewahren?<\/p>\n<p>Nachdem wir den gel\u00e4uterten M\u00f6nch Frater Christoph im ersten Band seiner Autobiographie auf dem Gipfelpunkt zur\u00fcckgelassen haben, finden wir nun einen desillusionierten jungen Mann Armin Heining vor.<\/p>\n<p>Zu seiner \u00dcberraschung hat sich der Wind gedreht und ihn in die Niederungen des Alltags hinabgeweht. Hier hat niemand auf den frisch gebackenen Tantra-Lehrer gewartet. Eine Zufallsbekanntschaft gibt sich jedoch als Helfer in der Not zu erkennen.<\/p>\n<p>Aber ist dieser Mann wirklich vertrauensw\u00fcrdig? Oder ist er der Gestalt gewordene Nachtmahr?<\/p>\n<p>Armin tut sich immer schwerer Freund von Feind zu unterscheiden, als er daran zweifelt, ob er f\u00fcr diese Erde \u00fcberhaupt geschaffen ist. Die Menschen, auf die er z\u00e4hlt, lotsen ihn in eine Welt, die am Abgrund m\u00fcnden wird. Die Vertreibung der b\u00f6sen Geister stellt sich als Pr\u00fcfung seines wahren Charakters heraus. Hat er genug gelernt, um auch diese Herausforderung zu meistern?<\/p>\n<p>Drogen oder Liebe, Wahn oder Wirklichkeit, Verrat oder Vertrauen \u2013 in schonungsloser Ehrlichkeit erz\u00e4hlt Armin Heining auch in seinem zweiten Band mitrei\u00dfend von seinem Leben: Den Anf\u00e4ngen und seinem Wirken als Tantra-Lehrer, dem verzweifelten Ringen um ein authentisches Leben in Privat und Beruf, Sexualit\u00e4t und Spiritualit\u00e4t, der Hoffnung auf Heilung seelischer Verwirrungen sowie der erneuten Erkenntnis, dass auch der verschlungenste Weg einem Plan folgt.<\/p>\n<p><br\\><br\\><br \/>\n<\/p>\n<h3>Zum Autor<\/h3>\n<p>Armin Heining, geboren 1960, wuchs in Cham\/Oberpfalz auf. Nach dem Abitur trat er in das Benediktinerkloster von Metten\/Niederbayern ein und studierte Katholische Theologie in W\u00fcrzburg.<br \/>\nNach Jahren tiefer innerer Auseinandersetzung und therapeutischen Prozessen verlie\u00df er 1990 im Einvernehmen die Abtei.<br \/>\nSeinem Herzen folgend gr\u00fcndete er 1992 in N\u00fcrnberg GAY-TANTRA und lebt heute als Gro\u00dfstadtm\u00f6nch in Berlin. Von dort bereist der Autor und Regisseur zahlreicher wegweisender Lehr- und Ratgeberfilme die Welt. Als internationaler Coach lehrt er auf zwei Kontinenten seine Philosophie der Gl\u00fcckseligkeit:<br \/>\n<strong>\u00bbMeditation ist die intimste Weise, mit sich \u2013 und die tantrische Vereinigung die intimste Weise, mit einem Menschen zu sein. Und die Weisheitslehre von \u203aEin Kurs in Wundern\u2039 zeigt den Weg zu einem offenen Herzen \u2013 frei von Ego, voller Liebe.\u00ab<\/strong><\/p>\n<p><\/p>\n<p>E-Book, 352 Seiten, davon 8 Farbseiten<br \/>\n21,0 x 14,8 x 1,7 cm<\/p>\n","protected":false},"featured_media":6761,"comment_status":"open","ping_status":"closed","template":"","meta":[],"product_brand":[],"product_cat":[100,19,21],"product_tag":[88,87,141,93,120,137,124,123,84,138,99,94,92,142,85,97,143,121,90,91,86,140,96],"class_list":{"0":"post-6877","1":"product","2":"type-product","3":"status-publish","4":"has-post-thumbnail","6":"product_cat-armin-heining-bucher-downloads","7":"product_cat-downloads","8":"product_cat-bucher-downloads","9":"product_tag-armin","10":"product_tag-armin-heining","11":"product_tag-autobiographie","12":"product_tag-benediktiner","13":"product_tag-chem-sex","14":"product_tag-drogen","15":"product_tag-ein-kurs-in-wundern","16":"product_tag-ekiw","17":"product_tag-ekstase","18":"product_tag-emotionaler-missbrauch","19":"product_tag-glueck","20":"product_tag-herzensgebet","21":"product_tag-kloster","22":"product_tag-liebe","23":"product_tag-meditation","24":"product_tag-mystik","25":"product_tag-roman","26":"product_tag-sex-on-chems","27":"product_tag-sexualitaet","28":"product_tag-spiritualitaet","29":"product_tag-tantra","30":"product_tag-ueberflieger","31":"product_tag-zen","33":"first","34":"instock","35":"taxable","36":"shipping-taxable","37":"product-type-external"},"bundle_layout":"","bundled_by":[],"bundled_items":[],"aioseo_notices":[],"_links":{"self":[{"href":"https:\/\/gay-tantra-shop.com\/de\/wp-json\/wp\/v2\/product\/6877","targetHints":{"allow":["GET"]}}],"collection":[{"href":"https:\/\/gay-tantra-shop.com\/de\/wp-json\/wp\/v2\/product"}],"about":[{"href":"https:\/\/gay-tantra-shop.com\/de\/wp-json\/wp\/v2\/types\/product"}],"replies":[{"embeddable":true,"href":"https:\/\/gay-tantra-shop.com\/de\/wp-json\/wp\/v2\/comments?post=6877"}],"wp:featuredmedia":[{"embeddable":true,"href":"https:\/\/gay-tantra-shop.com\/de\/wp-json\/wp\/v2\/media\/6761"}],"wp:attachment":[{"href":"https:\/\/gay-tantra-shop.com\/de\/wp-json\/wp\/v2\/media?parent=6877"}],"wp:term":[{"taxonomy":"product_brand","embeddable":true,"href":"https:\/\/gay-tantra-shop.com\/de\/wp-json\/wp\/v2\/product_brand?post=6877"},{"taxonomy":"product_cat","embeddable":true,"href":"https:\/\/gay-tantra-shop.com\/de\/wp-json\/wp\/v2\/product_cat?post=6877"},{"taxonomy":"product_tag","embeddable":true,"href":"https:\/\/gay-tantra-shop.com\/de\/wp-json\/wp\/v2\/product_tag?post=6877"}],"curies":[{"name":"wp","href":"https:\/\/api.w.org\/{rel}","templated":true}]}}