{"id":6878,"date":"2025-02-12T17:36:14","date_gmt":"2025-02-12T16:36:14","guid":{"rendered":"https:\/\/gay-tantra-shop.com\/?post_type=product&#038;p=6878"},"modified":"2025-02-12T18:33:42","modified_gmt":"2025-02-12T17:33:42","slug":"armin-heining-autobiographie-band-1-2","status":"publish","type":"product","link":"https:\/\/gay-tantra-shop.com\/de\/produkt\/armin-heining-autobiographie-band-1-2\/","title":{"rendered":"Armin Heining Autobiographie Band 1 &#038; 2"},"content":{"rendered":"<p>Armin erz\u00e4hlt schonungslos ehrlich und mitrei\u00dfend von seiner fr\u00fchen Kindheit, Jugend- und Klosterzeit (Band 1) sowie von den Anf\u00e4ngen und seinem Wirken als Tantra-Lehrer (Band 2).<br \/>\n<b>Hardcover<\/b><\/p>\n<p><\/p>","protected":false},"excerpt":{"rendered":"<p>Stille, Ekstase, Gl\u00fcck [Band 1]<br \/>\nISBN: 978-3-347-05032-7<br \/>\nVerlag Tredition 1. Auflage: Mai 2020 <br \/>\nHardcover, 264 Seiten, 1 Farbseite<br \/>\n21,0 x 14,8 x 2,27 cm <br \/>\n531,6 Gramm <\/p>\n<p><a href=\"https:\/\/gay-tantra-shop.com\/wp-content\/uploads\/2020\/05\/leseprobe-armin-heining.pdf\" target=\"_blank\" rel=\"noopener\"><u>Leseprobe<\/u><\/a><\/p>\n<p>&nbsp;<\/p>\n<p>Ich habe die Welt erschaffen [Band 2]<br \/>\nISBN: 978-3-384-37730-2<br \/>\nVerlag Tredition 1. Auflage: Januar 2025<br \/>\nHardcover, 352 Seiten, davon 8 Farbseiten<br \/>\n21,0 x 14,8 x 2,27 cm <br \/>\n531,6 Gramm<\/p>\n<p><a href=\"https:\/\/armin-heining.com\/wp-content\/uploads\/Leseprobe-Band2.pdf\" target=\"_blank\" rel=\"noopener\"><\/p>\n<p><strong>Leseprobe<\/strong><\/a><\/p>\n<p>&nbsp;<\/p>\n<h3>Band 1:<\/h3>\n<p>Ein Jugendlicher in der Provinz Altbayerns: hin- und hergerissen zwischen religi\u00f6ser Schicksalsergebenheit und der Entdeckung seiner Sexualit\u00e4t. Als der Einberufungsbescheid naht, scheint es nur eine M\u00f6glichkeit zu geben.<br \/>\nAber hat Armin die richtige Entscheidung getroffen mit dem Eintritt ins Kloster? Kann der Z\u00f6libat wirklich seine Leidenschaft im Zaum halten?<br \/>\nAls er w\u00e4hrend des Theologiestudiums T\u00fcr an T\u00fcr mit einem umschw\u00e4rmten Mitbruder wohnt, wird seine Gewissenhaftigkeit auf eine ungeahnte Bew\u00e4hrungsprobe gestellt. Die Geschehnisse eines hei\u00dfen Sommertages setzen eine Folge dramatischer Ereignisse in Gang, die Armins Leben auf unvorhergesehene Art und Weise ver\u00e4ndern werden. Wer steht dem jungen M\u00f6nch in den finsteren Momenten innerer Zerrissenheit bei? Wer versteht Armin aus tiefstem Herzen und kann ihm einen neuen Weg weisen? Wird die katholische Kirche seinen tiefen Fall aufhalten k\u00f6nnen?<\/p>\n<h3>Band 2:<\/h3>\n<p>Eine geheimnisvolle Pflanzengottheit, eine angriffslustige Tante und eine Mentaltrainerin am Abgrund. Wer wird zu Armins Absturz beitragen? Wer kann ihn vor dem tiefen Fall bewahren?<\/p>\n<p>Nachdem wir den gel\u00e4uterten M\u00f6nch Frater Christoph im ersten Band auf dem Gipfelpunkt zur\u00fcckgelassen haben, finden wir nun einen desillusionierten jungen Mann Armin Heining vor.<br \/>\nZu seiner \u00dcberraschung hat sich der Wind gedreht und ihn in die Niederungen des Alltags hinabgeweht. Hier hat niemand auf den frisch gebackenen Tantra-Lehrer gewartet. Eine Zufallsbekanntschaft gibt sich jedoch als Helfer in der Not zu erkennen.<\/p>\n<p>Aber ist dieser Mann wirklich vertrauensw\u00fcrdig? Oder ist er der Gestalt gewordene Nachtmahr?<\/p>\n<p>Armin tut sich immer schwerer Freund von Feind zu unterscheiden, als er daran zweifelt, ob er f\u00fcr diese Erde \u00fcberhaupt geschaffen ist. Die Menschen, auf die er z\u00e4hlt, lotsen ihn in eine Welt, die am Abgrund m\u00fcnden wird. Die Vertreibung der b\u00f6sen Geister stellt sich als Pr\u00fcfung seines wahren Charakters heraus. Hat er genug gelernt, um auch diese Herausforderung zu meistern?<\/p>\n<p>Armin Heining erz\u00e4hlt in seinen ungesch\u00f6nten Autobiographien packend von seinem Leben: Seinen pr\u00e4genden Kindheits-, Jugend- und Klosterjahren mit dem schier hoffnungslosen Ringen um ein authentisches Leben (Band 1), den Anf\u00e4ngen und seinem Wirken als Tantra-Lehrer (Band 2), das Vertrauen auf Heilung seelischer Verwirrungen sowie der wiederkehrenden und begl\u00fcckenden Erkenntnis, dass auch der verschlungenste Weg einem Plan folgt.<\/p>\n","protected":false},"featured_media":6879,"comment_status":"open","ping_status":"closed","template":"","meta":[],"product_brand":[],"product_cat":[82,16,12],"product_tag":[144,93,120,119,118,137,84,116,99,94,117,92,95,136,97,83,86,115,140,96],"class_list":{"0":"post-6878","1":"product","2":"type-product","3":"status-publish","4":"has-post-thumbnail","6":"product_cat-armin-heining","7":"product_cat-webshop","8":"product_cat-livres","9":"product_tag-abtei","10":"product_tag-benediktiner","11":"product_tag-chem-sex","12":"product_tag-chems","13":"product_tag-crystal-meth","14":"product_tag-drogen","15":"product_tag-ekstase","16":"product_tag-gay-tantra","17":"product_tag-glueck","18":"product_tag-herzensgebet","19":"product_tag-junkie","20":"product_tag-kloster","21":"product_tag-kontemplation","22":"product_tag-meth","23":"product_tag-mystik","24":"product_tag-stille","25":"product_tag-tantra","26":"product_tag-tantra-lehrer","27":"product_tag-ueberflieger","28":"product_tag-zen","30":"first","31":"instock","32":"taxable","33":"shipping-taxable","34":"purchasable","35":"product-type-simple"},"bundle_layout":"","bundled_by":[],"bundled_items":[],"aioseo_notices":[],"_links":{"self":[{"href":"https:\/\/gay-tantra-shop.com\/de\/wp-json\/wp\/v2\/product\/6878","targetHints":{"allow":["GET"]}}],"collection":[{"href":"https:\/\/gay-tantra-shop.com\/de\/wp-json\/wp\/v2\/product"}],"about":[{"href":"https:\/\/gay-tantra-shop.com\/de\/wp-json\/wp\/v2\/types\/product"}],"replies":[{"embeddable":true,"href":"https:\/\/gay-tantra-shop.com\/de\/wp-json\/wp\/v2\/comments?post=6878"}],"wp:featuredmedia":[{"embeddable":true,"href":"https:\/\/gay-tantra-shop.com\/de\/wp-json\/wp\/v2\/media\/6879"}],"wp:attachment":[{"href":"https:\/\/gay-tantra-shop.com\/de\/wp-json\/wp\/v2\/media?parent=6878"}],"wp:term":[{"taxonomy":"product_brand","embeddable":true,"href":"https:\/\/gay-tantra-shop.com\/de\/wp-json\/wp\/v2\/product_brand?post=6878"},{"taxonomy":"product_cat","embeddable":true,"href":"https:\/\/gay-tantra-shop.com\/de\/wp-json\/wp\/v2\/product_cat?post=6878"},{"taxonomy":"product_tag","embeddable":true,"href":"https:\/\/gay-tantra-shop.com\/de\/wp-json\/wp\/v2\/product_tag?post=6878"}],"curies":[{"name":"wp","href":"https:\/\/api.w.org\/{rel}","templated":true}]}}