{"id":755,"date":"2016-06-16T16:09:32","date_gmt":"2016-06-16T14:09:32","guid":{"rendered":"http:\/\/gay-tantra-shop.eu\/shop\/downloads\/film-download-massages-erotiques-pour-lui-armin-heining\/"},"modified":"2022-02-23T12:19:25","modified_gmt":"2022-02-23T11:19:25","slug":"film-download-massages-erotiques-pour-lui-armin-heining","status":"publish","type":"product","link":"https:\/\/gay-tantra-shop.com\/de\/produkt\/film-download-massages-erotiques-pour-lui-armin-heining\/","title":{"rendered":"T\u00e9l\u00e9charger: Massages \u00c9rotiques Pour Lui [Armin Heining]"},"content":{"rendered":"<p>Devenez ma\u00eetre dans l\u2019art de masser !<\/p>\n","protected":false},"excerpt":{"rendered":"<div class=\"gProdDescription\"><strong>Armin Heining<\/strong><\/div>\n<div class=\"gCod\"><strong>Restriction d&#8217;\u00e2ge<\/strong>: 16<\/div>\n<div class=\"gCod\">Gr\u00e2ce \u00e0 GAY-TANTRA, apprenez les meilleures techniques de massage pour donner un maximum de plaisir \u00e0 votre partenaire.<\/div>\n<div class=\"gProdDescription\">\n<p>D\u00e9couvrez les bons gestes \u00e0 faire selon les diff\u00e9rentes zones du corps et devenez ma\u00eetre dans l\u2019art de masser !<\/p>\n<p>\u00c9nergie sexuelle d\u00e9cupl\u00e9e &amp; sensualit\u00e9 garanties pour d\u00e9velopper votre libido.<\/p>\n<p>Author: Armin Heining<br \/>\nLangues: Fran\u00e7ais<br \/>\nAudio: Fran\u00e7ais (Dolby Digital 2.0)<br \/>\nGenre: Erotique<br \/>\nDur\u00e9e : 85 minutes<\/p>\n<p>\u00c2ge : \u00e0 partir de 16 ans<\/p>\n<p>Sortie : juin 2010<\/p>\n<p>Langue: Fran\u00e7aise (Dolby Digital 2.0)<\/p>\n<p>Dur\u00e9e de jeu : environ 85 minutes<\/p>\n<p>Format de fichier : .mp4<\/p>\n<p>Taille du fichier : 5 Go<\/p>\n<p>Protection contre la copie : Aucune Nous esp\u00e9rons que nos produits apporteront de la joie et ne seront pas redistribu\u00e9s sans autorisation.<\/p>\n<\/div>\n","protected":false},"featured_media":5666,"comment_status":"open","ping_status":"closed","template":"","meta":[],"product_brand":[],"product_cat":[19,20,36],"product_tag":[],"class_list":{"0":"post-755","1":"product","2":"type-product","3":"status-publish","4":"has-post-thumbnail","6":"product_cat-downloads","7":"product_cat-gay-tantra-filme-downloads","8":"product_cat-massage-videos-gay-tantra-filme-downloads","10":"first","11":"instock","12":"downloadable","13":"virtual","14":"taxable","15":"purchasable","16":"product-type-simple"},"bundle_layout":"","bundled_by":[],"bundled_items":[],"aioseo_notices":[],"_links":{"self":[{"href":"https:\/\/gay-tantra-shop.com\/de\/wp-json\/wp\/v2\/product\/755","targetHints":{"allow":["GET"]}}],"collection":[{"href":"https:\/\/gay-tantra-shop.com\/de\/wp-json\/wp\/v2\/product"}],"about":[{"href":"https:\/\/gay-tantra-shop.com\/de\/wp-json\/wp\/v2\/types\/product"}],"replies":[{"embeddable":true,"href":"https:\/\/gay-tantra-shop.com\/de\/wp-json\/wp\/v2\/comments?post=755"}],"wp:featuredmedia":[{"embeddable":true,"href":"https:\/\/gay-tantra-shop.com\/de\/wp-json\/wp\/v2\/media\/5666"}],"wp:attachment":[{"href":"https:\/\/gay-tantra-shop.com\/de\/wp-json\/wp\/v2\/media?parent=755"}],"wp:term":[{"taxonomy":"product_brand","embeddable":true,"href":"https:\/\/gay-tantra-shop.com\/de\/wp-json\/wp\/v2\/product_brand?post=755"},{"taxonomy":"product_cat","embeddable":true,"href":"https:\/\/gay-tantra-shop.com\/de\/wp-json\/wp\/v2\/product_cat?post=755"},{"taxonomy":"product_tag","embeddable":true,"href":"https:\/\/gay-tantra-shop.com\/de\/wp-json\/wp\/v2\/product_tag?post=755"}],"curies":[{"name":"wp","href":"https:\/\/api.w.org\/{rel}","templated":true}]}}