{"id":756,"date":"2016-06-16T16:34:29","date_gmt":"2016-06-16T14:34:29","guid":{"rendered":"http:\/\/gay-tantra-shop.eu\/?post_type=product&#038;p=756"},"modified":"2022-02-24T14:07:23","modified_gmt":"2022-02-24T13:07:23","slug":"dvd-atteindre-lextase-sexuelle-armin-heining","status":"publish","type":"product","link":"https:\/\/gay-tantra-shop.com\/de\/produkt\/dvd-atteindre-lextase-sexuelle-armin-heining\/","title":{"rendered":"DVD: Atteindre L&#8217;extase Sexuelle [Armin Heining]"},"content":{"rendered":"<p><\/p>\n<p>Passez du plaisir basique \u00e0 l\u2019Extase!<br \/>\n L&#8217;epanouissement personnell par la sexualite!<\/p>\n<p><\/p>","protected":false},"excerpt":{"rendered":"<p><strong>Armin Heining<br \/>\n ISBN\/EAN: B00D8G5CV0<br \/>\n Age Rating: 16<br \/>\n <\/strong><\/p>\n<p>Gr\u00e2ce \u00e0 GAY-TANTRA, apprenez les meilleures techniques de massage pour donner un maximum de plaisir \u00e0 votre partenaire.<\/p>\n<p>D\u00e9couvrez les bons gestes \u00e0 faire selon les diff\u00e9rentes zones du corps et devenez ma\u00eetre dans l\u2019art de masser !<\/p>\n<p>\u00c9nergie sexuelle d\u00e9cupl\u00e9e &amp; sensualit\u00e9 garanties pour d\u00e9velopper votre libido.<\/p>\n<p>Author: Armin Heining<br \/>\n Langues: Fran\u00e7ais, Anglais<br \/>\n Audio: Fran\u00e7ais (Dolby Digital 2.0)<br \/>\n Format d&#039;image: PAL<br \/>\n Bonus: Bande-Annonce<br \/>\n Genre: Erotique<br \/>\n Dur\u00e9e : 85 minutes de plaisirs + 37 minutes de bonus<\/p>\n","protected":false},"featured_media":5664,"comment_status":"open","ping_status":"closed","template":"","meta":[],"product_brand":[],"product_cat":[16,8,9],"product_tag":[],"class_list":{"0":"post-756","1":"product","2":"type-product","3":"status-publish","4":"has-post-thumbnail","6":"product_cat-webshop","7":"product_cat-gay-tantra-filme","8":"product_cat-ekstase-videos","10":"first","11":"instock","12":"taxable","13":"shipping-taxable","14":"purchasable","15":"product-type-simple"},"bundle_layout":"","bundled_by":[],"bundled_items":[],"aioseo_notices":[],"_links":{"self":[{"href":"https:\/\/gay-tantra-shop.com\/de\/wp-json\/wp\/v2\/product\/756","targetHints":{"allow":["GET"]}}],"collection":[{"href":"https:\/\/gay-tantra-shop.com\/de\/wp-json\/wp\/v2\/product"}],"about":[{"href":"https:\/\/gay-tantra-shop.com\/de\/wp-json\/wp\/v2\/types\/product"}],"replies":[{"embeddable":true,"href":"https:\/\/gay-tantra-shop.com\/de\/wp-json\/wp\/v2\/comments?post=756"}],"wp:featuredmedia":[{"embeddable":true,"href":"https:\/\/gay-tantra-shop.com\/de\/wp-json\/wp\/v2\/media\/5664"}],"wp:attachment":[{"href":"https:\/\/gay-tantra-shop.com\/de\/wp-json\/wp\/v2\/media?parent=756"}],"wp:term":[{"taxonomy":"product_brand","embeddable":true,"href":"https:\/\/gay-tantra-shop.com\/de\/wp-json\/wp\/v2\/product_brand?post=756"},{"taxonomy":"product_cat","embeddable":true,"href":"https:\/\/gay-tantra-shop.com\/de\/wp-json\/wp\/v2\/product_cat?post=756"},{"taxonomy":"product_tag","embeddable":true,"href":"https:\/\/gay-tantra-shop.com\/de\/wp-json\/wp\/v2\/product_tag?post=756"}],"curies":[{"name":"wp","href":"https:\/\/api.w.org\/{rel}","templated":true}]}}