{"id":767,"date":"2016-06-16T17:11:20","date_gmt":"2016-06-16T15:11:20","guid":{"rendered":"http:\/\/gay-tantra-shop.eu\/?post_type=product&#038;p=767"},"modified":"2022-02-24T14:04:42","modified_gmt":"2022-02-24T13:04:42","slug":"dvd-massage-genital-armin-heining","status":"publish","type":"product","link":"https:\/\/gay-tantra-shop.com\/de\/produkt\/dvd-massage-genital-armin-heining\/","title":{"rendered":"DVD: Massage G\u00e9nital [Armin Heining]"},"content":{"rendered":"<p class=\"qtranxs-available-languages-message qtranxs-available-languages-message-de\">Leider ist der Eintrag nur auf <a href=\"https:\/\/gay-tantra-shop.com\/en\/wp-json\/wp\/v2\/product\/767\" class=\"qtranxs-available-language-link qtranxs-available-language-link-en\" title=\"English\">English<\/a> und <a href=\"https:\/\/gay-tantra-shop.com\/fr\/wp-json\/wp\/v2\/product\/767\" class=\"qtranxs-available-language-link qtranxs-available-language-link-fr\" title=\"Fran\u00e7ais\">Fran\u00e7ais<\/a> verf\u00fcgbar.<\/p>","protected":false},"excerpt":{"rendered":"<p>Armin Heining<br \/>\nRestriction d\u2019\u00e2ge: 18 ans<br \/>\nLangue: Fran\u00e7ais<br \/>\nDur\u00e9e : 49 minutes de plaisirs + 22 minutes bonus de orgasmes multiples<\/p>\n<p>Bonus: Bande-Annonce<br \/>\nFormat d&#039;image: PAL<\/p>\n<hr \/>\n<p><\/p>\n<p>Le Massage g\u00e9nital GAY-TANTRA est une m\u00e9thode respectueuse et valorisante pour toucher des hommes dans leur intimit\u00e9.<\/p>\n<p>Cette m\u00e9thode de massage permet \u00e0 l\u2019individu d\u2019acc\u00e9der au travers de son corps au bien-\u00eatre et \u00e0 l\u2019extase, et de lib\u00e9rer ses \u00e9motions pour atteindre le seuil vital du plaisir.<\/p>\n<p>La m\u00e9thode du massage g\u00e9nital est expliqu\u00e9e simplement et est facilement compr\u00e9hensible par tous, accessible m\u00eame aux d\u00e9butants.<\/p>\n<p>Dans la section \u00ab bonus \u00bb de ce DVD, vous recevrez aussi plus d\u2018informations sur la cr\u00e9ation de cette m\u00e9thode de massage exceptionnelle par le cr\u00e9ateur du GAY-TANTRA.<\/p>\n","protected":false},"featured_media":5659,"comment_status":"open","ping_status":"closed","template":"","meta":[],"product_brand":[],"product_cat":[16,8,9],"product_tag":[],"class_list":{"0":"post-767","1":"product","2":"type-product","3":"status-publish","4":"has-post-thumbnail","6":"product_cat-webshop","7":"product_cat-gay-tantra-filme","8":"product_cat-ekstase-videos","10":"first","11":"instock","12":"taxable","13":"shipping-taxable","14":"purchasable","15":"product-type-simple"},"bundle_layout":"","bundled_by":[],"bundled_items":[],"aioseo_notices":[],"_links":{"self":[{"href":"https:\/\/gay-tantra-shop.com\/de\/wp-json\/wp\/v2\/product\/767","targetHints":{"allow":["GET"]}}],"collection":[{"href":"https:\/\/gay-tantra-shop.com\/de\/wp-json\/wp\/v2\/product"}],"about":[{"href":"https:\/\/gay-tantra-shop.com\/de\/wp-json\/wp\/v2\/types\/product"}],"replies":[{"embeddable":true,"href":"https:\/\/gay-tantra-shop.com\/de\/wp-json\/wp\/v2\/comments?post=767"}],"wp:featuredmedia":[{"embeddable":true,"href":"https:\/\/gay-tantra-shop.com\/de\/wp-json\/wp\/v2\/media\/5659"}],"wp:attachment":[{"href":"https:\/\/gay-tantra-shop.com\/de\/wp-json\/wp\/v2\/media?parent=767"}],"wp:term":[{"taxonomy":"product_brand","embeddable":true,"href":"https:\/\/gay-tantra-shop.com\/de\/wp-json\/wp\/v2\/product_brand?post=767"},{"taxonomy":"product_cat","embeddable":true,"href":"https:\/\/gay-tantra-shop.com\/de\/wp-json\/wp\/v2\/product_cat?post=767"},{"taxonomy":"product_tag","embeddable":true,"href":"https:\/\/gay-tantra-shop.com\/de\/wp-json\/wp\/v2\/product_tag?post=767"}],"curies":[{"name":"wp","href":"https:\/\/api.w.org\/{rel}","templated":true}]}}