{"id":772,"date":"2016-06-16T17:22:44","date_gmt":"2016-06-16T15:22:44","guid":{"rendered":"http:\/\/gay-tantra-shop.eu\/?post_type=product&#038;p=772"},"modified":"2026-01-22T11:23:49","modified_gmt":"2026-01-22T10:23:49","slug":"dvd-gay-kamsutra-en-francais-armin-heining","status":"publish","type":"product","link":"https:\/\/gay-tantra-shop.com\/de\/produkt\/dvd-gay-kamsutra-en-francais-armin-heining\/","title":{"rendered":"DVD: Gay Kamasutra [Armin Heining]"},"content":{"rendered":"<p class=\"qtranxs-available-languages-message qtranxs-available-languages-message-de\">Leider ist der Eintrag nur auf <a href=\"https:\/\/gay-tantra-shop.com\/en\/wp-json\/wp\/v2\/product\/772\" class=\"qtranxs-available-language-link qtranxs-available-language-link-en\" title=\"English\">English<\/a> und <a href=\"https:\/\/gay-tantra-shop.com\/fr\/wp-json\/wp\/v2\/product\/772\" class=\"qtranxs-available-language-link qtranxs-available-language-link-fr\" title=\"Fran\u00e7ais\">Fran\u00e7ais<\/a> verf\u00fcgbar.<\/p>","protected":false},"excerpt":{"rendered":"<p><strong>Armin Heining<br \/>\n Age Rating: 18<\/strong><\/p>\n<p>Sexy et informatif ! Accompagnez de s\u00e9duisants acteurs dans le monde \u00e9rotique du Kamasutra.<\/p>\n<p>Ce film pr\u00e9sente une diversit\u00e9 impressionnante de positions amoureuses pour les hommes homosexuels. Tout un guide de &#8222;nouveaux plaisirs&#8220; est mis \u00e0 votre disposition, d\u00e9veloppez et enrichissez votre vie sexuelle !<\/p>\n<p>Le Gay Kamasutra peut \u00eatre utile et b\u00e9n\u00e9fique aux c\u00e9libataires, tout comme aux couples.<\/p>\n<p>Enfin, le bonus du DVD vous livrera quelques astuces pour utiliser le Kamasutra dans votre vie amoureuse.<\/p>\n<p>Langues: Fran\u00e7ais, Anglais<br \/>\n Audio: 5.1<br \/>\n Format d&#039;image: 16\/9<br \/>\n Bonus: Bande-Annonce<br \/>\n Genre: Erotique<br \/>\n Dur\u00e9e : 75 min<br \/>\n Nombre de disques : 1<br \/>\n VF -18ans<\/p>\n","protected":false},"featured_media":5657,"comment_status":"open","ping_status":"closed","template":"","meta":[],"product_brand":[],"product_cat":[16,8,10],"product_tag":[],"class_list":{"0":"post-772","1":"product","2":"type-product","3":"status-publish","4":"has-post-thumbnail","6":"product_cat-webshop","7":"product_cat-gay-tantra-filme","8":"product_cat-ratgeber-videos","10":"first","11":"outofstock","12":"taxable","13":"shipping-taxable","14":"purchasable","15":"product-type-simple"},"bundle_layout":"","bundled_by":[],"bundled_items":[],"aioseo_notices":[],"_links":{"self":[{"href":"https:\/\/gay-tantra-shop.com\/de\/wp-json\/wp\/v2\/product\/772","targetHints":{"allow":["GET"]}}],"collection":[{"href":"https:\/\/gay-tantra-shop.com\/de\/wp-json\/wp\/v2\/product"}],"about":[{"href":"https:\/\/gay-tantra-shop.com\/de\/wp-json\/wp\/v2\/types\/product"}],"replies":[{"embeddable":true,"href":"https:\/\/gay-tantra-shop.com\/de\/wp-json\/wp\/v2\/comments?post=772"}],"wp:featuredmedia":[{"embeddable":true,"href":"https:\/\/gay-tantra-shop.com\/de\/wp-json\/wp\/v2\/media\/5657"}],"wp:attachment":[{"href":"https:\/\/gay-tantra-shop.com\/de\/wp-json\/wp\/v2\/media?parent=772"}],"wp:term":[{"taxonomy":"product_brand","embeddable":true,"href":"https:\/\/gay-tantra-shop.com\/de\/wp-json\/wp\/v2\/product_brand?post=772"},{"taxonomy":"product_cat","embeddable":true,"href":"https:\/\/gay-tantra-shop.com\/de\/wp-json\/wp\/v2\/product_cat?post=772"},{"taxonomy":"product_tag","embeddable":true,"href":"https:\/\/gay-tantra-shop.com\/de\/wp-json\/wp\/v2\/product_tag?post=772"}],"curies":[{"name":"wp","href":"https:\/\/api.w.org\/{rel}","templated":true}]}}