{"id":802,"date":"2016-06-24T11:43:33","date_gmt":"2016-06-24T09:43:33","guid":{"rendered":"http:\/\/gay-tantra-shop.eu\/?post_type=product&#038;p=802"},"modified":"2022-02-03T15:21:14","modified_gmt":"2022-02-03T14:21:14","slug":"interview-vom-benediktinermoench-zum-gay-tantra-coach","status":"publish","type":"product","link":"https:\/\/gay-tantra-shop.com\/de\/produkt\/interview-vom-benediktinermoench-zum-gay-tantra-coach\/","title":{"rendered":"Interview: Vom Benediktinerm\u00f6nch zum GAY-TANTRA Coach"},"content":{"rendered":"<p><\/p>\n<p>Armin Heining im Interview zu seinem spannenden und au\u00dfergew\u00f6hnlichen Lebensweg.<\/p>\n<p><\/p>","protected":false},"excerpt":{"rendered":"<p>1960 geboren mit einer tief angelegten Sehnsucht nach Verbindung von Sexualit\u00e4t und Spiritualit\u00e4t wurde Armin zun\u00e4chst M\u00f6nch und katholischer Theologe.<\/p>\n<p>Erfahre im Interview, wie er aus seinen Wurzeln Kraft sch\u00f6pfte zur Transformation auf neue Ebenen des Lebens und Bewusstseins.<\/p>\n<p>Bonusfilm aus seinen 3 GAY-TANTRA\u00ae Massage DVDs (V\u00d6: Juni 2010)<\/p>\n<p>Dauer: 29:36 Minuten<br \/>\n Sprache: Deutsch<\/p>\n","protected":false},"featured_media":803,"comment_status":"open","ping_status":"closed","template":"","meta":[],"product_brand":[],"product_cat":[19,20,56],"product_tag":[],"class_list":{"0":"post-802","1":"product","2":"type-product","3":"status-publish","4":"has-post-thumbnail","6":"product_cat-downloads","7":"product_cat-gay-tantra-filme-downloads","8":"product_cat-bonusfilme","10":"first","11":"instock","12":"downloadable","13":"virtual","14":"taxable","15":"purchasable","16":"product-type-simple"},"bundle_layout":"","bundled_by":[],"bundled_items":[],"aioseo_notices":[],"_links":{"self":[{"href":"https:\/\/gay-tantra-shop.com\/de\/wp-json\/wp\/v2\/product\/802","targetHints":{"allow":["GET"]}}],"collection":[{"href":"https:\/\/gay-tantra-shop.com\/de\/wp-json\/wp\/v2\/product"}],"about":[{"href":"https:\/\/gay-tantra-shop.com\/de\/wp-json\/wp\/v2\/types\/product"}],"replies":[{"embeddable":true,"href":"https:\/\/gay-tantra-shop.com\/de\/wp-json\/wp\/v2\/comments?post=802"}],"wp:featuredmedia":[{"embeddable":true,"href":"https:\/\/gay-tantra-shop.com\/de\/wp-json\/wp\/v2\/media\/803"}],"wp:attachment":[{"href":"https:\/\/gay-tantra-shop.com\/de\/wp-json\/wp\/v2\/media?parent=802"}],"wp:term":[{"taxonomy":"product_brand","embeddable":true,"href":"https:\/\/gay-tantra-shop.com\/de\/wp-json\/wp\/v2\/product_brand?post=802"},{"taxonomy":"product_cat","embeddable":true,"href":"https:\/\/gay-tantra-shop.com\/de\/wp-json\/wp\/v2\/product_cat?post=802"},{"taxonomy":"product_tag","embeddable":true,"href":"https:\/\/gay-tantra-shop.com\/de\/wp-json\/wp\/v2\/product_tag?post=802"}],"curies":[{"name":"wp","href":"https:\/\/api.w.org\/{rel}","templated":true}]}}