{"id":819,"date":"2016-06-24T13:17:36","date_gmt":"2016-06-24T11:17:36","guid":{"rendered":"http:\/\/gay-tantra-shop.eu\/?post_type=product&#038;p=819"},"modified":"2017-04-11T13:54:50","modified_gmt":"2017-04-11T11:54:50","slug":"armin-heining-ueber-gay-kamasutra-und-tantra","status":"publish","type":"product","link":"https:\/\/gay-tantra-shop.com\/de\/produkt\/armin-heining-ueber-gay-kamasutra-und-tantra\/","title":{"rendered":"Armin Heining \u00fcber Gay-Kamasutra und Tantra"},"content":{"rendered":"<p>Die Missionarsstellung, die Hunde-Position, der Reiter: Sind das die einzigen Liebespositionen beim schwulen Sex?<\/p>\n","protected":false},"excerpt":{"rendered":"<p>Das Kamasutra zeigt uns eine beeindruckende Vielfalt an Liebespositionen von einfach bis \u00fcberirdisch, die auch M\u00e4nner miteinander teilen k\u00f6nnen. Interessant: Sie gipfeln alle in der &#8218;Welle der Gl\u00fcckseligkeit&#8216;, der Hochform tantrischen Liebens. Teile Armins Begeisterung.<\/p>\n<p>Bonusfilm aus der GAY-TANTRA DVD &#8222;Gay Kamasutra&#8220; (V\u00d6: Oktober 2011)<\/p>\n<p>Dauer: 9:20 Minuten<br \/>\n Sprache: Deutsch<\/p>\n","protected":false},"featured_media":820,"comment_status":"open","ping_status":"closed","template":"","meta":[],"product_brand":[],"product_cat":[19,20,56],"product_tag":[],"class_list":{"0":"post-819","1":"product","2":"type-product","3":"status-publish","4":"has-post-thumbnail","6":"product_cat-downloads","7":"product_cat-gay-tantra-filme-downloads","8":"product_cat-bonusfilme","10":"first","11":"instock","12":"downloadable","13":"virtual","14":"taxable","15":"purchasable","16":"product-type-simple"},"bundle_layout":"","bundled_by":[],"bundled_items":[],"aioseo_notices":[],"_links":{"self":[{"href":"https:\/\/gay-tantra-shop.com\/de\/wp-json\/wp\/v2\/product\/819","targetHints":{"allow":["GET"]}}],"collection":[{"href":"https:\/\/gay-tantra-shop.com\/de\/wp-json\/wp\/v2\/product"}],"about":[{"href":"https:\/\/gay-tantra-shop.com\/de\/wp-json\/wp\/v2\/types\/product"}],"replies":[{"embeddable":true,"href":"https:\/\/gay-tantra-shop.com\/de\/wp-json\/wp\/v2\/comments?post=819"}],"wp:featuredmedia":[{"embeddable":true,"href":"https:\/\/gay-tantra-shop.com\/de\/wp-json\/wp\/v2\/media\/820"}],"wp:attachment":[{"href":"https:\/\/gay-tantra-shop.com\/de\/wp-json\/wp\/v2\/media?parent=819"}],"wp:term":[{"taxonomy":"product_brand","embeddable":true,"href":"https:\/\/gay-tantra-shop.com\/de\/wp-json\/wp\/v2\/product_brand?post=819"},{"taxonomy":"product_cat","embeddable":true,"href":"https:\/\/gay-tantra-shop.com\/de\/wp-json\/wp\/v2\/product_cat?post=819"},{"taxonomy":"product_tag","embeddable":true,"href":"https:\/\/gay-tantra-shop.com\/de\/wp-json\/wp\/v2\/product_tag?post=819"}],"curies":[{"name":"wp","href":"https:\/\/api.w.org\/{rel}","templated":true}]}}