{"id":822,"date":"2016-06-24T13:23:07","date_gmt":"2016-06-24T11:23:07","guid":{"rendered":"http:\/\/gay-tantra-shop.eu\/?post_type=product&#038;p=822"},"modified":"2017-04-11T13:55:28","modified_gmt":"2017-04-11T11:55:28","slug":"armin-heining-ueber-gay-tantra-ritual-und-sexuelle-ekstase","status":"publish","type":"product","link":"https:\/\/gay-tantra-shop.com\/de\/produkt\/armin-heining-ueber-gay-tantra-ritual-und-sexuelle-ekstase\/","title":{"rendered":"Armin Heining \u00fcber GAY-TANTRA Ritual und Sexuelle Ekstase"},"content":{"rendered":"<p>Lerne, Deine Sexualit\u00e4t als ein Entwicklungsweg zu verstehen, der in die Hochform tantrischen Liebens m\u00fcnden kann.<\/p>\n","protected":false},"excerpt":{"rendered":"<p>Wenn Du Deine Sexualit\u00e4t als wichtige Triebfeder Deines Lebens erkannt hast, k\u00f6nnte das GAY-TANTRA Ritual der &#8218;Welle der Gl\u00fcckseligkeit&#8216; und die sexuelle Ekstase Neues und Aufregendes f\u00fcr Dein Leben sein! Lass Dich schulen und erfahre in diesem Film mehr, auf welchen Ebenen.<\/p>\n<p>Bonusfilm aus der GAY-TANTRA DVD &#8222;Ritual und sexuelle Ekstase&#8220; (V\u00d6: Oktober 2011)<\/p>\n<p>Dauer: 15:12 Minuten<br \/>\n Sprache: Deutsch<\/p>\n","protected":false},"featured_media":823,"comment_status":"open","ping_status":"closed","template":"","meta":[],"product_brand":[],"product_cat":[19,20,56],"product_tag":[],"class_list":{"0":"post-822","1":"product","2":"type-product","3":"status-publish","4":"has-post-thumbnail","6":"product_cat-downloads","7":"product_cat-gay-tantra-filme-downloads","8":"product_cat-bonusfilme","10":"first","11":"instock","12":"downloadable","13":"virtual","14":"taxable","15":"purchasable","16":"product-type-simple"},"bundle_layout":"","bundled_by":[],"bundled_items":[],"aioseo_notices":[],"_links":{"self":[{"href":"https:\/\/gay-tantra-shop.com\/de\/wp-json\/wp\/v2\/product\/822","targetHints":{"allow":["GET"]}}],"collection":[{"href":"https:\/\/gay-tantra-shop.com\/de\/wp-json\/wp\/v2\/product"}],"about":[{"href":"https:\/\/gay-tantra-shop.com\/de\/wp-json\/wp\/v2\/types\/product"}],"replies":[{"embeddable":true,"href":"https:\/\/gay-tantra-shop.com\/de\/wp-json\/wp\/v2\/comments?post=822"}],"wp:featuredmedia":[{"embeddable":true,"href":"https:\/\/gay-tantra-shop.com\/de\/wp-json\/wp\/v2\/media\/823"}],"wp:attachment":[{"href":"https:\/\/gay-tantra-shop.com\/de\/wp-json\/wp\/v2\/media?parent=822"}],"wp:term":[{"taxonomy":"product_brand","embeddable":true,"href":"https:\/\/gay-tantra-shop.com\/de\/wp-json\/wp\/v2\/product_brand?post=822"},{"taxonomy":"product_cat","embeddable":true,"href":"https:\/\/gay-tantra-shop.com\/de\/wp-json\/wp\/v2\/product_cat?post=822"},{"taxonomy":"product_tag","embeddable":true,"href":"https:\/\/gay-tantra-shop.com\/de\/wp-json\/wp\/v2\/product_tag?post=822"}],"curies":[{"name":"wp","href":"https:\/\/api.w.org\/{rel}","templated":true}]}}