{"id":1102,"date":"2016-07-14T16:12:55","date_gmt":"2016-07-14T14:12:55","guid":{"rendered":"http:\/\/gay-tantra-shop.eu\/shop\/webshop\/gay-tantra-filme\/dvd-extase-lart-de-la-masturbation-armin-heining\/"},"modified":"2026-01-22T11:20:26","modified_gmt":"2026-01-22T10:20:26","slug":"dvd-extase-lart-de-la-masturbation-armin-heining","status":"publish","type":"product","link":"https:\/\/gay-tantra-shop.com\/en\/produkt\/dvd-extase-lart-de-la-masturbation-armin-heining\/","title":{"rendered":"DVD: Extase &#8211; L&#8217;Art de la Masturbation [Armin Heining]"},"content":{"rendered":"<p><\/p>\n<p><span id=\"result_box\" class=\"short_text\" lang=\"fr\">Les orgasmes multiples \u00e0 travers <span class=\"\">la masturbation<\/span><\/span>.<\/p>\n<p><\/p>","protected":false},"excerpt":{"rendered":"<div class=\"gProdDescription\"><strong>Armin Heining<\/strong><\/div>\n<div class=\"gCod\"><strong>Restrictions d\u2019\u00e2ge<\/strong>: 16<\/div>\n<p><span style=\"font-family: Arial,sans-serif;\"><span style=\"font-size: small;\">Tout le monde le fait mais personne n\u2019en parle\u2026 Pourtant la masturbation est un art !<\/span><\/span><\/p>\n<p><span style=\"font-family: Arial,sans-serif;\"><span style=\"font-size: small;\">Les diff\u00e9rentes techniques pr\u00e9sent\u00e9es dans ce film vous permettront de faire de nouvelles exp\u00e9riences sexuelles et de d\u00e9couvrir des niveaux de jouissance insoup\u00e7onn\u00e9s !<\/span><\/span><\/p>\n<p><span style=\"font-family: Arial,sans-serif;\"><span style=\"font-size: small;\">Dans la partie bonus, apprenez comment m\u00e9ditation et sexualit\u00e9 sont intimement li\u00e9es et approfondissez vos connaissances sur la philosophie du Gay Tantra port\u00e9e par Armin Heining.<\/span><\/span><\/p>\n<div class=\"left68\">\n<div>\n<p>Langues: Fran\u00e7ais, Anglais<br \/> Audio: Fran\u00e7ais (Dolby Digital 2.0)<br \/> Format d\u2019image: PAL<br \/> Bonus: Le GAY-TANTRA par Armin Heining<br \/> Genre: Erotique<br \/> Dur\u00e9e : 67 minutes de plaisirs + 31 minutes de bonus<\/p>\n<\/div>\n<\/div>\n","protected":false},"featured_media":5650,"comment_status":"open","ping_status":"closed","template":"","meta":[],"product_brand":[],"product_cat":[16,8,9],"product_tag":[],"class_list":{"0":"post-1102","1":"product","2":"type-product","3":"status-publish","4":"has-post-thumbnail","6":"product_cat-webshop","7":"product_cat-gay-tantra-filme","8":"product_cat-ekstase-videos","10":"first","11":"outofstock","12":"taxable","13":"shipping-taxable","14":"purchasable","15":"product-type-simple"},"bundle_layout":"","bundled_by":[],"bundled_items":[],"aioseo_notices":[],"_links":{"self":[{"href":"https:\/\/gay-tantra-shop.com\/en\/wp-json\/wp\/v2\/product\/1102","targetHints":{"allow":["GET"]}}],"collection":[{"href":"https:\/\/gay-tantra-shop.com\/en\/wp-json\/wp\/v2\/product"}],"about":[{"href":"https:\/\/gay-tantra-shop.com\/en\/wp-json\/wp\/v2\/types\/product"}],"replies":[{"embeddable":true,"href":"https:\/\/gay-tantra-shop.com\/en\/wp-json\/wp\/v2\/comments?post=1102"}],"wp:featuredmedia":[{"embeddable":true,"href":"https:\/\/gay-tantra-shop.com\/en\/wp-json\/wp\/v2\/media\/5650"}],"wp:attachment":[{"href":"https:\/\/gay-tantra-shop.com\/en\/wp-json\/wp\/v2\/media?parent=1102"}],"wp:term":[{"taxonomy":"product_brand","embeddable":true,"href":"https:\/\/gay-tantra-shop.com\/en\/wp-json\/wp\/v2\/product_brand?post=1102"},{"taxonomy":"product_cat","embeddable":true,"href":"https:\/\/gay-tantra-shop.com\/en\/wp-json\/wp\/v2\/product_cat?post=1102"},{"taxonomy":"product_tag","embeddable":true,"href":"https:\/\/gay-tantra-shop.com\/en\/wp-json\/wp\/v2\/product_tag?post=1102"}],"curies":[{"name":"wp","href":"https:\/\/api.w.org\/{rel}","templated":true}]}}