{"id":1136,"date":"2016-07-30T11:27:03","date_gmt":"2016-07-30T09:27:03","guid":{"rendered":"http:\/\/gay-tantra-shop.eu\/?post_type=product&#038;p=1136"},"modified":"2022-02-03T15:10:22","modified_gmt":"2022-02-03T14:10:22","slug":"interview-de-moine-benedictin-a-gay-tantra-coach","status":"publish","type":"product","link":"https:\/\/gay-tantra-shop.com\/en\/produkt\/interview-de-moine-benedictin-a-gay-tantra-coach\/","title":{"rendered":"Interview: De Moine B\u00e9n\u00e9dictin \u00e0 GAY-TANTRA Coach"},"content":{"rendered":"<p>Armin Heining dans une interview \u00e0 une vie passionnante et extraordinaire.<\/p>\n","protected":false},"excerpt":{"rendered":"<p>N\u00e9 en 1960, avec un profond d\u00e9sir pour la connexion de la sexualit\u00e9 et de la spiritualit\u00e9 appliqu\u00e9e Armin \u00e9tait premier moine et th\u00e9ologien catholique.<\/p>\n<p>Apprendre dans une interview comment il tira de sa force de racines pour la transformation \u00e0 de nouveaux niveaux de vie et de la conscience.<\/p>\n<p>Film de Bonus de ses 3 GAY-TANTRA DVDs de massage (publi\u00e9 Juin 2010)<\/p>\n<p>Dur\u00e9e: 29:36 minutes<br \/>\n Langue: Fran\u00e7ais<\/p>\n","protected":false},"featured_media":1137,"comment_status":"open","ping_status":"closed","template":"","meta":[],"product_brand":[],"product_cat":[19,20,56],"product_tag":[],"class_list":{"0":"post-1136","1":"product","2":"type-product","3":"status-publish","4":"has-post-thumbnail","6":"product_cat-downloads","7":"product_cat-gay-tantra-filme-downloads","8":"product_cat-bonusfilme","10":"first","11":"instock","12":"downloadable","13":"virtual","14":"taxable","15":"purchasable","16":"product-type-simple"},"bundle_layout":"","bundled_by":[],"bundled_items":[],"aioseo_notices":[],"_links":{"self":[{"href":"https:\/\/gay-tantra-shop.com\/en\/wp-json\/wp\/v2\/product\/1136","targetHints":{"allow":["GET"]}}],"collection":[{"href":"https:\/\/gay-tantra-shop.com\/en\/wp-json\/wp\/v2\/product"}],"about":[{"href":"https:\/\/gay-tantra-shop.com\/en\/wp-json\/wp\/v2\/types\/product"}],"replies":[{"embeddable":true,"href":"https:\/\/gay-tantra-shop.com\/en\/wp-json\/wp\/v2\/comments?post=1136"}],"wp:featuredmedia":[{"embeddable":true,"href":"https:\/\/gay-tantra-shop.com\/en\/wp-json\/wp\/v2\/media\/1137"}],"wp:attachment":[{"href":"https:\/\/gay-tantra-shop.com\/en\/wp-json\/wp\/v2\/media?parent=1136"}],"wp:term":[{"taxonomy":"product_brand","embeddable":true,"href":"https:\/\/gay-tantra-shop.com\/en\/wp-json\/wp\/v2\/product_brand?post=1136"},{"taxonomy":"product_cat","embeddable":true,"href":"https:\/\/gay-tantra-shop.com\/en\/wp-json\/wp\/v2\/product_cat?post=1136"},{"taxonomy":"product_tag","embeddable":true,"href":"https:\/\/gay-tantra-shop.com\/en\/wp-json\/wp\/v2\/product_tag?post=1136"}],"curies":[{"name":"wp","href":"https:\/\/api.w.org\/{rel}","templated":true}]}}