{"id":1477,"date":"2016-10-24T10:42:15","date_gmt":"2016-10-24T08:42:15","guid":{"rendered":"https:\/\/gay-tantra-shop.eu\/produkt\/3-films-orgasmes-multiples-un-prix-armin-heining\/"},"modified":"2022-01-18T11:17:44","modified_gmt":"2022-01-18T10:17:44","slug":"3-films-orgasmes-multiples-un-prix-armin-heining","status":"publish","type":"product","link":"https:\/\/gay-tantra-shop.com\/en\/produkt\/3-films-orgasmes-multiples-un-prix-armin-heining\/","title":{"rendered":"3 Films &#8216;Orgasmes Multiples&#8217;, Un Prix [Armin Heining]"},"content":{"rendered":"<p><\/p>\n<p><span id=\"result_box\" class=\"\" lang=\"fr\"><span class=\"\">Les<\/span> 3 GAY-TANTRA &#8216;Orgasmes Multiples&#8217; DVDs <span class=\"\">dans un ensemble<\/span><span class=\"\">.<\/span><\/span><\/p>\n<p><\/p>","protected":false},"excerpt":{"rendered":"<p><span id=\"result_box\" class=\"\" lang=\"fr\">Armin Heining<br \/>\n\u00c2ge: 18<\/p>\n<p>Tous les 3 GAY-TANTRA &#8216;Orgasmes Multiples&#8217; films r\u00e9veillent votre potentiel sexuel complet! Connectez avec Passion &#8211; Flow &#8211; Puissance &#8211; Amour &#8211; V\u00e9rit\u00e9 &#8211; Clart\u00e9 et Perspicacit\u00e9!<\/p>\n<p>GAY-TANTRA &#8211; Massage G\u00e9nital<br \/>\nGAY-TANTRA &#8211; Massages Anal &amp; Prostate<br \/>\nGAY-TANTRA &#8211; L&#8217;Orgasme Supr\u00eame Gay<\/p>\n<p><\/span><\/p>\n<p>Armin Heining<br aria-hidden=\"true\" \/><br \/>\n\u00c2ge : \u00e0 partir de 18 ans<br aria-hidden=\"true\" \/><br \/>\nSortie : juin 2010<br aria-hidden=\"true\" \/><br \/>\nLangue fran\u00e7aise<br aria-hidden=\"true\" \/><br \/>\nDur\u00e9e de jeu : environ 85 minutes<br aria-hidden=\"true\" \/><br \/>\nFormat de fichier : .mp4<br aria-hidden=\"true\" \/><br \/>\nTaille du fichier : 3 Go | 3Go | 4Go<br aria-hidden=\"true\" \/><br \/>\nProtection contre la copie : Aucune<br aria-hidden=\"true\" \/><br \/>\nNous esp\u00e9rons que nos produits apporteront de la joie et ne seront pas redistribu\u00e9s sans autorisation.<\/p>\n<p>Total des <span class=\"\">temps de fonctionnement<\/span>: 49 minutes | 50 minutes | 74 minutes<\/p>\n","protected":false},"featured_media":1270,"comment_status":"open","ping_status":"closed","template":"","meta":[],"product_brand":[],"product_cat":[19,20,69],"product_tag":[],"class_list":{"0":"post-1477","1":"product","2":"type-product","3":"status-publish","4":"has-post-thumbnail","6":"product_cat-downloads","7":"product_cat-gay-tantra-filme-downloads","8":"product_cat-special-angebote-gay-tantra-filme-downloads","10":"first","11":"instock","12":"downloadable","13":"virtual","14":"taxable","15":"purchasable","16":"product-type-simple"},"bundle_layout":"","bundled_by":[],"bundled_items":[],"aioseo_notices":[],"_links":{"self":[{"href":"https:\/\/gay-tantra-shop.com\/en\/wp-json\/wp\/v2\/product\/1477","targetHints":{"allow":["GET"]}}],"collection":[{"href":"https:\/\/gay-tantra-shop.com\/en\/wp-json\/wp\/v2\/product"}],"about":[{"href":"https:\/\/gay-tantra-shop.com\/en\/wp-json\/wp\/v2\/types\/product"}],"replies":[{"embeddable":true,"href":"https:\/\/gay-tantra-shop.com\/en\/wp-json\/wp\/v2\/comments?post=1477"}],"wp:featuredmedia":[{"embeddable":true,"href":"https:\/\/gay-tantra-shop.com\/en\/wp-json\/wp\/v2\/media\/1270"}],"wp:attachment":[{"href":"https:\/\/gay-tantra-shop.com\/en\/wp-json\/wp\/v2\/media?parent=1477"}],"wp:term":[{"taxonomy":"product_brand","embeddable":true,"href":"https:\/\/gay-tantra-shop.com\/en\/wp-json\/wp\/v2\/product_brand?post=1477"},{"taxonomy":"product_cat","embeddable":true,"href":"https:\/\/gay-tantra-shop.com\/en\/wp-json\/wp\/v2\/product_cat?post=1477"},{"taxonomy":"product_tag","embeddable":true,"href":"https:\/\/gay-tantra-shop.com\/en\/wp-json\/wp\/v2\/product_tag?post=1477"}],"curies":[{"name":"wp","href":"https:\/\/api.w.org\/{rel}","templated":true}]}}