{"id":1481,"date":"2016-10-24T11:30:14","date_gmt":"2016-10-24T09:30:14","guid":{"rendered":"https:\/\/gay-tantra-shop.eu\/produkt\/2-films-sexualite-tantrique-un-prix-armin-heining\/"},"modified":"2020-06-23T11:31:03","modified_gmt":"2020-06-23T09:31:03","slug":"2-films-sexualite-tantrique-un-prix-armin-heining","status":"publish","type":"product","link":"https:\/\/gay-tantra-shop.com\/en\/produkt\/2-films-sexualite-tantrique-un-prix-armin-heining\/","title":{"rendered":"2 films &#8216;Sexualit\u00e9 Tantrique&#8217; &#8211; Un Prix [Armin Heining]"},"content":{"rendered":"<p><\/p>\n<p>Les deux GAY-TANTRA DVDs &#8216;Sexualit\u00e9 Tantrique&#8217; dans un ensemble.<\/p>\n<p><\/p>","protected":false},"excerpt":{"rendered":"<div class=\"gProdDescription\"><strong>Armin Heining<\/strong><\/div>\n<div class=\"gCod\"><strong>Age rating<\/strong>: 18<\/div>\n<div class=\"gProdDescription\">\n<div id=\"gt-res-content\">\n<div dir=\"ltr\">\u00a0<\/div>\n<div dir=\"ltr\"><span id=\"result_box\" class=\"\" lang=\"fr\"><span class=\"\">Les deux<\/span> GAY-TANTRA films &#039;Sexualit\u00e9 Tantrique&#039; vous aider \u00e0 d\u00e9velopper <span class=\"\">votre sexualit\u00e9<\/span> <span class=\"\">dans les<\/span> <span class=\"\">\u00e9tapes les plus \u00e9lev\u00e9es<\/span>!<\/p>\n<p> GAY-TANTRA <span class=\"\">&#8211; Ultimate<\/span> Gay <span class=\"\">Sex<\/span><br \/>\n GAY-TANTRA &#8211; Atteindre L&#039;Extase Sexuelle<\/span><\/div>\n<\/div>\n<p><\/p>\n<p>Auteur: Armin Heining<br \/>\n \u00c2ge: 18 Jahren<br \/>\n Publi\u00e9: Juin 2010, Novembre 2014<br \/>\n Langues: Fran\u00e7ais<\/p>\n<p>Temps \u00e0 jouer: 65 Minutes | 85 Minutes<\/p>\n<\/div>\n","protected":false},"featured_media":1265,"comment_status":"open","ping_status":"closed","template":"","meta":[],"product_brand":[],"product_cat":[19,20,69],"product_tag":[],"class_list":{"0":"post-1481","1":"product","2":"type-product","3":"status-publish","4":"has-post-thumbnail","6":"product_cat-downloads","7":"product_cat-gay-tantra-filme-downloads","8":"product_cat-special-angebote-gay-tantra-filme-downloads","10":"first","11":"instock","12":"downloadable","13":"virtual","14":"taxable","15":"purchasable","16":"product-type-simple"},"bundle_layout":"","bundled_by":[],"bundled_items":[],"aioseo_notices":[],"_links":{"self":[{"href":"https:\/\/gay-tantra-shop.com\/en\/wp-json\/wp\/v2\/product\/1481","targetHints":{"allow":["GET"]}}],"collection":[{"href":"https:\/\/gay-tantra-shop.com\/en\/wp-json\/wp\/v2\/product"}],"about":[{"href":"https:\/\/gay-tantra-shop.com\/en\/wp-json\/wp\/v2\/types\/product"}],"replies":[{"embeddable":true,"href":"https:\/\/gay-tantra-shop.com\/en\/wp-json\/wp\/v2\/comments?post=1481"}],"wp:featuredmedia":[{"embeddable":true,"href":"https:\/\/gay-tantra-shop.com\/en\/wp-json\/wp\/v2\/media\/1265"}],"wp:attachment":[{"href":"https:\/\/gay-tantra-shop.com\/en\/wp-json\/wp\/v2\/media?parent=1481"}],"wp:term":[{"taxonomy":"product_brand","embeddable":true,"href":"https:\/\/gay-tantra-shop.com\/en\/wp-json\/wp\/v2\/product_brand?post=1481"},{"taxonomy":"product_cat","embeddable":true,"href":"https:\/\/gay-tantra-shop.com\/en\/wp-json\/wp\/v2\/product_cat?post=1481"},{"taxonomy":"product_tag","embeddable":true,"href":"https:\/\/gay-tantra-shop.com\/en\/wp-json\/wp\/v2\/product_tag?post=1481"}],"curies":[{"name":"wp","href":"https:\/\/api.w.org\/{rel}","templated":true}]}}