{"id":289,"date":"2016-05-27T09:30:50","date_gmt":"2016-05-27T07:30:50","guid":{"rendered":"http:\/\/gay-tantra-shop.eu\/?post_type=product&#038;p=289"},"modified":"2024-04-11T16:32:10","modified_gmt":"2024-04-11T14:32:10","slug":"download-strong-man-armin-heining","status":"publish","type":"product","link":"https:\/\/gay-tantra-shop.com\/en\/produkt\/download-strong-man-armin-heining\/","title":{"rendered":"Download: Strong Man [Armin Heining]"},"content":{"rendered":"<p>L\u00e4ngere und h\u00e4rte Erektionen, kein vorzeitiger Samenerguss!<\/p>\n","protected":false},"excerpt":{"rendered":"<div class=\"gProdDescription\"><strong>Armin Heining<\/strong><\/div>\n<div class=\"gCod\"><strong>Altersfreigabe<\/strong>: 16<\/div>\n<div class=\"gProdDescription\">Ausdauernder, h\u00e4rter, l\u00e4nger \u2013 mehr Potenz f\u00fcr den Mann! Eindr\u00fccklich lernst Du, wie Du sowohl durch tiefere Entspannung, als auch durch aktive Stimulation Deine Potenz steigern und vorzeitige Ejakulation verhindern kannst. Genie\u00dfe Dein gr\u00f6\u00dferes sexuelles Verm\u00f6gen und Deine Leistungsf\u00e4higkeit! FSK: Freigegeben ab 16 Jahren Ver\u00f6ffentlicht: Mai 2015 Sprache: Deutsch Spieldauer: 63:34 Minuten<\/div>\n","protected":false},"featured_media":5640,"comment_status":"open","ping_status":"closed","template":"","meta":[],"product_brand":[],"product_cat":[19,20,35],"product_tag":[],"class_list":{"0":"post-289","1":"product","2":"type-product","3":"status-publish","4":"has-post-thumbnail","6":"product_cat-downloads","7":"product_cat-gay-tantra-filme-downloads","8":"product_cat-ratgeber-videos-gay-tantra-filme-downloads","10":"first","11":"instock","12":"downloadable","13":"virtual","14":"taxable","15":"purchasable","16":"product-type-simple"},"bundle_layout":"","bundled_by":[],"bundled_items":[],"aioseo_notices":[],"_links":{"self":[{"href":"https:\/\/gay-tantra-shop.com\/en\/wp-json\/wp\/v2\/product\/289","targetHints":{"allow":["GET"]}}],"collection":[{"href":"https:\/\/gay-tantra-shop.com\/en\/wp-json\/wp\/v2\/product"}],"about":[{"href":"https:\/\/gay-tantra-shop.com\/en\/wp-json\/wp\/v2\/types\/product"}],"replies":[{"embeddable":true,"href":"https:\/\/gay-tantra-shop.com\/en\/wp-json\/wp\/v2\/comments?post=289"}],"wp:featuredmedia":[{"embeddable":true,"href":"https:\/\/gay-tantra-shop.com\/en\/wp-json\/wp\/v2\/media\/5640"}],"wp:attachment":[{"href":"https:\/\/gay-tantra-shop.com\/en\/wp-json\/wp\/v2\/media?parent=289"}],"wp:term":[{"taxonomy":"product_brand","embeddable":true,"href":"https:\/\/gay-tantra-shop.com\/en\/wp-json\/wp\/v2\/product_brand?post=289"},{"taxonomy":"product_cat","embeddable":true,"href":"https:\/\/gay-tantra-shop.com\/en\/wp-json\/wp\/v2\/product_cat?post=289"},{"taxonomy":"product_tag","embeddable":true,"href":"https:\/\/gay-tantra-shop.com\/en\/wp-json\/wp\/v2\/product_tag?post=289"}],"curies":[{"name":"wp","href":"https:\/\/api.w.org\/{rel}","templated":true}]}}