{"id":290,"date":"2016-05-27T09:34:00","date_gmt":"2016-05-27T07:34:00","guid":{"rendered":"http:\/\/gay-tantra-shop.eu\/?post_type=product&#038;p=290"},"modified":"2024-04-11T16:31:17","modified_gmt":"2024-04-11T14:31:17","slug":"download-gay-kamasutra-armin-heining","status":"publish","type":"product","link":"https:\/\/gay-tantra-shop.com\/en\/produkt\/download-gay-kamasutra-armin-heining\/","title":{"rendered":"Download: Gay Kamasutra [Armin Heining]"},"content":{"rendered":"<p>Inspirierte Sexualit\u00e4t! Bring Deine sexuelle Liebe facettenreich zum Erbl\u00fchen!<\/p>\n","protected":false},"excerpt":{"rendered":"<div class=\"gProdDescription\"><strong>Armin Heining<\/strong><\/div>\n<div class=\"gCod\"><strong>Altersfreigabe<\/strong>: 18<\/div>\n<div class=\"gProdDescription\">Dieser Film erschlie\u00dft homosexuellen M\u00e4nnern die beeindruckende Vielfalt an Liebespositionen, die die &#039;Verse des Verlagens&#039; auch f\u00fcr Schwule bereithalten. Erweitere und bereichere Dein Sexleben!Gay Kamasutra richtet sich in gleicher Weise an Singles als auch an Paare. Autor: Armin Heining Sprache: Deutsch Spieldauer: 84 Minuten *FSK ab 18 Jahren. Altersnachweis durch ein amtliches Dokument erforderlich! per Fax an 0049 30 33023679 oder als Scan per Email<\/div>\n","protected":false},"featured_media":5638,"comment_status":"open","ping_status":"closed","template":"","meta":[],"product_brand":[],"product_cat":[19,20,35],"product_tag":[],"class_list":{"0":"post-290","1":"product","2":"type-product","3":"status-publish","4":"has-post-thumbnail","6":"product_cat-downloads","7":"product_cat-gay-tantra-filme-downloads","8":"product_cat-ratgeber-videos-gay-tantra-filme-downloads","10":"first","11":"instock","12":"downloadable","13":"virtual","14":"taxable","15":"purchasable","16":"product-type-simple"},"bundle_layout":"","bundled_by":[],"bundled_items":[],"aioseo_notices":[],"_links":{"self":[{"href":"https:\/\/gay-tantra-shop.com\/en\/wp-json\/wp\/v2\/product\/290","targetHints":{"allow":["GET"]}}],"collection":[{"href":"https:\/\/gay-tantra-shop.com\/en\/wp-json\/wp\/v2\/product"}],"about":[{"href":"https:\/\/gay-tantra-shop.com\/en\/wp-json\/wp\/v2\/types\/product"}],"replies":[{"embeddable":true,"href":"https:\/\/gay-tantra-shop.com\/en\/wp-json\/wp\/v2\/comments?post=290"}],"wp:featuredmedia":[{"embeddable":true,"href":"https:\/\/gay-tantra-shop.com\/en\/wp-json\/wp\/v2\/media\/5638"}],"wp:attachment":[{"href":"https:\/\/gay-tantra-shop.com\/en\/wp-json\/wp\/v2\/media?parent=290"}],"wp:term":[{"taxonomy":"product_brand","embeddable":true,"href":"https:\/\/gay-tantra-shop.com\/en\/wp-json\/wp\/v2\/product_brand?post=290"},{"taxonomy":"product_cat","embeddable":true,"href":"https:\/\/gay-tantra-shop.com\/en\/wp-json\/wp\/v2\/product_cat?post=290"},{"taxonomy":"product_tag","embeddable":true,"href":"https:\/\/gay-tantra-shop.com\/en\/wp-json\/wp\/v2\/product_tag?post=290"}],"curies":[{"name":"wp","href":"https:\/\/api.w.org\/{rel}","templated":true}]}}