{"id":298,"date":"2016-05-27T10:29:55","date_gmt":"2016-05-27T08:29:55","guid":{"rendered":"http:\/\/gay-tantra-shop.eu\/?post_type=product&#038;p=298"},"modified":"2024-04-11T16:27:02","modified_gmt":"2024-04-11T14:27:02","slug":"download-genital-massage-armin-heining","status":"publish","type":"product","link":"https:\/\/gay-tantra-shop.com\/en\/produkt\/download-genital-massage-armin-heining\/","title":{"rendered":"Download: Genital-Massage [Armin Heining]"},"content":{"rendered":"<p>Die GAY-TANTRA Genital-Massage ist ein respektvolle und achtsame Weise zu ber\u00fchren.<\/p>\n","protected":false},"excerpt":{"rendered":"<div class=\"gProdDescription\"><strong>Armin Heining<\/strong><\/div>\n<div class=\"gCod\"><strong>Altersfreigabe<\/strong>: 16<\/div>\n<div class=\"gCod\">Die GAY-TANTRA Genital-Massage ist ein respektvolle und achtsame Weise, M\u00e4nner in ihren intimsten Regionen zu ber\u00fchren. Sie \u00f6ffnet einen Raum, in dem sich bewegende Emotionen entfalten k\u00f6nnen: Wohlbefinden, Lust und Ekstase &#8211; die ganze Bandbreite eines lebendigen F\u00fchlens und Genie\u00dfens.<\/div>\n<div class=\"gProdDescription\">Die Striche der Genital-Massage werden einfach und verst\u00e4ndlich erkl\u00e4rt, so dass auch Einsteiger einen leichten Zugang dazu bekommen. Im Bonusteil erf\u00e4hrst Du mehr zu den Hintergr\u00fcnden dieser au\u00dfergew\u00f6hnlichen Massage und lernst den Begr\u00fcnder von GAY-TANTRA\u00ae, Armin Heining (seit 1992) n\u00e4her kennen. Autor: Armin Heining FSK: Freigegeben ab 16 Jahren Ver\u00f6ffentlicht: Juni 2010 Sprache: Deutsch Spieldauer: ca. 48 Minuten<\/div>\n","protected":false},"featured_media":5631,"comment_status":"open","ping_status":"closed","template":"","meta":[],"product_brand":[],"product_cat":[19,20,36],"product_tag":[],"class_list":{"0":"post-298","1":"product","2":"type-product","3":"status-publish","4":"has-post-thumbnail","6":"product_cat-downloads","7":"product_cat-gay-tantra-filme-downloads","8":"product_cat-massage-videos-gay-tantra-filme-downloads","10":"first","11":"instock","12":"downloadable","13":"virtual","14":"taxable","15":"purchasable","16":"product-type-simple"},"bundle_layout":"","bundled_by":[],"bundled_items":[],"aioseo_notices":[],"_links":{"self":[{"href":"https:\/\/gay-tantra-shop.com\/en\/wp-json\/wp\/v2\/product\/298","targetHints":{"allow":["GET"]}}],"collection":[{"href":"https:\/\/gay-tantra-shop.com\/en\/wp-json\/wp\/v2\/product"}],"about":[{"href":"https:\/\/gay-tantra-shop.com\/en\/wp-json\/wp\/v2\/types\/product"}],"replies":[{"embeddable":true,"href":"https:\/\/gay-tantra-shop.com\/en\/wp-json\/wp\/v2\/comments?post=298"}],"wp:featuredmedia":[{"embeddable":true,"href":"https:\/\/gay-tantra-shop.com\/en\/wp-json\/wp\/v2\/media\/5631"}],"wp:attachment":[{"href":"https:\/\/gay-tantra-shop.com\/en\/wp-json\/wp\/v2\/media?parent=298"}],"wp:term":[{"taxonomy":"product_brand","embeddable":true,"href":"https:\/\/gay-tantra-shop.com\/en\/wp-json\/wp\/v2\/product_brand?post=298"},{"taxonomy":"product_cat","embeddable":true,"href":"https:\/\/gay-tantra-shop.com\/en\/wp-json\/wp\/v2\/product_cat?post=298"},{"taxonomy":"product_tag","embeddable":true,"href":"https:\/\/gay-tantra-shop.com\/en\/wp-json\/wp\/v2\/product_tag?post=298"}],"curies":[{"name":"wp","href":"https:\/\/api.w.org\/{rel}","templated":true}]}}