{"id":299,"date":"2016-05-27T10:32:38","date_gmt":"2016-05-27T08:32:38","guid":{"rendered":"http:\/\/gay-tantra-shop.eu\/?post_type=product&#038;p=299"},"modified":"2024-04-11T16:26:11","modified_gmt":"2024-04-11T14:26:11","slug":"download-die-erotische-massage-fuer-ihn-armin-heining","status":"publish","type":"product","link":"https:\/\/gay-tantra-shop.com\/en\/produkt\/download-die-erotische-massage-fuer-ihn-armin-heining\/","title":{"rendered":"Download:  Die erotische Massage f\u00fcr Ihn [Armin Heining]"},"content":{"rendered":"<p>Die GAY-TANTRA-Massage ist eine wundersch\u00f6ne Auspr\u00e4gung von Tantra.<\/p>\n","protected":false},"excerpt":{"rendered":"<div class=\"gProdDescription\">\n<div class=\"gProdDescription\"><strong>Armin Heining<\/strong><\/div>\n<div class=\"gCod\"><strong>Altersfreigabe<\/strong>: 16<\/div>\n<div class=\"gProdDescription\">Tantra ist ein spiritueller Weg, der in die Verbindung mit der Essenz von Leben f\u00fchren will. Die \u00dcbungsweisen sind bereits jahrtausende alt und waren urspr\u00fcnglich frei von Dogmen und Moral. Gerade das gibt schwulen M\u00e4nnern heute Mut, sich dieser Disziplin zu \u00f6ffnen und f\u00fcr sich zu entdecken.<br \/>\n Die GAY-TANTRA-Massage ist eine wundersch\u00f6ne Auspr\u00e4gung von Tantra und perfekt angepasst an das wachsende Bed\u00fcrfnis von M\u00e4nnern nach Ber\u00fchrung, N\u00e4he und Kontakt.<br \/>\n Lerne Schritt f\u00fcr Schritt die einzelnen Massagetechniken und schenke damit Wohlbefinden und tiefgreifende Sinnlichkeit.<br \/>\n W\u00e4hrend des Films und im Bonusteil erf\u00e4hrst Du mehr \u00fcber die Hintergr\u00fcnde von GAY-TANTRA und und lernst den Begr\u00fcnder von GAY-TANTRA\u00ae, Armin Heining (seit 1992) n\u00e4her kennen.Autor: Armin Heining<br \/>\n FSK: Freigegeben ab 16 Jahren<br \/>\n Ver\u00f6ffentlicht: Juni 2010<br \/>\n Sprache: Deutsch<br \/>\n Spieldauer: ca. 85 Minuten<\/div>\n<\/div>\n","protected":false},"featured_media":5627,"comment_status":"open","ping_status":"closed","template":"","meta":[],"product_brand":[],"product_cat":[19,20,36],"product_tag":[],"class_list":{"0":"post-299","1":"product","2":"type-product","3":"status-publish","4":"has-post-thumbnail","6":"product_cat-downloads","7":"product_cat-gay-tantra-filme-downloads","8":"product_cat-massage-videos-gay-tantra-filme-downloads","10":"first","11":"instock","12":"downloadable","13":"virtual","14":"taxable","15":"purchasable","16":"product-type-simple"},"bundle_layout":"","bundled_by":[],"bundled_items":[],"aioseo_notices":[],"_links":{"self":[{"href":"https:\/\/gay-tantra-shop.com\/en\/wp-json\/wp\/v2\/product\/299","targetHints":{"allow":["GET"]}}],"collection":[{"href":"https:\/\/gay-tantra-shop.com\/en\/wp-json\/wp\/v2\/product"}],"about":[{"href":"https:\/\/gay-tantra-shop.com\/en\/wp-json\/wp\/v2\/types\/product"}],"replies":[{"embeddable":true,"href":"https:\/\/gay-tantra-shop.com\/en\/wp-json\/wp\/v2\/comments?post=299"}],"wp:featuredmedia":[{"embeddable":true,"href":"https:\/\/gay-tantra-shop.com\/en\/wp-json\/wp\/v2\/media\/5627"}],"wp:attachment":[{"href":"https:\/\/gay-tantra-shop.com\/en\/wp-json\/wp\/v2\/media?parent=299"}],"wp:term":[{"taxonomy":"product_brand","embeddable":true,"href":"https:\/\/gay-tantra-shop.com\/en\/wp-json\/wp\/v2\/product_brand?post=299"},{"taxonomy":"product_cat","embeddable":true,"href":"https:\/\/gay-tantra-shop.com\/en\/wp-json\/wp\/v2\/product_cat?post=299"},{"taxonomy":"product_tag","embeddable":true,"href":"https:\/\/gay-tantra-shop.com\/en\/wp-json\/wp\/v2\/product_tag?post=299"}],"curies":[{"name":"wp","href":"https:\/\/api.w.org\/{rel}","templated":true}]}}