{"id":62,"date":"2016-05-24T10:12:58","date_gmt":"2016-05-24T08:12:58","guid":{"rendered":"http:\/\/gay-tantra-shop.eu\/?post_type=product&#038;p=62"},"modified":"2023-12-19T11:10:10","modified_gmt":"2023-12-19T10:10:10","slug":"cd-the-kali-meditation-gawain","status":"publish","type":"product","link":"https:\/\/gay-tantra-shop.com\/en\/produkt\/cd-the-kali-meditation-gawain\/","title":{"rendered":"CD: The Kali Meditation [Gawain]"},"content":{"rendered":"<p>Diese au\u00dfergew\u00f6hnlich dynamische Meditation in vier Phasen ist der hinduistischen Gottheit Kali, der G\u00f6ttin der Zerst\u00f6rung gewidmet. Mit der von Gawain kreierten Kali\u2013Meditation haben wir die M\u00f6glichkeit, den dunklen Aspekt unseres Wesens<\/p>\n","protected":false},"excerpt":{"rendered":"<div class=\"gProdDescription\"><strong>Gawain<\/strong><\/div>\n<div class=\"gCod\"><strong>ISBN\/EAN<\/strong>: 0600525007029<\/div>\n<p>&nbsp;<\/p>\n<div class=\"gProdDescription\">Diese au\u00dfergew\u00f6hnlich dynamische Meditation in vier Phasen ist der hinduistischen Gottheit Kali, der G\u00f6ttin der Zerst\u00f6rung gewidmet. Mit der von Gawain kreierten Kali\u2013Meditation haben wir die M\u00f6glichkeit, den dunklen Aspekt unseres Wesens mit Bewusstheit auszudr\u00fccken und zu umarmen. So k\u00f6nnen wir aktiv unsere Schattenanteile zu uns zur\u00fcckholen und den Ausdruck von Destruktivit\u00e4t im Alltagsleben verringern.<\/div>\n","protected":false},"featured_media":63,"comment_status":"open","ping_status":"closed","template":"","meta":[],"product_brand":[],"product_cat":[16,6,14],"product_tag":[],"class_list":{"0":"post-62","1":"product","2":"type-product","3":"status-publish","4":"has-post-thumbnail","6":"product_cat-webshop","7":"product_cat-music","8":"product_cat-meditation-dynamisch","10":"first","11":"outofstock","12":"taxable","13":"shipping-taxable","14":"purchasable","15":"product-type-simple"},"bundle_layout":"","bundled_by":[],"bundled_items":[],"aioseo_notices":[],"_links":{"self":[{"href":"https:\/\/gay-tantra-shop.com\/en\/wp-json\/wp\/v2\/product\/62","targetHints":{"allow":["GET"]}}],"collection":[{"href":"https:\/\/gay-tantra-shop.com\/en\/wp-json\/wp\/v2\/product"}],"about":[{"href":"https:\/\/gay-tantra-shop.com\/en\/wp-json\/wp\/v2\/types\/product"}],"replies":[{"embeddable":true,"href":"https:\/\/gay-tantra-shop.com\/en\/wp-json\/wp\/v2\/comments?post=62"}],"wp:featuredmedia":[{"embeddable":true,"href":"https:\/\/gay-tantra-shop.com\/en\/wp-json\/wp\/v2\/media\/63"}],"wp:attachment":[{"href":"https:\/\/gay-tantra-shop.com\/en\/wp-json\/wp\/v2\/media?parent=62"}],"wp:term":[{"taxonomy":"product_brand","embeddable":true,"href":"https:\/\/gay-tantra-shop.com\/en\/wp-json\/wp\/v2\/product_brand?post=62"},{"taxonomy":"product_cat","embeddable":true,"href":"https:\/\/gay-tantra-shop.com\/en\/wp-json\/wp\/v2\/product_cat?post=62"},{"taxonomy":"product_tag","embeddable":true,"href":"https:\/\/gay-tantra-shop.com\/en\/wp-json\/wp\/v2\/product_tag?post=62"}],"curies":[{"name":"wp","href":"https:\/\/api.w.org\/{rel}","templated":true}]}}