{"id":667,"date":"2016-05-14T17:55:01","date_gmt":"2016-05-14T15:55:01","guid":{"rendered":"http:\/\/gay-tantra-shop.eu\/shop\/webshop\/music\/cd-qlb-dynamic-breath-meditation-richard-bock\/"},"modified":"2023-12-19T11:14:40","modified_gmt":"2023-12-19T10:14:40","slug":"cd-qlb-dynamic-breath-meditation-richard-bock","status":"publish","type":"product","link":"https:\/\/gay-tantra-shop.com\/en\/produkt\/cd-qlb-dynamic-breath-meditation-richard-bock\/","title":{"rendered":"CD: QLB &#8211; Dynamic Breath Meditation [Richard Bock]"},"content":{"rendered":"<p>QLB &#8211; Dynamic Breath Meditation<\/p>\n","protected":false},"excerpt":{"rendered":"<p>Richard Bock QLB &#8211; Dynamic Breath Meditation Vertieftes Atmen wird immer mehr als ein kraftvolles, transformatives Werkzeug erkannt. In dieser Live QLB Meditation wird der Atmen Prozess angeregt und unterst\u00fctzt durch gef\u00fchrte Affirmationen, herausfordernde Musik und schamanischen Kl\u00e4ngen. Genie\u00dfen Sie diese CD alleine oder schaffen Sie eine gemeinsames Erlebnis mit Ihren Freunden. Gef\u00fchrte Meditation in Englisch.<\/p>\n","protected":false},"featured_media":185,"comment_status":"open","ping_status":"closed","template":"","meta":[],"product_brand":[],"product_cat":[16,6,15],"product_tag":[],"class_list":{"0":"post-667","1":"product","2":"type-product","3":"status-publish","4":"has-post-thumbnail","6":"product_cat-webshop","7":"product_cat-music","8":"product_cat-meditation-gefuhrt","10":"first","11":"outofstock","12":"taxable","13":"shipping-taxable","14":"purchasable","15":"product-type-simple"},"bundle_layout":"","bundled_by":[],"bundled_items":[],"aioseo_notices":[],"_links":{"self":[{"href":"https:\/\/gay-tantra-shop.com\/en\/wp-json\/wp\/v2\/product\/667","targetHints":{"allow":["GET"]}}],"collection":[{"href":"https:\/\/gay-tantra-shop.com\/en\/wp-json\/wp\/v2\/product"}],"about":[{"href":"https:\/\/gay-tantra-shop.com\/en\/wp-json\/wp\/v2\/types\/product"}],"replies":[{"embeddable":true,"href":"https:\/\/gay-tantra-shop.com\/en\/wp-json\/wp\/v2\/comments?post=667"}],"wp:featuredmedia":[{"embeddable":true,"href":"https:\/\/gay-tantra-shop.com\/en\/wp-json\/wp\/v2\/media\/185"}],"wp:attachment":[{"href":"https:\/\/gay-tantra-shop.com\/en\/wp-json\/wp\/v2\/media?parent=667"}],"wp:term":[{"taxonomy":"product_brand","embeddable":true,"href":"https:\/\/gay-tantra-shop.com\/en\/wp-json\/wp\/v2\/product_brand?post=667"},{"taxonomy":"product_cat","embeddable":true,"href":"https:\/\/gay-tantra-shop.com\/en\/wp-json\/wp\/v2\/product_cat?post=667"},{"taxonomy":"product_tag","embeddable":true,"href":"https:\/\/gay-tantra-shop.com\/en\/wp-json\/wp\/v2\/product_tag?post=667"}],"curies":[{"name":"wp","href":"https:\/\/api.w.org\/{rel}","templated":true}]}}