{"id":753,"date":"2016-06-16T16:03:02","date_gmt":"2016-06-16T14:03:02","guid":{"rendered":"http:\/\/gay-tantra-shop.eu\/?post_type=product&#038;p=753"},"modified":"2022-02-24T13:59:15","modified_gmt":"2022-02-24T12:59:15","slug":"dvd-massages-erotiques-pour-lui-armin-heining","status":"publish","type":"product","link":"https:\/\/gay-tantra-shop.com\/en\/produkt\/dvd-massages-erotiques-pour-lui-armin-heining\/","title":{"rendered":"DVD: Massages \u00c9rotiques Pour Lui [Armin Heining]"},"content":{"rendered":"<p>Devenez ma\u00eetre dans l\u2019art de masser !<\/p>\n","protected":false},"excerpt":{"rendered":"<div class=\"gProdDescription\"><strong>Armin Heining<\/strong><\/div>\n<div class=\"gCod\"><strong>Age Rating<\/strong>: 16<\/div>\n<div class=\"gCod\">Gr\u00e2ce \u00e0 GAY-TANTRA, apprenez les meilleures techniques de massage pour donner un maximum de plaisir \u00e0 votre partenaire.<\/div>\n<div class=\"gProdDescription\">D\u00e9couvrez les bons gestes \u00e0 faire selon les diff\u00e9rentes zones du corps et devenez ma\u00eetre dans l\u2019art de masser ! \u00c9nergie sexuelle d\u00e9cupl\u00e9e &amp; sensualit\u00e9 garanties pour d\u00e9velopper votre libido. Author: Armin Heining Langues: Fran\u00e7ais, Anglais Audio: Fran\u00e7ais (Dolby Digital 2.0) Format d&#039;image: PAL Bonus: Bande-Annonce Genre: Erotique Dur\u00e9e : 85 minutes de plaisirs + 37 minutes de bonus<\/div>\n","protected":false},"featured_media":5666,"comment_status":"open","ping_status":"closed","template":"","meta":[],"product_brand":[],"product_cat":[16,8,7],"product_tag":[],"class_list":{"0":"post-753","1":"product","2":"type-product","3":"status-publish","4":"has-post-thumbnail","6":"product_cat-webshop","7":"product_cat-gay-tantra-filme","8":"product_cat-massage-videos","10":"first","11":"instock","12":"taxable","13":"shipping-taxable","14":"purchasable","15":"product-type-simple"},"bundle_layout":"","bundled_by":[],"bundled_items":[],"aioseo_notices":[],"_links":{"self":[{"href":"https:\/\/gay-tantra-shop.com\/en\/wp-json\/wp\/v2\/product\/753","targetHints":{"allow":["GET"]}}],"collection":[{"href":"https:\/\/gay-tantra-shop.com\/en\/wp-json\/wp\/v2\/product"}],"about":[{"href":"https:\/\/gay-tantra-shop.com\/en\/wp-json\/wp\/v2\/types\/product"}],"replies":[{"embeddable":true,"href":"https:\/\/gay-tantra-shop.com\/en\/wp-json\/wp\/v2\/comments?post=753"}],"wp:featuredmedia":[{"embeddable":true,"href":"https:\/\/gay-tantra-shop.com\/en\/wp-json\/wp\/v2\/media\/5666"}],"wp:attachment":[{"href":"https:\/\/gay-tantra-shop.com\/en\/wp-json\/wp\/v2\/media?parent=753"}],"wp:term":[{"taxonomy":"product_brand","embeddable":true,"href":"https:\/\/gay-tantra-shop.com\/en\/wp-json\/wp\/v2\/product_brand?post=753"},{"taxonomy":"product_cat","embeddable":true,"href":"https:\/\/gay-tantra-shop.com\/en\/wp-json\/wp\/v2\/product_cat?post=753"},{"taxonomy":"product_tag","embeddable":true,"href":"https:\/\/gay-tantra-shop.com\/en\/wp-json\/wp\/v2\/product_tag?post=753"}],"curies":[{"name":"wp","href":"https:\/\/api.w.org\/{rel}","templated":true}]}}