{"id":759,"date":"2016-06-16T16:41:38","date_gmt":"2016-06-16T14:41:38","guid":{"rendered":"http:\/\/gay-tantra-shop.eu\/shop\/downloads\/film-download-atteindre-lextase-sexuelle-armin-heining\/"},"modified":"2022-02-23T15:57:48","modified_gmt":"2022-02-23T14:57:48","slug":"film-download-atteindre-lextase-sexuelle-armin-heining","status":"publish","type":"product","link":"https:\/\/gay-tantra-shop.com\/en\/produkt\/film-download-atteindre-lextase-sexuelle-armin-heining\/","title":{"rendered":"T\u00e9l\u00e9charger: Atteindre L&#8217;extase Sexuelle [Armin Heining]"},"content":{"rendered":"<p><\/p>\n<p>Passez du plaisir basique \u00e0 l\u2019Extase!<br \/>\n L&#8217;epanouissement personnell par la sexualite!<\/p>\n<p><\/p>","protected":false},"excerpt":{"rendered":"<p><strong>Armin Heining<br \/>\n Age Rating: 18<\/strong><\/p>\n<p>Gr\u00e2ce \u00e0 GAY-TANTRA, apprenez les meilleures techniques de massage pour donner un maximum de plaisir \u00e0 votre partenaire.<\/p>\n<p>D\u00e9couvrez les bons gestes \u00e0 faire selon les diff\u00e9rentes zones du corps et devenez ma\u00eetre dans l\u2019art de masser !<\/p>\n<p>\u00c9nergie sexuelle d\u00e9cupl\u00e9e &amp; sensualit\u00e9 garanties pour d\u00e9velopper votre libido.<\/p>\n<p>Author: Armin Heining<br \/>\n Langues: Fran\u00e7ais<br \/>\n Audio: Fran\u00e7ais (Dolby Digital 2.0)<br \/>\n Genre: Erotique<br \/>\n Dur\u00e9e : 85 minutes de plaisirs<\/p>\n","protected":false},"featured_media":5664,"comment_status":"open","ping_status":"closed","template":"","meta":[],"product_brand":[],"product_cat":[19,20,24],"product_tag":[],"class_list":{"0":"post-759","1":"product","2":"type-product","3":"status-publish","4":"has-post-thumbnail","6":"product_cat-downloads","7":"product_cat-gay-tantra-filme-downloads","8":"product_cat-ekstase-videos-gay-tantra-filme-downloads","10":"first","11":"instock","12":"downloadable","13":"virtual","14":"taxable","15":"purchasable","16":"product-type-simple"},"bundle_layout":"","bundled_by":[],"bundled_items":[],"aioseo_notices":[],"_links":{"self":[{"href":"https:\/\/gay-tantra-shop.com\/en\/wp-json\/wp\/v2\/product\/759","targetHints":{"allow":["GET"]}}],"collection":[{"href":"https:\/\/gay-tantra-shop.com\/en\/wp-json\/wp\/v2\/product"}],"about":[{"href":"https:\/\/gay-tantra-shop.com\/en\/wp-json\/wp\/v2\/types\/product"}],"replies":[{"embeddable":true,"href":"https:\/\/gay-tantra-shop.com\/en\/wp-json\/wp\/v2\/comments?post=759"}],"wp:featuredmedia":[{"embeddable":true,"href":"https:\/\/gay-tantra-shop.com\/en\/wp-json\/wp\/v2\/media\/5664"}],"wp:attachment":[{"href":"https:\/\/gay-tantra-shop.com\/en\/wp-json\/wp\/v2\/media?parent=759"}],"wp:term":[{"taxonomy":"product_brand","embeddable":true,"href":"https:\/\/gay-tantra-shop.com\/en\/wp-json\/wp\/v2\/product_brand?post=759"},{"taxonomy":"product_cat","embeddable":true,"href":"https:\/\/gay-tantra-shop.com\/en\/wp-json\/wp\/v2\/product_cat?post=759"},{"taxonomy":"product_tag","embeddable":true,"href":"https:\/\/gay-tantra-shop.com\/en\/wp-json\/wp\/v2\/product_tag?post=759"}],"curies":[{"name":"wp","href":"https:\/\/api.w.org\/{rel}","templated":true}]}}