{"id":763,"date":"2016-06-16T16:52:05","date_gmt":"2016-06-16T14:52:05","guid":{"rendered":"http:\/\/gay-tantra-shop.eu\/?post_type=product&#038;p=763"},"modified":"2022-02-23T15:25:34","modified_gmt":"2022-02-23T14:25:34","slug":"film-download-massages-anal-prostate-armin-heining","status":"publish","type":"product","link":"https:\/\/gay-tantra-shop.com\/en\/produkt\/film-download-massages-anal-prostate-armin-heining\/","title":{"rendered":"T\u00e9l\u00e9charger: Massages Anal &#038; Prostate [Armin Heining]"},"content":{"rendered":"<p><\/p>\n<p>Mode d\u2019emploi pour atteindre l\u2019extase!<br \/>\n L&#8217;epanouissement personnell par la sexualite!<\/p>\n<p><\/p>","protected":false},"excerpt":{"rendered":"<p><strong>Armin Heining<br \/>\n Age Rating: 18<\/strong><\/p>\n<p>D\u00e9couvrez toutes Les techniques de massages, anal et de la prostate, pour des orgasmes multiples garantis !<\/p>\n<p>GAY-TANTRA vous guide, \u00e9tape par \u00e9tape, avec des explications simples et une mise en pratique des diff\u00e9rentes m\u00e9thodes.<\/p>\n<p>Apprenez \u00e0 varier les plaisirs et \u00e0 maximiser la sensibilit\u00e9 de ces zones d\u00e9licates, pour \u00e0 votre tour atteindre l\u2019extase ou procurer de la jouissance \u00e0 votre partenaire !<\/p>\n<p>Accessible m\u00eame aux d\u00e9butants !<\/p>\n<p>Langues: Fran\u00e7ais<br \/>\n Audio: Fran\u00e7ais (Dolby Digital 2.0)<br \/>\n Genre: Erotique<br \/>\n Dur\u00e9e : 50 minutes de plaisirs<\/p>\n","protected":false},"featured_media":5662,"comment_status":"open","ping_status":"closed","template":"","meta":[],"product_brand":[],"product_cat":[19,20,24],"product_tag":[],"class_list":{"0":"post-763","1":"product","2":"type-product","3":"status-publish","4":"has-post-thumbnail","6":"product_cat-downloads","7":"product_cat-gay-tantra-filme-downloads","8":"product_cat-ekstase-videos-gay-tantra-filme-downloads","10":"first","11":"instock","12":"downloadable","13":"virtual","14":"taxable","15":"purchasable","16":"product-type-simple"},"bundle_layout":"","bundled_by":[],"bundled_items":[],"aioseo_notices":[],"_links":{"self":[{"href":"https:\/\/gay-tantra-shop.com\/en\/wp-json\/wp\/v2\/product\/763","targetHints":{"allow":["GET"]}}],"collection":[{"href":"https:\/\/gay-tantra-shop.com\/en\/wp-json\/wp\/v2\/product"}],"about":[{"href":"https:\/\/gay-tantra-shop.com\/en\/wp-json\/wp\/v2\/types\/product"}],"replies":[{"embeddable":true,"href":"https:\/\/gay-tantra-shop.com\/en\/wp-json\/wp\/v2\/comments?post=763"}],"wp:featuredmedia":[{"embeddable":true,"href":"https:\/\/gay-tantra-shop.com\/en\/wp-json\/wp\/v2\/media\/5662"}],"wp:attachment":[{"href":"https:\/\/gay-tantra-shop.com\/en\/wp-json\/wp\/v2\/media?parent=763"}],"wp:term":[{"taxonomy":"product_brand","embeddable":true,"href":"https:\/\/gay-tantra-shop.com\/en\/wp-json\/wp\/v2\/product_brand?post=763"},{"taxonomy":"product_cat","embeddable":true,"href":"https:\/\/gay-tantra-shop.com\/en\/wp-json\/wp\/v2\/product_cat?post=763"},{"taxonomy":"product_tag","embeddable":true,"href":"https:\/\/gay-tantra-shop.com\/en\/wp-json\/wp\/v2\/product_tag?post=763"}],"curies":[{"name":"wp","href":"https:\/\/api.w.org\/{rel}","templated":true}]}}