{"id":773,"date":"2016-06-16T17:22:46","date_gmt":"2016-06-16T15:22:46","guid":{"rendered":"http:\/\/gay-tantra-shop.eu\/?post_type=product&#038;p=773"},"modified":"2022-02-23T16:41:20","modified_gmt":"2022-02-23T15:41:20","slug":"film-download-gay-kamsutra-en-francais-armin-heining","status":"publish","type":"product","link":"https:\/\/gay-tantra-shop.com\/en\/produkt\/film-download-gay-kamsutra-en-francais-armin-heining\/","title":{"rendered":"T\u00e9l\u00e9charger: Gay-Kamsutra [Armin Heining]"},"content":{"rendered":"<p>Tout un guide de plaisirs en Version Fran\u00e7aise !<\/p>\n","protected":false},"excerpt":{"rendered":"<p><strong>Armin Heining Age Rating: 18<\/strong> Sexy et informateur ! Accompagnez de s\u00e9duisants acteurs dans le monde \u00e9rotique du Kamasutra. Ce film pr\u00e9sente une diversit\u00e9 impressionnante de positions amoureuses pour les hommes homosexuels. Tout un guide de &#8220;nouveaux plaisirs&#8221; est mis \u00e0 votre disposition, d\u00e9veloppez et enrichissez votre vie sexuelle ! Le Gay Kamasutra peut \u00eatre utile et b\u00e9n\u00e9fique aux c\u00e9libataires, tout comme aux couples. Langues: Fran\u00e7ais Genre: Erotique Dur\u00e9e : 75 min<\/p>\n","protected":false},"featured_media":5657,"comment_status":"open","ping_status":"closed","template":"","meta":[],"product_brand":[],"product_cat":[19,20,35],"product_tag":[],"class_list":{"0":"post-773","1":"product","2":"type-product","3":"status-publish","4":"has-post-thumbnail","6":"product_cat-downloads","7":"product_cat-gay-tantra-filme-downloads","8":"product_cat-ratgeber-videos-gay-tantra-filme-downloads","10":"first","11":"instock","12":"downloadable","13":"virtual","14":"taxable","15":"purchasable","16":"product-type-simple"},"bundle_layout":"","bundled_by":[],"bundled_items":[],"aioseo_notices":[],"_links":{"self":[{"href":"https:\/\/gay-tantra-shop.com\/en\/wp-json\/wp\/v2\/product\/773","targetHints":{"allow":["GET"]}}],"collection":[{"href":"https:\/\/gay-tantra-shop.com\/en\/wp-json\/wp\/v2\/product"}],"about":[{"href":"https:\/\/gay-tantra-shop.com\/en\/wp-json\/wp\/v2\/types\/product"}],"replies":[{"embeddable":true,"href":"https:\/\/gay-tantra-shop.com\/en\/wp-json\/wp\/v2\/comments?post=773"}],"wp:featuredmedia":[{"embeddable":true,"href":"https:\/\/gay-tantra-shop.com\/en\/wp-json\/wp\/v2\/media\/5657"}],"wp:attachment":[{"href":"https:\/\/gay-tantra-shop.com\/en\/wp-json\/wp\/v2\/media?parent=773"}],"wp:term":[{"taxonomy":"product_brand","embeddable":true,"href":"https:\/\/gay-tantra-shop.com\/en\/wp-json\/wp\/v2\/product_brand?post=773"},{"taxonomy":"product_cat","embeddable":true,"href":"https:\/\/gay-tantra-shop.com\/en\/wp-json\/wp\/v2\/product_cat?post=773"},{"taxonomy":"product_tag","embeddable":true,"href":"https:\/\/gay-tantra-shop.com\/en\/wp-json\/wp\/v2\/product_tag?post=773"}],"curies":[{"name":"wp","href":"https:\/\/api.w.org\/{rel}","templated":true}]}}