{"id":781,"date":"2016-06-16T17:50:04","date_gmt":"2016-06-16T15:50:04","guid":{"rendered":"http:\/\/gay-tantra-shop.eu\/?post_type=product&#038;p=781"},"modified":"2022-02-24T14:02:05","modified_gmt":"2022-02-24T13:02:05","slug":"dvd-ultimate-gay-sex-armin-heining","status":"publish","type":"product","link":"https:\/\/gay-tantra-shop.com\/en\/produkt\/dvd-ultimate-gay-sex-armin-heining\/","title":{"rendered":"DVD: Ultimate Gay Sex [Armin Heining]"},"content":{"rendered":"<p><\/p>\n<p>Apprenez \u00e0 maitriser votre puissance sexuelle et \u00e0 d\u00e9cupler votre plaisir!<\/p>\n<p><\/p>","protected":false},"excerpt":{"rendered":"<div class=\"gProdDescription\"><strong>Armin Heining<\/strong><\/div>\n<div class=\"gCod\"><strong>Restrictions d&#039;\u00e2ge<\/strong>: 16<\/div>\n<p>Des pieds \u00e0 la t\u00eate, d\u00e9couvrez comment utiliser toutes les zones \u00e9rog\u00e9nes de votre corps (nombril, poitrine, plexus solaire, front, bouche&#8230;) dans la recherche du plaisir.<br \/>\n L&#039;art des pr\u00e9liminaires vous est \u00e9galement expliqu\u00e9: la touch\u00e9 sensuel, l&#039;utilisation de sex-toys, les caresses enivrantes aboutissant \u00e0 l&#039;union sexuelle des corps des deux amants.<\/p>\n<p>Dans la partie bonus, approfondissez vos connaissances sur la philosophie du Gay-Tantra, port\u00e9 par Armin Heining et d\u00e9couvrez l&#039;importance que prennent toutes les zones de votre corps et l&#039;\u00e9nergie sexuelle qu&#039;elles d\u00e9gagent.<\/p>\n<p>Sexy et informatif, apprenez \u00e0 ma\u00eetriser tous les plaisirs de votre corps pour une jouissance absolue.<\/p>\n<p>Langues: Fran\u00e7ais, Anglais<br \/>\n Audio: Fran\u00e7ais (Dolby Digital 2.0)<br \/>\n Format d&#039;image: PAL<br \/>\n Bonus: Le GAY-TANTRA par Armin Heining<br \/>\n Genre: Erotique<br \/>\n Dur\u00e9e : 65 minutes de plaisirs + 30 minutes de bonus<\/p>\n","protected":false},"featured_media":5652,"comment_status":"open","ping_status":"closed","template":"","meta":[],"product_brand":[],"product_cat":[16,8,9],"product_tag":[],"class_list":{"0":"post-781","1":"product","2":"type-product","3":"status-publish","4":"has-post-thumbnail","6":"product_cat-webshop","7":"product_cat-gay-tantra-filme","8":"product_cat-ekstase-videos","10":"first","11":"instock","12":"taxable","13":"shipping-taxable","14":"purchasable","15":"product-type-simple"},"bundle_layout":"","bundled_by":[],"bundled_items":[],"aioseo_notices":[],"_links":{"self":[{"href":"https:\/\/gay-tantra-shop.com\/en\/wp-json\/wp\/v2\/product\/781","targetHints":{"allow":["GET"]}}],"collection":[{"href":"https:\/\/gay-tantra-shop.com\/en\/wp-json\/wp\/v2\/product"}],"about":[{"href":"https:\/\/gay-tantra-shop.com\/en\/wp-json\/wp\/v2\/types\/product"}],"replies":[{"embeddable":true,"href":"https:\/\/gay-tantra-shop.com\/en\/wp-json\/wp\/v2\/comments?post=781"}],"wp:featuredmedia":[{"embeddable":true,"href":"https:\/\/gay-tantra-shop.com\/en\/wp-json\/wp\/v2\/media\/5652"}],"wp:attachment":[{"href":"https:\/\/gay-tantra-shop.com\/en\/wp-json\/wp\/v2\/media?parent=781"}],"wp:term":[{"taxonomy":"product_brand","embeddable":true,"href":"https:\/\/gay-tantra-shop.com\/en\/wp-json\/wp\/v2\/product_brand?post=781"},{"taxonomy":"product_cat","embeddable":true,"href":"https:\/\/gay-tantra-shop.com\/en\/wp-json\/wp\/v2\/product_cat?post=781"},{"taxonomy":"product_tag","embeddable":true,"href":"https:\/\/gay-tantra-shop.com\/en\/wp-json\/wp\/v2\/product_tag?post=781"}],"curies":[{"name":"wp","href":"https:\/\/api.w.org\/{rel}","templated":true}]}}