{"id":782,"date":"2016-06-16T17:49:38","date_gmt":"2016-06-16T15:49:38","guid":{"rendered":"http:\/\/gay-tantra-shop.eu\/?post_type=product&#038;p=782"},"modified":"2022-02-23T12:40:11","modified_gmt":"2022-02-23T11:40:11","slug":"film-download-ultimate-gay-sex-armin-heining","status":"publish","type":"product","link":"https:\/\/gay-tantra-shop.com\/en\/produkt\/film-download-ultimate-gay-sex-armin-heining\/","title":{"rendered":"T\u00e9l\u00e9charger: Ultimate Gay Sex [Armin Heining]"},"content":{"rendered":"<p>Apprenez \u00e0 maitriser votre puissance sexuelle et \u00e0 d\u00e9cupler votre plaisir!<\/p>\n","protected":false},"excerpt":{"rendered":"<div class=\"gProdDescription\"><strong>Armin Heining<\/strong><\/div>\n<div class=\"gCod\"><strong>Restriction d&#039;\u00e2ge<\/strong>: 16<\/div>\n<p>Des pieds \u00e0 la t\u00eate, d\u00e9couvrez comment utiliser toutes les zones \u00e9rog\u00e9nes de votre corps (nombril, poitrine, plexus solaire, front, bouche&#8230;) dans la recherche du plaisir. L&#039;art des pr\u00e9liminaires vous est \u00e9galement expliqu\u00e9: la touch\u00e9 sensuel, l&#039;utilisation de sex-toys, les caresses enivrantes aboutissant \u00e0 l&#039;union sexuelle des corps des deux amants. Sexy et informatif, apprenez \u00e0 ma\u00eetriser tous les plaisirs de votre corps pour une jouissance absolue. Langues: Fran\u00e7ais Audio: Fran\u00e7ais (Dolby Digital 2.0) Genre: Erotique Dur\u00e9e : 65 minutes de plaisirs<\/p>\n","protected":false},"featured_media":5652,"comment_status":"open","ping_status":"closed","template":"","meta":[],"product_brand":[],"product_cat":[19,20,24],"product_tag":[],"class_list":{"0":"post-782","1":"product","2":"type-product","3":"status-publish","4":"has-post-thumbnail","6":"product_cat-downloads","7":"product_cat-gay-tantra-filme-downloads","8":"product_cat-ekstase-videos-gay-tantra-filme-downloads","10":"first","11":"instock","12":"downloadable","13":"virtual","14":"taxable","15":"purchasable","16":"product-type-simple"},"bundle_layout":"","bundled_by":[],"bundled_items":[],"aioseo_notices":[],"_links":{"self":[{"href":"https:\/\/gay-tantra-shop.com\/en\/wp-json\/wp\/v2\/product\/782","targetHints":{"allow":["GET"]}}],"collection":[{"href":"https:\/\/gay-tantra-shop.com\/en\/wp-json\/wp\/v2\/product"}],"about":[{"href":"https:\/\/gay-tantra-shop.com\/en\/wp-json\/wp\/v2\/types\/product"}],"replies":[{"embeddable":true,"href":"https:\/\/gay-tantra-shop.com\/en\/wp-json\/wp\/v2\/comments?post=782"}],"wp:featuredmedia":[{"embeddable":true,"href":"https:\/\/gay-tantra-shop.com\/en\/wp-json\/wp\/v2\/media\/5652"}],"wp:attachment":[{"href":"https:\/\/gay-tantra-shop.com\/en\/wp-json\/wp\/v2\/media?parent=782"}],"wp:term":[{"taxonomy":"product_brand","embeddable":true,"href":"https:\/\/gay-tantra-shop.com\/en\/wp-json\/wp\/v2\/product_brand?post=782"},{"taxonomy":"product_cat","embeddable":true,"href":"https:\/\/gay-tantra-shop.com\/en\/wp-json\/wp\/v2\/product_cat?post=782"},{"taxonomy":"product_tag","embeddable":true,"href":"https:\/\/gay-tantra-shop.com\/en\/wp-json\/wp\/v2\/product_tag?post=782"}],"curies":[{"name":"wp","href":"https:\/\/api.w.org\/{rel}","templated":true}]}}