{"id":1184,"date":"2016-08-09T10:58:45","date_gmt":"2016-08-09T08:58:45","guid":{"rendered":"http:\/\/gay-tantra-shop.eu\/?page_id=1184"},"modified":"2023-08-01T15:15:42","modified_gmt":"2023-08-01T13:15:42","slug":"news","status":"publish","type":"page","link":"https:\/\/gay-tantra-shop.com\/fr\/news\/","title":{"rendered":"NOUVELLES"},"content":{"rendered":"<div class=\"wp-block-columns is-layout-flex wp-container-core-columns-is-layout-9d6595d7 wp-block-columns-is-layout-flex\">\n<div class=\"wp-block-column is-layout-flow wp-block-column-is-layout-flow\">\n<h2>Commence ton voyage avec GAY-TANTRA<sup>\u00ae<\/sup> et inscris-toi \u00e0 notre Newsletter captivant.<\/h2>\n<p>Tu auras ainsi acc\u00e8s \u00e0 des informations de premi\u00e8re mains sur\u00a0:<\/p>\n<ul>\n<li>tous les ateliers, s\u00e9minaires et formations \u00e0 veniry<\/li>\n<li>nouveaux films et offres de GAY-TANTRA<sup>\u00ae<\/sup><\/li>\n<li>\u00e9v\u00e9nements sp\u00e9ciaux et soir\u00e9e d\u2019information<\/li>\n<li>r\u00e9ductions sur des r\u00e9servations anticip\u00e9es et d\u2019autres r\u00e9ductions<\/li>\n<\/ul>\n<p>Nous nous r\u00e9jouissons d\u2019avance, d\u2019\u00eatre en contact avec toi.<\/p>\n<\/div>\n\n\n\n<div class=\"wp-block-column is-layout-flow wp-block-column-is-layout-flow\">\n<\/div>\n<\/div>","protected":false},"excerpt":{"rendered":"<p>Commence ton voyage avec GAY-TANTRA\u00ae et inscris-toi \u00e0 notre Newsletter captivant. Tu auras ainsi acc\u00e8s \u00e0 des informations de premi\u00e8re mains sur\u00a0: tous les ateliers, s\u00e9minaires et formations \u00e0 veniry nouveaux films et offres de GAY-TANTRA\u00ae \u00e9v\u00e9nements sp\u00e9ciaux et soir\u00e9e d\u2019information r\u00e9ductions sur des r\u00e9servations anticip\u00e9es et d\u2019autres r\u00e9ductions Nous nous r\u00e9jouissons d\u2019avance, d\u2019\u00eatre en [&hellip;]<\/p>\n","protected":false},"author":1,"featured_media":0,"parent":0,"menu_order":0,"comment_status":"closed","ping_status":"closed","template":"page-templates\/tpl-news.php","meta":{"footnotes":""},"class_list":["post-1184","page","type-page","status-publish","hentry"],"aioseo_notices":[],"_links":{"self":[{"href":"https:\/\/gay-tantra-shop.com\/fr\/wp-json\/wp\/v2\/pages\/1184","targetHints":{"allow":["GET"]}}],"collection":[{"href":"https:\/\/gay-tantra-shop.com\/fr\/wp-json\/wp\/v2\/pages"}],"about":[{"href":"https:\/\/gay-tantra-shop.com\/fr\/wp-json\/wp\/v2\/types\/page"}],"author":[{"embeddable":true,"href":"https:\/\/gay-tantra-shop.com\/fr\/wp-json\/wp\/v2\/users\/1"}],"replies":[{"embeddable":true,"href":"https:\/\/gay-tantra-shop.com\/fr\/wp-json\/wp\/v2\/comments?post=1184"}],"version-history":[{"count":30,"href":"https:\/\/gay-tantra-shop.com\/fr\/wp-json\/wp\/v2\/pages\/1184\/revisions"}],"predecessor-version":[{"id":6300,"href":"https:\/\/gay-tantra-shop.com\/fr\/wp-json\/wp\/v2\/pages\/1184\/revisions\/6300"}],"wp:attachment":[{"href":"https:\/\/gay-tantra-shop.com\/fr\/wp-json\/wp\/v2\/media?parent=1184"}],"curies":[{"name":"wp","href":"https:\/\/api.w.org\/{rel}","templated":true}]}}